{"id":1091,"date":"2024-09-19T16:17:06","date_gmt":"2024-09-19T16:17:06","guid":{"rendered":"https:\/\/oksa.co\/?page_id=1091"},"modified":"2024-09-19T16:38:41","modified_gmt":"2024-09-19T16:38:41","slug":"photovoltaique","status":"publish","type":"page","link":"https:\/\/oksa.co\/?page_id=1091","title":{"rendered":"Photovolta\u00efque"},"content":{"rendered":"\t\t<div data-elementor-type=\"wp-page\" data-elementor-id=\"1091\" class=\"elementor elementor-1091\" data-elementor-post-type=\"page\">\n\t\t\t\t<div class=\"elementor-element elementor-element-cfdbae4 e-con-full e-flex e-con e-parent\" data-id=\"cfdbae4\" data-element_type=\"container\">\n\t\t\t\t<div class=\"elementor-element elementor-element-addd6b6 elementor-widget elementor-widget-template\" data-id=\"addd6b6\" data-element_type=\"widget\" data-widget_type=\"template.default\">\n\t\t\t\t<div class=\"elementor-widget-container\">\n\t\t\t\t\t<div class=\"elementor-template\">\n\t\t\t\t\t<div data-elementor-type=\"page\" data-elementor-id=\"533\" class=\"elementor elementor-533\" data-elementor-post-type=\"elementor_library\">\n\t\t\t\t<div class=\"elementor-element elementor-element-5113573f e-flex e-con-boxed e-con e-parent\" data-id=\"5113573f\" data-element_type=\"container\" data-settings=\"{&quot;background_background&quot;:&quot;classic&quot;,&quot;shape_divider_bottom&quot;:&quot;curve&quot;,&quot;shape_divider_bottom_negative&quot;:&quot;yes&quot;}\">\n\t\t\t\t\t<div class=\"e-con-inner\">\n\t\t\t\t<div class=\"elementor-shape elementor-shape-bottom\" data-negative=\"true\">\n\t\t\t<svg xmlns=\"http:\/\/www.w3.org\/2000\/svg\" viewBox=\"0 0 1000 100\" preserveAspectRatio=\"none\">\n\t<path class=\"elementor-shape-fill\" d=\"M500,97C126.7,96.3,0.8,19.8,0,0v100l1000,0V1C1000,19.4,873.3,97.8,500,97z\"\/>\n<\/svg>\t\t<\/div>\n\t\t\t\t\t<\/div>\n\t\t\t\t<\/div>\n\t\t<div class=\"elementor-element elementor-element-20b81b80 e-flex e-con-boxed e-con e-parent\" data-id=\"20b81b80\" data-element_type=\"container\">\n\t\t\t\t\t<div class=\"e-con-inner\">\n\t\t\t\t<div class=\"elementor-element elementor-element-622aa014 elementor-widget elementor-widget-breadcrumbs\" data-id=\"622aa014\" data-element_type=\"widget\" data-widget_type=\"breadcrumbs.default\">\n\t\t\t\t<div class=\"elementor-widget-container\">\n\t\t\t<span id=\"breadcrumbs\"><span><span><a href=\"https:\/\/oksa.co\/\">Accueil<\/a><\/span><\/span><\/span>\t\t<\/div>\n\t\t\t\t<\/div>\n\t\t\t\t\t<\/div>\n\t\t\t\t<\/div>\n\t\t<div class=\"elementor-element elementor-element-53ffc72b e-flex e-con-boxed e-con e-parent\" data-id=\"53ffc72b\" data-element_type=\"container\">\n\t\t\t\t\t<div class=\"e-con-inner\">\n\t\t\t\t<div class=\"elementor-element elementor-element-31e561aa custom-h2 elementor-widget elementor-widget-heading\" data-id=\"31e561aa\" data-element_type=\"widget\" data-widget_type=\"heading.default\">\n\t\t\t\t<div class=\"elementor-widget-container\">\n\t\t\t<h1 class=\"elementor-heading-title elementor-size-default\">Photovolta\u00efque<\/h1>\t\t<\/div>\n\t\t\t\t<\/div>\n\t\t\t\t\t<\/div>\n\t\t\t\t<\/div>\n\t\t\t\t<\/div>\n\t\t\t\t<\/div>\n\t\t\t\t<\/div>\n\t\t\t\t<\/div>\n\t\t\t\t<\/div>\n\t\t<div class=\"elementor-element elementor-element-0bfc0c6 e-flex e-con-boxed e-con e-parent\" data-id=\"0bfc0c6\" data-element_type=\"container\">\n\t\t\t\t\t<div class=\"e-con-inner\">\n\t\t\t\t<div class=\"elementor-element elementor-element-0239569 energie elementor-widget elementor-widget-text-editor\" data-id=\"0239569\" data-element_type=\"widget\" data-widget_type=\"text-editor.default\">\n\t\t\t\t<div class=\"elementor-widget-container\">\n\t\t\t\t\t\t\t<h2><strong>Investissez dans l&rsquo;\u00c9nergie Solaire pour un Avenir Durable<\/strong><\/h2><p>Adopter l\u2019\u00e9nergie solaire est une solution strat\u00e9gique pour les entreprises cherchant \u00e0 r\u00e9duire leur empreinte carbone tout en r\u00e9alisant des \u00e9conomies substantielles. Gr\u00e2ce \u00e0 nos installations photovolta\u00efques, vous pourrez non seulement optimiser vos co\u00fbts \u00e9nerg\u00e9tiques, mais \u00e9galement renforcer votre image d&rsquo;entreprise responsable et engag\u00e9e dans le d\u00e9veloppement durable.<\/p><h2><strong>Pourquoi Choisir l&rsquo;\u00c9nergie Solaire ?<\/strong><\/h2><ul><li><strong>R\u00e9duisez Vos Co\u00fbts \u00c9nerg\u00e9tiques<br \/><\/strong>Installez des panneaux solaires sur vos b\u00e2timents pour produire votre propre \u00e9lectricit\u00e9. D\u00e8s la premi\u00e8re ann\u00e9e, vous pouvez r\u00e9duire vos factures d\u2019\u00e9nergie de plus de 21%, avec des \u00e9conomies annuelles significatives.<br \/><em>Exemple r\u00e9el : Dans l\u2019un de nos projets, l\u2019entreprise a \u00e9conomis\u00e9 plus de 936 000 MAD d\u00e8s la premi\u00e8re ann\u00e9e.<\/em><\/li><li><strong>Retour sur Investissement Attractif<br \/><\/strong>En moyenne, l\u2019investissement dans une installation photovolta\u00efque est rentabilis\u00e9 en moins de 5 ans. Avec une dur\u00e9e de vie de 25 ans, vous continuez \u00e0 b\u00e9n\u00e9ficier de la production d\u2019\u00e9lectricit\u00e9 gratuite pour les deux d\u00e9cennies suivantes.<\/li><li><strong>Am\u00e9liorez Votre R\u00e9putation<br \/><\/strong>En adoptant une solution d\u2019\u00e9nergie renouvelable, vous renforcez votre engagement environnemental. Vous attirerez une client\u00e8le de plus en plus consciente de l&rsquo;importance des entreprises respectueuses de l\u2019environnement.<\/li><\/ul><h3><strong>\u00c9tude de Cas : Installation Solaire sur Toiture<\/strong><\/h3><p>Nous avons men\u00e9 un projet d&rsquo;installation de panneaux solaires sur la toiture d\u2019un centre commercial. Voici les d\u00e9tails du projet pour illustrer ce que nous pouvons r\u00e9aliser pour votre entreprise.<\/p><ul><li><strong>Puissance Install\u00e9e<\/strong> : 413 kWc (900 panneaux solaires)<\/li><li><strong>Surface Couverte<\/strong> : 1 991 m\u00b2<\/li><li><strong>Production \u00c9nerg\u00e9tique Annuelle<\/strong> : 620 MWh, couvrant 25% des besoins \u00e9nerg\u00e9tiques du b\u00e2timent.<\/li><li><strong>\u00c9conomies R\u00e9alis\u00e9es<\/strong> : R\u00e9duction de 21,32% des factures d\u2019\u00e9nergie, \u00e9quivalent \u00e0 936 000 MAD\/an.<\/li><li><strong>Impact Environnemental<\/strong> : R\u00e9duction de 730 tonnes de CO2 par an.<\/li><\/ul><h2><strong>Avantages Financiers et \u00c9conomies sur le Long Terme<\/strong><\/h2><p>Investir dans l\u2019\u00e9nergie solaire, c\u2019est bien plus qu\u2019une simple r\u00e9duction de vos co\u00fbts \u00e9nerg\u00e9tiques. C&rsquo;est un levier pour la rentabilit\u00e9 \u00e0 long terme. Voici pourquoi :<\/p><ul><li><strong>CAPEX Initial (D\u00e9penses d\u2019Investissement)<\/strong> : 4 300 937 MAD<\/li><li><strong>OPEX (Co\u00fbts Op\u00e9rationnels Annuels)<\/strong> : 144 256 MAD<\/li><li><strong>Retour sur Investissement (ROI)<\/strong> : 4,5 ans seulement<\/li><li><strong>Dur\u00e9e de Vie<\/strong> : 25 ans, avec des \u00e9conomies durables tout au long de cette p\u00e9riode.<\/li><\/ul><p><strong>Graphique des Co\u00fbts et \u00c9conomies<\/strong> : Visualisez l\u2019amortissement de l\u2019investissement initial et les gains r\u00e9alis\u00e9s au fil des ann\u00e9es. Apr\u00e8s 4,5 ans, vous profiterez de b\u00e9n\u00e9fices nets gr\u00e2ce \u00e0 une \u00e9nergie gratuite.<\/p><p>\u00a0<\/p>\t\t\t\t\t\t<\/div>\n\t\t\t\t<\/div>\n\t\t<div class=\"elementor-element elementor-element-988ac70 e-con-full e-flex e-con e-child\" data-id=\"988ac70\" data-element_type=\"container\">\n\t\t\t\t<div class=\"elementor-element elementor-element-53a973f elementor-widget elementor-widget-image\" data-id=\"53a973f\" data-element_type=\"widget\" data-widget_type=\"image.default\">\n\t\t\t\t<div class=\"elementor-widget-container\">\n\t\t\t\t\t\t\t\t\t\t\t\t\t<img fetchpriority=\"high\" decoding=\"async\" width=\"412\" height=\"459\" src=\"https:\/\/oksa.co\/wp-content\/uploads\/2024\/09\/Graphique-Photovoltaique-1.png\" class=\"attachment-large size-large wp-image-1103\" alt=\"\" srcset=\"https:\/\/oksa.co\/wp-content\/uploads\/2024\/09\/Graphique-Photovoltaique-1.png 412w, https:\/\/oksa.co\/wp-content\/uploads\/2024\/09\/Graphique-Photovoltaique-1-269x300.png 269w\" sizes=\"(max-width: 412px) 100vw, 412px\" \/>\t\t\t\t\t\t\t\t\t\t\t\t\t<\/div>\n\t\t\t\t<\/div>\n\t\t\t\t<div class=\"elementor-element elementor-element-415ca0a elementor-widget elementor-widget-image\" data-id=\"415ca0a\" data-element_type=\"widget\" data-widget_type=\"image.default\">\n\t\t\t\t<div class=\"elementor-widget-container\">\n\t\t\t\t\t\t\t\t\t\t\t\t\t<img decoding=\"async\" width=\"312\" height=\"401\" src=\"https:\/\/oksa.co\/wp-content\/uploads\/2024\/09\/Graphique-Photovoltaique-2.png\" class=\"attachment-large size-large wp-image-1102\" alt=\"\" srcset=\"https:\/\/oksa.co\/wp-content\/uploads\/2024\/09\/Graphique-Photovoltaique-2.png 312w, https:\/\/oksa.co\/wp-content\/uploads\/2024\/09\/Graphique-Photovoltaique-2-233x300.png 233w\" sizes=\"(max-width: 312px) 100vw, 312px\" \/>\t\t\t\t\t\t\t\t\t\t\t\t\t<\/div>\n\t\t\t\t<\/div>\n\t\t\t\t<\/div>\n\t\t\t\t<div class=\"elementor-element elementor-element-123d0d0 energie elementor-widget elementor-widget-text-editor\" data-id=\"123d0d0\" data-element_type=\"widget\" data-widget_type=\"text-editor.default\">\n\t\t\t\t<div class=\"elementor-widget-container\">\n\t\t\t\t\t\t\t<h2><strong>Contribuez \u00e0 un Avenir Plus Vert<\/strong><\/h2><p>Chaque ann\u00e9e, nos projets photovolta\u00efques permettent \u00e0 nos clients de r\u00e9duire significativement leur empreinte carbone. Dans notre exemple d&rsquo;installation, plus de 730 tonnes de CO2 sont \u00e9pargn\u00e9es chaque ann\u00e9e. En investissant dans l\u2019\u00e9nergie solaire, vous participez activement \u00e0 la pr\u00e9servation de la plan\u00e8te.<\/p><h3><strong>Comment \u00c7a Fonctionne ?<\/strong><\/h3><p>Nos installations reposent sur un ensemble de parcs photovolta\u00efques regroupant des panneaux solaires, des onduleurs et des structures porteuses adapt\u00e9es \u00e0 votre toit. Nous vous accompagnons de l&rsquo;\u00e9tude technique jusqu&rsquo;\u00e0 la maintenance pour garantir une production d\u2019\u00e9nergie optimale.<\/p><h3><strong>Nos Solutions Sont Adapt\u00e9es \u00e0 Vos Besoins<\/strong><\/h3><p>Nous vous proposons des solutions cl\u00e9s en main, adapt\u00e9es \u00e0 la taille de votre entreprise et \u00e0 vos besoins \u00e9nerg\u00e9tiques. Que vous soyez une petite entreprise ou un grand groupe, nos experts vous accompagnent tout au long de votre transition \u00e9nerg\u00e9tique.<\/p><h2><strong>Un Accompagnement Complet, de l&rsquo;Installation au Financement<\/strong><\/h2><p>Nous savons que l\u2019investissement dans une installation photovolta\u00efque peut repr\u00e9senter un co\u00fbt initial important. C&rsquo;est pourquoi nous vous proposons un accompagnement personnalis\u00e9 dans la recherche de solutions de financement. Gr\u00e2ce \u00e0 nos partenariats avec des institutions bancaires et des organismes de financement, nous vous aidons \u00e0 constituer des dossiers solides pour obtenir les meilleures offres de cr\u00e9dit ou de subvention.<\/p><p>Ensemble, nous veillerons \u00e0 ce que votre projet soit non seulement rentable, mais \u00e9galement accessible, en vous guidant \u00e0 chaque \u00e9tape du processus de financement, afin de maximiser les b\u00e9n\u00e9fices de votre investissement solaire.<\/p><p><strong>Profitez de notre expertise pour simplifier vos d\u00e9marches financi\u00e8res et faire de votre transition \u00e9nerg\u00e9tique une r\u00e9ussite.<\/strong><\/p><h2>Contactez Nous<\/h2><p><strong>Pr\u00eat \u00e0 rejoindre la r\u00e9volution solaire ?<br \/><\/strong>Contactez nous d\u00e8s aujourd\u2019hui pour obtenir une consultation gratuite et d\u00e9couvrir comment nos solutions solaires peuvent transformer vos co\u00fbts \u00e9nerg\u00e9tiques et votre impact environnemental.<\/p><p><a href=\"https:\/\/oksa.co\/contact\/\" target=\"_blank\" rel=\"noopener\"><span style=\"font-weight: 400;\">Remplissez le formulaire en cliquant sur ce lien<\/span><\/a><\/p><p><strong>Rejoignez-nous dans la transition \u00e9nerg\u00e9tique pour un avenir plus durable et plus rentable !<\/strong><\/p>\t\t\t\t\t\t<\/div>\n\t\t\t\t<\/div>\n\t\t\t\t\t<\/div>\n\t\t\t\t<\/div>\n\t\t\t\t<\/div>\n\t\t","protected":false},"excerpt":{"rendered":"<p>Investissez dans l&rsquo;\u00c9nergie Solaire pour un Avenir Durable Adopter l\u2019\u00e9nergie solaire est une solution strat\u00e9gique pour les entreprises cherchant \u00e0 r\u00e9duire leur empreinte carbone tout en r\u00e9alisant des \u00e9conomies substantielles. Gr\u00e2ce \u00e0 nos installations photovolta\u00efques, vous pourrez non seulement optimiser vos co\u00fbts \u00e9nerg\u00e9tiques, mais \u00e9galement renforcer votre image d&rsquo;entreprise responsable et engag\u00e9e dans le d\u00e9veloppement [&hellip;]<\/p>\n","protected":false},"author":1,"featured_media":0,"parent":405,"menu_order":0,"comment_status":"closed","ping_status":"closed","template":"elementor_header_footer","meta":{"footnotes":""},"class_list":["post-1091","page","type-page","status-publish","hentry"],"yoast_head":"<!-- This site is optimized with the Yoast SEO plugin v23.6 - https:\/\/yoast.com\/wordpress\/plugins\/seo\/ -->\n<title>Photovolta\u00efque - Oksa<\/title>\n<meta name=\"robots\" content=\"index, follow, max-snippet:-1, max-image-preview:large, max-video-preview:-1\" \/>\n<link rel=\"canonical\" href=\"https:\/\/oksa.co\/?page_id=1091\" \/>\n<meta property=\"og:locale\" content=\"fr_FR\" \/>\n<meta property=\"og:type\" content=\"article\" \/>\n<meta property=\"og:title\" content=\"Photovolta\u00efque - Oksa\" \/>\n<meta property=\"og:description\" content=\"Investissez dans l&rsquo;\u00c9nergie Solaire pour un Avenir Durable Adopter l\u2019\u00e9nergie solaire est une solution strat\u00e9gique pour les entreprises cherchant \u00e0 r\u00e9duire leur empreinte carbone tout en r\u00e9alisant des \u00e9conomies substantielles. Gr\u00e2ce \u00e0 nos installations photovolta\u00efques, vous pourrez non seulement optimiser vos co\u00fbts \u00e9nerg\u00e9tiques, mais \u00e9galement renforcer votre image d&rsquo;entreprise responsable et engag\u00e9e dans le d\u00e9veloppement [&hellip;]\" \/>\n<meta property=\"og:url\" content=\"https:\/\/oksa.co\/?page_id=1091\" \/>\n<meta property=\"og:site_name\" content=\"Oksa\" \/>\n<meta property=\"article:modified_time\" content=\"2024-09-19T16:38:41+00:00\" \/>\n<meta property=\"og:image\" content=\"https:\/\/oksa.co\/wp-content\/uploads\/2024\/09\/Graphique-Photovoltaique-1.png\" \/>\n<meta name=\"twitter:card\" content=\"summary_large_image\" \/>\n<meta name=\"twitter:label1\" content=\"Dur\u00e9e de lecture estim\u00e9e\" \/>\n\t<meta name=\"twitter:data1\" content=\"4 minutes\" \/>\n<script type=\"application\/ld+json\" class=\"yoast-schema-graph\">{\"@context\":\"https:\/\/schema.org\",\"@graph\":[{\"@type\":\"WebPage\",\"@id\":\"https:\/\/oksa.co\/?page_id=1091\",\"url\":\"https:\/\/oksa.co\/?page_id=1091\",\"name\":\"Photovolta\u00efque - Oksa\",\"isPartOf\":{\"@id\":\"https:\/\/oksa.co\/#website\"},\"primaryImageOfPage\":{\"@id\":\"https:\/\/oksa.co\/?page_id=1091#primaryimage\"},\"image\":{\"@id\":\"https:\/\/oksa.co\/?page_id=1091#primaryimage\"},\"thumbnailUrl\":\"https:\/\/oksa.co\/wp-content\/uploads\/2024\/09\/Graphique-Photovoltaique-1.png\",\"datePublished\":\"2024-09-19T16:17:06+00:00\",\"dateModified\":\"2024-09-19T16:38:41+00:00\",\"breadcrumb\":{\"@id\":\"https:\/\/oksa.co\/?page_id=1091#breadcrumb\"},\"inLanguage\":\"fr-FR\",\"potentialAction\":[{\"@type\":\"ReadAction\",\"target\":[\"https:\/\/oksa.co\/?page_id=1091\"]}]},{\"@type\":\"ImageObject\",\"inLanguage\":\"fr-FR\",\"@id\":\"https:\/\/oksa.co\/?page_id=1091#primaryimage\",\"url\":\"https:\/\/oksa.co\/wp-content\/uploads\/2024\/09\/Graphique-Photovoltaique-1.png\",\"contentUrl\":\"https:\/\/oksa.co\/wp-content\/uploads\/2024\/09\/Graphique-Photovoltaique-1.png\",\"width\":412,\"height\":459},{\"@type\":\"BreadcrumbList\",\"@id\":\"https:\/\/oksa.co\/?page_id=1091#breadcrumb\",\"itemListElement\":[{\"@type\":\"ListItem\",\"position\":1,\"name\":\"Accueil\",\"item\":\"https:\/\/oksa.co\/\"},{\"@type\":\"ListItem\",\"position\":2,\"name\":\"\u00c9nergie\",\"item\":\"https:\/\/oksa.co\/?page_id=405\"},{\"@type\":\"ListItem\",\"position\":3,\"name\":\"Photovolta\u00efque\"}]},{\"@type\":\"WebSite\",\"@id\":\"https:\/\/oksa.co\/#website\",\"url\":\"https:\/\/oksa.co\/\",\"name\":\"Oksa Group\",\"description\":\"\",\"publisher\":{\"@id\":\"https:\/\/oksa.co\/#organization\"},\"potentialAction\":[{\"@type\":\"SearchAction\",\"target\":{\"@type\":\"EntryPoint\",\"urlTemplate\":\"https:\/\/oksa.co\/?s={search_term_string}\"},\"query-input\":{\"@type\":\"PropertyValueSpecification\",\"valueRequired\":true,\"valueName\":\"search_term_string\"}}],\"inLanguage\":\"fr-FR\"},{\"@type\":\"Organization\",\"@id\":\"https:\/\/oksa.co\/#organization\",\"name\":\"Oksa Group\",\"url\":\"https:\/\/oksa.co\/\",\"logo\":{\"@type\":\"ImageObject\",\"inLanguage\":\"fr-FR\",\"@id\":\"https:\/\/oksa.co\/#\/schema\/logo\/image\/\",\"url\":\"https:\/\/oksa.co\/wp-content\/uploads\/2024\/07\/logo-marron.webp\",\"contentUrl\":\"https:\/\/oksa.co\/wp-content\/uploads\/2024\/07\/logo-marron.webp\",\"width\":400,\"height\":155,\"caption\":\"Oksa Group\"},\"image\":{\"@id\":\"https:\/\/oksa.co\/#\/schema\/logo\/image\/\"}}]}<\/script>\n<!-- \/ Yoast SEO plugin. -->","yoast_head_json":{"title":"Photovolta\u00efque - Oksa","robots":{"index":"index","follow":"follow","max-snippet":"max-snippet:-1","max-image-preview":"max-image-preview:large","max-video-preview":"max-video-preview:-1"},"canonical":"https:\/\/oksa.co\/?page_id=1091","og_locale":"fr_FR","og_type":"article","og_title":"Photovolta\u00efque - Oksa","og_description":"Investissez dans l&rsquo;\u00c9nergie Solaire pour un Avenir Durable Adopter l\u2019\u00e9nergie solaire est une solution strat\u00e9gique pour les entreprises cherchant \u00e0 r\u00e9duire leur empreinte carbone tout en r\u00e9alisant des \u00e9conomies substantielles. Gr\u00e2ce \u00e0 nos installations photovolta\u00efques, vous pourrez non seulement optimiser vos co\u00fbts \u00e9nerg\u00e9tiques, mais \u00e9galement renforcer votre image d&rsquo;entreprise responsable et engag\u00e9e dans le d\u00e9veloppement [&hellip;]","og_url":"https:\/\/oksa.co\/?page_id=1091","og_site_name":"Oksa","article_modified_time":"2024-09-19T16:38:41+00:00","og_image":[{"url":"https:\/\/oksa.co\/wp-content\/uploads\/2024\/09\/Graphique-Photovoltaique-1.png"}],"twitter_card":"summary_large_image","twitter_misc":{"Dur\u00e9e de lecture estim\u00e9e":"4 minutes"},"schema":{"@context":"https:\/\/schema.org","@graph":[{"@type":"WebPage","@id":"https:\/\/oksa.co\/?page_id=1091","url":"https:\/\/oksa.co\/?page_id=1091","name":"Photovolta\u00efque - Oksa","isPartOf":{"@id":"https:\/\/oksa.co\/#website"},"primaryImageOfPage":{"@id":"https:\/\/oksa.co\/?page_id=1091#primaryimage"},"image":{"@id":"https:\/\/oksa.co\/?page_id=1091#primaryimage"},"thumbnailUrl":"https:\/\/oksa.co\/wp-content\/uploads\/2024\/09\/Graphique-Photovoltaique-1.png","datePublished":"2024-09-19T16:17:06+00:00","dateModified":"2024-09-19T16:38:41+00:00","breadcrumb":{"@id":"https:\/\/oksa.co\/?page_id=1091#breadcrumb"},"inLanguage":"fr-FR","potentialAction":[{"@type":"ReadAction","target":["https:\/\/oksa.co\/?page_id=1091"]}]},{"@type":"ImageObject","inLanguage":"fr-FR","@id":"https:\/\/oksa.co\/?page_id=1091#primaryimage","url":"https:\/\/oksa.co\/wp-content\/uploads\/2024\/09\/Graphique-Photovoltaique-1.png","contentUrl":"https:\/\/oksa.co\/wp-content\/uploads\/2024\/09\/Graphique-Photovoltaique-1.png","width":412,"height":459},{"@type":"BreadcrumbList","@id":"https:\/\/oksa.co\/?page_id=1091#breadcrumb","itemListElement":[{"@type":"ListItem","position":1,"name":"Accueil","item":"https:\/\/oksa.co\/"},{"@type":"ListItem","position":2,"name":"\u00c9nergie","item":"https:\/\/oksa.co\/?page_id=405"},{"@type":"ListItem","position":3,"name":"Photovolta\u00efque"}]},{"@type":"WebSite","@id":"https:\/\/oksa.co\/#website","url":"https:\/\/oksa.co\/","name":"Oksa Group","description":"","publisher":{"@id":"https:\/\/oksa.co\/#organization"},"potentialAction":[{"@type":"SearchAction","target":{"@type":"EntryPoint","urlTemplate":"https:\/\/oksa.co\/?s={search_term_string}"},"query-input":{"@type":"PropertyValueSpecification","valueRequired":true,"valueName":"search_term_string"}}],"inLanguage":"fr-FR"},{"@type":"Organization","@id":"https:\/\/oksa.co\/#organization","name":"Oksa Group","url":"https:\/\/oksa.co\/","logo":{"@type":"ImageObject","inLanguage":"fr-FR","@id":"https:\/\/oksa.co\/#\/schema\/logo\/image\/","url":"https:\/\/oksa.co\/wp-content\/uploads\/2024\/07\/logo-marron.webp","contentUrl":"https:\/\/oksa.co\/wp-content\/uploads\/2024\/07\/logo-marron.webp","width":400,"height":155,"caption":"Oksa Group"},"image":{"@id":"https:\/\/oksa.co\/#\/schema\/logo\/image\/"}}]}},"_links":{"self":[{"href":"https:\/\/oksa.co\/index.php?rest_route=\/wp\/v2\/pages\/1091","targetHints":{"allow":["GET"]}}],"collection":[{"href":"https:\/\/oksa.co\/index.php?rest_route=\/wp\/v2\/pages"}],"about":[{"href":"https:\/\/oksa.co\/index.php?rest_route=\/wp\/v2\/types\/page"}],"author":[{"embeddable":true,"href":"https:\/\/oksa.co\/index.php?rest_route=\/wp\/v2\/users\/1"}],"replies":[{"embeddable":true,"href":"https:\/\/oksa.co\/index.php?rest_route=%2Fwp%2Fv2%2Fcomments&post=1091"}],"version-history":[{"count":10,"href":"https:\/\/oksa.co\/index.php?rest_route=\/wp\/v2\/pages\/1091\/revisions"}],"predecessor-version":[{"id":1106,"href":"https:\/\/oksa.co\/index.php?rest_route=\/wp\/v2\/pages\/1091\/revisions\/1106"}],"up":[{"embeddable":true,"href":"https:\/\/oksa.co\/index.php?rest_route=\/wp\/v2\/pages\/405"}],"wp:attachment":[{"href":"https:\/\/oksa.co\/index.php?rest_route=%2Fwp%2Fv2%2Fmedia&parent=1091"}],"curies":[{"name":"wp","href":"https:\/\/api.w.org\/{rel}","templated":true}]}}