{"id":1164,"date":"2024-10-29T15:18:57","date_gmt":"2024-10-29T15:18:57","guid":{"rendered":"https:\/\/oksa.co\/?page_id=1164"},"modified":"2024-10-29T15:26:08","modified_gmt":"2024-10-29T15:26:08","slug":"generateurs-deau-athmospherique","status":"publish","type":"page","link":"https:\/\/oksa.co\/?page_id=1164","title":{"rendered":"G\u00e9n\u00e9rateurs d&rsquo;Eau Athmospherique"},"content":{"rendered":"\t\t<div data-elementor-type=\"wp-page\" data-elementor-id=\"1164\" class=\"elementor elementor-1164\" data-elementor-post-type=\"page\">\n\t\t\t\t<div class=\"elementor-element elementor-element-e12053c e-flex e-con-boxed e-con e-parent\" data-id=\"e12053c\" data-element_type=\"container\">\n\t\t\t\t\t<div class=\"e-con-inner\">\n\t\t\t\t\t<\/div>\n\t\t\t\t<\/div>\n\t\t<div class=\"elementor-element elementor-element-2fc8b4ac e-con-full e-flex e-con e-parent\" data-id=\"2fc8b4ac\" data-element_type=\"container\">\n\t\t\t\t<div class=\"elementor-element elementor-element-3fe35ef1 elementor-widget elementor-widget-template\" data-id=\"3fe35ef1\" data-element_type=\"widget\" data-widget_type=\"template.default\">\n\t\t\t\t<div class=\"elementor-widget-container\">\n\t\t\t\t\t<div class=\"elementor-template\">\n\t\t\t\t\t<div data-elementor-type=\"page\" data-elementor-id=\"692\" class=\"elementor elementor-692\" data-elementor-post-type=\"elementor_library\">\n\t\t\t\t<div class=\"elementor-element elementor-element-2e020e63 e-con-full e-flex e-con e-parent\" data-id=\"2e020e63\" data-element_type=\"container\" data-settings=\"{&quot;shape_divider_bottom&quot;:&quot;curve&quot;,&quot;shape_divider_bottom_negative&quot;:&quot;yes&quot;}\">\n\t\t\t\t<div class=\"elementor-shape elementor-shape-bottom\" data-negative=\"true\">\n\t\t\t<svg xmlns=\"http:\/\/www.w3.org\/2000\/svg\" viewBox=\"0 0 1000 100\" preserveAspectRatio=\"none\">\n\t<path class=\"elementor-shape-fill\" d=\"M500,97C126.7,96.3,0.8,19.8,0,0v100l1000,0V1C1000,19.4,873.3,97.8,500,97z\"\/>\n<\/svg>\t\t<\/div>\n\t\t<div class=\"elementor-element elementor-element-699b2a4f e-con-full e-flex e-con e-child\" data-id=\"699b2a4f\" data-element_type=\"container\" data-settings=\"{&quot;background_background&quot;:&quot;classic&quot;}\">\n\t\t\t\t<\/div>\n\t\t<div class=\"elementor-element elementor-element-6369e56f e-con-full elementor-hidden-mobile e-flex e-con e-child\" data-id=\"6369e56f\" data-element_type=\"container\" data-settings=\"{&quot;background_background&quot;:&quot;classic&quot;}\">\n\t\t\t\t<\/div>\n\t\t<div class=\"elementor-element elementor-element-1aaaa2c0 e-con-full elementor-hidden-mobile e-flex e-con e-child\" data-id=\"1aaaa2c0\" data-element_type=\"container\" data-settings=\"{&quot;background_background&quot;:&quot;classic&quot;}\">\n\t\t\t\t<\/div>\n\t\t\t\t<\/div>\n\t\t<div class=\"elementor-element elementor-element-61aa4d3e e-flex e-con-boxed e-con e-parent\" data-id=\"61aa4d3e\" data-element_type=\"container\">\n\t\t\t\t\t<div class=\"e-con-inner\">\n\t\t\t\t<div class=\"elementor-element elementor-element-5c521f4d elementor-widget elementor-widget-breadcrumbs\" data-id=\"5c521f4d\" data-element_type=\"widget\" data-widget_type=\"breadcrumbs.default\">\n\t\t\t\t<div class=\"elementor-widget-container\">\n\t\t\t<span id=\"breadcrumbs\"><span><span><a href=\"https:\/\/oksa.co\/\">Accueil<\/a><\/span><\/span><\/span>\t\t<\/div>\n\t\t\t\t<\/div>\n\t\t\t\t\t<\/div>\n\t\t\t\t<\/div>\n\t\t<div class=\"elementor-element elementor-element-58dd83a8 e-flex e-con-boxed e-con e-parent\" data-id=\"58dd83a8\" data-element_type=\"container\">\n\t\t\t\t\t<div class=\"e-con-inner\">\n\t\t\t\t<div class=\"elementor-element elementor-element-617d21c5 custom-h2 elementor-widget elementor-widget-heading\" data-id=\"617d21c5\" data-element_type=\"widget\" data-widget_type=\"heading.default\">\n\t\t\t\t<div class=\"elementor-widget-container\">\n\t\t\t<h1 class=\"elementor-heading-title elementor-size-default\">G\u00e9n\u00e9rateurs d&rsquo;Eau Athmospherique<\/h1>\t\t<\/div>\n\t\t\t\t<\/div>\n\t\t\t\t\t<\/div>\n\t\t\t\t<\/div>\n\t\t\t\t<\/div>\n\t\t\t\t<\/div>\n\t\t\t\t<\/div>\n\t\t\t\t<\/div>\n\t\t\t\t<\/div>\n\t\t<div class=\"elementor-element elementor-element-36553c06 e-flex e-con-boxed e-con e-parent\" data-id=\"36553c06\" data-element_type=\"container\">\n\t\t\t\t\t<div class=\"e-con-inner\">\n\t\t\t\t<div class=\"elementor-element elementor-element-83cdba2 custom-h2 elementor-widget elementor-widget-heading\" data-id=\"83cdba2\" data-element_type=\"widget\" data-widget_type=\"heading.default\">\n\t\t\t\t<div class=\"elementor-widget-container\">\n\t\t\t<h2 class=\"elementor-heading-title elementor-size-default\">La G\u00e9n\u00e9ration d\u2019Eau Atmosph\u00e9rique (AWG) reproduit le processus naturel de la pluie.\n\nElle condense l\u2019humidit\u00e9 de l\u2019air en utilisant la technologie de la r\u00e9frig\u00e9ration. Seuls l\u2019air et l\u2019\u00e9nergie sont n\u00e9cessaires.<\/h2>\t\t<\/div>\n\t\t\t\t<\/div>\n\t\t\t\t\t<\/div>\n\t\t\t\t<\/div>\n\t\t<div class=\"elementor-element elementor-element-75927146 e-flex e-con-boxed e-con e-parent\" data-id=\"75927146\" data-element_type=\"container\">\n\t\t\t\t\t<div class=\"e-con-inner\">\n\t\t\t\t<div class=\"elementor-element elementor-element-7312c31c green elementor-widget elementor-widget-text-editor\" data-id=\"7312c31c\" data-element_type=\"widget\" data-widget_type=\"text-editor.default\">\n\t\t\t\t<div class=\"elementor-widget-container\">\n\t\t\t\t\t\t\t<h3><strong><span style=\"text-align: var(--text-align);\">AMANEO<\/span><\/strong><\/h3><h3><span style=\"text-align: var(--text-align); color: #636466; font-family: Poppins, sans-serif; font-size: 16px;\">AMANEO est une marque de la soci\u00e9t\u00e9\u00a0<\/span><span style=\"text-align: var(--text-align); font-weight: bolder; color: #636466; font-family: Poppins, sans-serif; font-size: 16px;\">OKSA GREENTECH<\/span><span style=\"text-align: var(--text-align); color: #636466; font-family: Poppins, sans-serif; font-size: 16px;\">, reconnue pour son professionnalisme, sa haute qualit\u00e9 et son rendement exceptionnel dans le domaine des g\u00e9n\u00e9rateurs atmosph\u00e9riques d\u2019eau. Gr\u00e2ce \u00e0 plus de\u00a0<\/span><span style=\"text-align: var(--text-align); font-weight: bolder; color: #636466; font-family: Poppins, sans-serif; font-size: 16px;\">150 ann\u00e9es-ing\u00e9nieurs<\/span><span style=\"text-align: var(--text-align); color: #636466; font-family: Poppins, sans-serif; font-size: 16px;\">\u00a0d\u00e9di\u00e9es au d\u00e9veloppement de technologies avanc\u00e9es dans les domaines du transfert de chaleur, du traitement de l\u2019eau et du contr\u00f4le, AMANEO propose des solutions fiables et efficaces pour l\u2019approvisionnement en eau potable. Ces innovations ont permis \u00e0 AMANEO de devenir l\u2019option privil\u00e9gi\u00e9e pour r\u00e9pondre aux besoins en eau potable, tout en garantissant des performances optimale.<\/span><\/h3>\t\t\t\t\t\t<\/div>\n\t\t\t\t<\/div>\n\t\t\t\t\t<\/div>\n\t\t\t\t<\/div>\n\t\t<div class=\"elementor-element elementor-element-0e33004 e-flex e-con-boxed e-con e-parent\" data-id=\"0e33004\" data-element_type=\"container\">\n\t\t\t\t\t<div class=\"e-con-inner\">\n\t\t\t\t<div class=\"elementor-element elementor-element-ef27d50 elementor-align-center elementor-widget elementor-widget-button\" data-id=\"ef27d50\" data-element_type=\"widget\" data-widget_type=\"button.default\">\n\t\t\t\t<div class=\"elementor-widget-container\">\n\t\t\t\t\t<div class=\"elementor-button-wrapper\">\n\t\t\t<a class=\"elementor-button elementor-button-link elementor-size-sm\" href=\"https:\/\/amaneo.net\/\">\n\t\t\t\t\t\t<span class=\"elementor-button-content-wrapper\">\n\t\t\t\t\t\t\t\t\t<span class=\"elementor-button-text\">Visitez Notre Site AMANEO <\/span>\n\t\t\t\t\t<\/span>\n\t\t\t\t\t<\/a>\n\t\t<\/div>\n\t\t\t\t<\/div>\n\t\t\t\t<\/div>\n\t\t\t\t\t<\/div>\n\t\t\t\t<\/div>\n\t\t<div class=\"elementor-element elementor-element-2485325 e-flex e-con-boxed e-con e-parent\" data-id=\"2485325\" data-element_type=\"container\">\n\t\t\t\t\t<div class=\"e-con-inner\">\n\t\t\t\t<div class=\"elementor-element elementor-element-caf6299 elementor-widget elementor-widget-image\" data-id=\"caf6299\" data-element_type=\"widget\" data-widget_type=\"image.default\">\n\t\t\t\t<div class=\"elementor-widget-container\">\n\t\t\t\t\t\t\t\t\t\t\t\t\t<img fetchpriority=\"high\" decoding=\"async\" width=\"800\" height=\"302\" src=\"https:\/\/oksa.co\/wp-content\/uploads\/2024\/10\/Capture-1024x387.png\" class=\"attachment-large size-large wp-image-1167\" alt=\"\" srcset=\"https:\/\/oksa.co\/wp-content\/uploads\/2024\/10\/Capture-1024x387.png 1024w, https:\/\/oksa.co\/wp-content\/uploads\/2024\/10\/Capture-300x113.png 300w, https:\/\/oksa.co\/wp-content\/uploads\/2024\/10\/Capture-768x290.png 768w, https:\/\/oksa.co\/wp-content\/uploads\/2024\/10\/Capture.png 1238w\" sizes=\"(max-width: 800px) 100vw, 800px\" \/>\t\t\t\t\t\t\t\t\t\t\t\t\t<\/div>\n\t\t\t\t<\/div>\n\t\t\t\t\t<\/div>\n\t\t\t\t<\/div>\n\t\t<div class=\"elementor-element elementor-element-379f486 e-flex e-con-boxed e-con e-parent\" data-id=\"379f486\" data-element_type=\"container\">\n\t\t\t\t\t<div class=\"e-con-inner\">\n\t\t\t\t<div class=\"elementor-element elementor-element-3c729ebc green elementor-widget elementor-widget-text-editor\" data-id=\"3c729ebc\" data-element_type=\"widget\" data-widget_type=\"text-editor.default\">\n\t\t\t\t<div class=\"elementor-widget-container\">\n\t\t\t\t\t\t\t<h3 class=\"elementor-heading-title elementor-size-default\"><strong>Des co\u00fbts optimis\u00e9s gr\u00e2ce \u00e0 AMANEO:<\/strong><\/h3><p>\u00a0<\/p><ul><li>Un simple passage aux syst\u00e8mes d\u2019eau d\u2019AMENEO signifie que vous pouvez instantan\u00e9ment r\u00e9duire vos co\u00fbts et supprimer compl\u00e8tement le besoin de stocker, r\u00e9frig\u00e9rer, recycler, et \u00e9liminer les bouteilles en plastique; sans compter la consommation \u00e9nerg\u00e9tique extr\u00eamement r\u00e9duite moyennant un cout de production de 0,35 Dirham le litre.<\/li><\/ul><p>\u00a0<\/p><h3 class=\"elementor-heading-title elementor-size-default\"><strong>Une Eau pure et d\u00e9licieuse.<\/strong><\/h3><p>\u00a0<\/p><ul><li>AMANEO vous propose une eau extr\u00eamement pure et d\u2019une qualit\u00e9 sup\u00e9rieure. Les Machines AMANEO ont \u00e9t\u00e9 tester sous toutes les conditions climatiques, et ils n\u2019ont pas manqu\u00e9 de fournir une qualit\u00e9 d\u2019eau constante gr\u00e2ce \u00e0 son processus de traitement \u00e0 5 \u00e9tapes. Les machines AMANEO sont d\u00e9tentrices de plusieurs prix internationaux; ils sont approuv\u00e9s par le seau d\u2019excellence de l\u2019Union Europ\u00e9enne, ainsi que par les services sanitaires du minist\u00e8re de la sant\u00e9 du Maroc.<\/li><\/ul>\t\t\t\t\t\t<\/div>\n\t\t\t\t<\/div>\n\t\t\t\t\t<\/div>\n\t\t\t\t<\/div>\n\t\t<div class=\"elementor-element elementor-element-25ccdf3 e-flex e-con-boxed e-con e-parent\" data-id=\"25ccdf3\" data-element_type=\"container\">\n\t\t\t\t\t<div class=\"e-con-inner\">\n\t\t\t\t<div class=\"elementor-element elementor-element-ab150b3 elementor-align-center elementor-widget elementor-widget-button\" data-id=\"ab150b3\" data-element_type=\"widget\" data-widget_type=\"button.default\">\n\t\t\t\t<div class=\"elementor-widget-container\">\n\t\t\t\t\t<div class=\"elementor-button-wrapper\">\n\t\t\t<a class=\"elementor-button elementor-button-link elementor-size-sm\" href=\"https:\/\/amaneo.net\/\">\n\t\t\t\t\t\t<span class=\"elementor-button-content-wrapper\">\n\t\t\t\t\t\t\t\t\t<span class=\"elementor-button-text\">Visitez Notre Site AMANEO <\/span>\n\t\t\t\t\t<\/span>\n\t\t\t\t\t<\/a>\n\t\t<\/div>\n\t\t\t\t<\/div>\n\t\t\t\t<\/div>\n\t\t\t\t\t<\/div>\n\t\t\t\t<\/div>\n\t\t<div class=\"elementor-element elementor-element-8d286d5 e-flex e-con-boxed e-con e-parent\" data-id=\"8d286d5\" data-element_type=\"container\">\n\t\t\t\t\t<div class=\"e-con-inner\">\n\t\t\t\t<div class=\"elementor-element elementor-element-c80c7ba elementor-widget elementor-widget-image\" data-id=\"c80c7ba\" data-element_type=\"widget\" data-widget_type=\"image.default\">\n\t\t\t\t<div class=\"elementor-widget-container\">\n\t\t\t\t\t\t\t\t\t\t\t\t\t<img decoding=\"async\" width=\"800\" height=\"402\" src=\"https:\/\/oksa.co\/wp-content\/uploads\/2024\/10\/Capture2.png\" class=\"attachment-large size-large wp-image-1168\" alt=\"\" srcset=\"https:\/\/oksa.co\/wp-content\/uploads\/2024\/10\/Capture2.png 968w, https:\/\/oksa.co\/wp-content\/uploads\/2024\/10\/Capture2-300x151.png 300w, https:\/\/oksa.co\/wp-content\/uploads\/2024\/10\/Capture2-768x386.png 768w\" sizes=\"(max-width: 800px) 100vw, 800px\" \/>\t\t\t\t\t\t\t\t\t\t\t\t\t<\/div>\n\t\t\t\t<\/div>\n\t\t\t\t\t<\/div>\n\t\t\t\t<\/div>\n\t\t\t\t<\/div>\n\t\t","protected":false},"excerpt":{"rendered":"<p>La G\u00e9n\u00e9ration d\u2019Eau Atmosph\u00e9rique (AWG) reproduit le processus naturel de la pluie. Elle condense l\u2019humidit\u00e9 de l\u2019air en utilisant la technologie de la r\u00e9frig\u00e9ration. Seuls l\u2019air et l\u2019\u00e9nergie sont n\u00e9cessaires. AMANEO AMANEO est une marque de la soci\u00e9t\u00e9\u00a0OKSA GREENTECH, reconnue pour son professionnalisme, sa haute qualit\u00e9 et son rendement exceptionnel dans le domaine des g\u00e9n\u00e9rateurs [&hellip;]<\/p>\n","protected":false},"author":3,"featured_media":0,"parent":409,"menu_order":0,"comment_status":"closed","ping_status":"closed","template":"elementor_header_footer","meta":{"footnotes":""},"class_list":["post-1164","page","type-page","status-publish","hentry"],"yoast_head":"<!-- This site is optimized with the Yoast SEO plugin v23.6 - https:\/\/yoast.com\/wordpress\/plugins\/seo\/ -->\n<title>G\u00e9n\u00e9rateurs d&#039;Eau Athmospherique - Oksa<\/title>\n<meta name=\"robots\" content=\"index, follow, max-snippet:-1, max-image-preview:large, max-video-preview:-1\" \/>\n<link rel=\"canonical\" href=\"https:\/\/oksa.co\/?page_id=1164\" \/>\n<meta property=\"og:locale\" content=\"fr_FR\" \/>\n<meta property=\"og:type\" content=\"article\" \/>\n<meta property=\"og:title\" content=\"G\u00e9n\u00e9rateurs d&#039;Eau Athmospherique - Oksa\" \/>\n<meta property=\"og:description\" content=\"La G\u00e9n\u00e9ration d\u2019Eau Atmosph\u00e9rique (AWG) reproduit le processus naturel de la pluie. Elle condense l\u2019humidit\u00e9 de l\u2019air en utilisant la technologie de la r\u00e9frig\u00e9ration. Seuls l\u2019air et l\u2019\u00e9nergie sont n\u00e9cessaires. AMANEO AMANEO est une marque de la soci\u00e9t\u00e9\u00a0OKSA GREENTECH, reconnue pour son professionnalisme, sa haute qualit\u00e9 et son rendement exceptionnel dans le domaine des g\u00e9n\u00e9rateurs [&hellip;]\" \/>\n<meta property=\"og:url\" content=\"https:\/\/oksa.co\/?page_id=1164\" \/>\n<meta property=\"og:site_name\" content=\"Oksa\" \/>\n<meta property=\"article:modified_time\" content=\"2024-10-29T15:26:08+00:00\" \/>\n<meta property=\"og:image\" content=\"https:\/\/oksa.co\/wp-content\/uploads\/2024\/10\/Capture-1024x387.png\" \/>\n<meta name=\"twitter:card\" content=\"summary_large_image\" \/>\n<meta name=\"twitter:label1\" content=\"Dur\u00e9e de lecture estim\u00e9e\" \/>\n\t<meta name=\"twitter:data1\" content=\"2 minutes\" \/>\n<script type=\"application\/ld+json\" class=\"yoast-schema-graph\">{\"@context\":\"https:\/\/schema.org\",\"@graph\":[{\"@type\":\"WebPage\",\"@id\":\"https:\/\/oksa.co\/?page_id=1164\",\"url\":\"https:\/\/oksa.co\/?page_id=1164\",\"name\":\"G\u00e9n\u00e9rateurs d'Eau Athmospherique - Oksa\",\"isPartOf\":{\"@id\":\"https:\/\/oksa.co\/#website\"},\"primaryImageOfPage\":{\"@id\":\"https:\/\/oksa.co\/?page_id=1164#primaryimage\"},\"image\":{\"@id\":\"https:\/\/oksa.co\/?page_id=1164#primaryimage\"},\"thumbnailUrl\":\"https:\/\/oksa.co\/wp-content\/uploads\/2024\/10\/Capture-1024x387.png\",\"datePublished\":\"2024-10-29T15:18:57+00:00\",\"dateModified\":\"2024-10-29T15:26:08+00:00\",\"breadcrumb\":{\"@id\":\"https:\/\/oksa.co\/?page_id=1164#breadcrumb\"},\"inLanguage\":\"fr-FR\",\"potentialAction\":[{\"@type\":\"ReadAction\",\"target\":[\"https:\/\/oksa.co\/?page_id=1164\"]}]},{\"@type\":\"ImageObject\",\"inLanguage\":\"fr-FR\",\"@id\":\"https:\/\/oksa.co\/?page_id=1164#primaryimage\",\"url\":\"https:\/\/oksa.co\/wp-content\/uploads\/2024\/10\/Capture.png\",\"contentUrl\":\"https:\/\/oksa.co\/wp-content\/uploads\/2024\/10\/Capture.png\",\"width\":1238,\"height\":468},{\"@type\":\"BreadcrumbList\",\"@id\":\"https:\/\/oksa.co\/?page_id=1164#breadcrumb\",\"itemListElement\":[{\"@type\":\"ListItem\",\"position\":1,\"name\":\"Accueil\",\"item\":\"https:\/\/oksa.co\/\"},{\"@type\":\"ListItem\",\"position\":2,\"name\":\"Green Tech\",\"item\":\"https:\/\/oksa.co\/?page_id=409\"},{\"@type\":\"ListItem\",\"position\":3,\"name\":\"G\u00e9n\u00e9rateurs d&rsquo;Eau Athmospherique\"}]},{\"@type\":\"WebSite\",\"@id\":\"https:\/\/oksa.co\/#website\",\"url\":\"https:\/\/oksa.co\/\",\"name\":\"Oksa Group\",\"description\":\"\",\"publisher\":{\"@id\":\"https:\/\/oksa.co\/#organization\"},\"potentialAction\":[{\"@type\":\"SearchAction\",\"target\":{\"@type\":\"EntryPoint\",\"urlTemplate\":\"https:\/\/oksa.co\/?s={search_term_string}\"},\"query-input\":{\"@type\":\"PropertyValueSpecification\",\"valueRequired\":true,\"valueName\":\"search_term_string\"}}],\"inLanguage\":\"fr-FR\"},{\"@type\":\"Organization\",\"@id\":\"https:\/\/oksa.co\/#organization\",\"name\":\"Oksa Group\",\"url\":\"https:\/\/oksa.co\/\",\"logo\":{\"@type\":\"ImageObject\",\"inLanguage\":\"fr-FR\",\"@id\":\"https:\/\/oksa.co\/#\/schema\/logo\/image\/\",\"url\":\"https:\/\/oksa.co\/wp-content\/uploads\/2024\/07\/logo-marron.webp\",\"contentUrl\":\"https:\/\/oksa.co\/wp-content\/uploads\/2024\/07\/logo-marron.webp\",\"width\":400,\"height\":155,\"caption\":\"Oksa Group\"},\"image\":{\"@id\":\"https:\/\/oksa.co\/#\/schema\/logo\/image\/\"}}]}<\/script>\n<!-- \/ Yoast SEO plugin. -->","yoast_head_json":{"title":"G\u00e9n\u00e9rateurs d'Eau Athmospherique - Oksa","robots":{"index":"index","follow":"follow","max-snippet":"max-snippet:-1","max-image-preview":"max-image-preview:large","max-video-preview":"max-video-preview:-1"},"canonical":"https:\/\/oksa.co\/?page_id=1164","og_locale":"fr_FR","og_type":"article","og_title":"G\u00e9n\u00e9rateurs d'Eau Athmospherique - Oksa","og_description":"La G\u00e9n\u00e9ration d\u2019Eau Atmosph\u00e9rique (AWG) reproduit le processus naturel de la pluie. Elle condense l\u2019humidit\u00e9 de l\u2019air en utilisant la technologie de la r\u00e9frig\u00e9ration. Seuls l\u2019air et l\u2019\u00e9nergie sont n\u00e9cessaires. AMANEO AMANEO est une marque de la soci\u00e9t\u00e9\u00a0OKSA GREENTECH, reconnue pour son professionnalisme, sa haute qualit\u00e9 et son rendement exceptionnel dans le domaine des g\u00e9n\u00e9rateurs [&hellip;]","og_url":"https:\/\/oksa.co\/?page_id=1164","og_site_name":"Oksa","article_modified_time":"2024-10-29T15:26:08+00:00","og_image":[{"url":"https:\/\/oksa.co\/wp-content\/uploads\/2024\/10\/Capture-1024x387.png"}],"twitter_card":"summary_large_image","twitter_misc":{"Dur\u00e9e de lecture estim\u00e9e":"2 minutes"},"schema":{"@context":"https:\/\/schema.org","@graph":[{"@type":"WebPage","@id":"https:\/\/oksa.co\/?page_id=1164","url":"https:\/\/oksa.co\/?page_id=1164","name":"G\u00e9n\u00e9rateurs d'Eau Athmospherique - Oksa","isPartOf":{"@id":"https:\/\/oksa.co\/#website"},"primaryImageOfPage":{"@id":"https:\/\/oksa.co\/?page_id=1164#primaryimage"},"image":{"@id":"https:\/\/oksa.co\/?page_id=1164#primaryimage"},"thumbnailUrl":"https:\/\/oksa.co\/wp-content\/uploads\/2024\/10\/Capture-1024x387.png","datePublished":"2024-10-29T15:18:57+00:00","dateModified":"2024-10-29T15:26:08+00:00","breadcrumb":{"@id":"https:\/\/oksa.co\/?page_id=1164#breadcrumb"},"inLanguage":"fr-FR","potentialAction":[{"@type":"ReadAction","target":["https:\/\/oksa.co\/?page_id=1164"]}]},{"@type":"ImageObject","inLanguage":"fr-FR","@id":"https:\/\/oksa.co\/?page_id=1164#primaryimage","url":"https:\/\/oksa.co\/wp-content\/uploads\/2024\/10\/Capture.png","contentUrl":"https:\/\/oksa.co\/wp-content\/uploads\/2024\/10\/Capture.png","width":1238,"height":468},{"@type":"BreadcrumbList","@id":"https:\/\/oksa.co\/?page_id=1164#breadcrumb","itemListElement":[{"@type":"ListItem","position":1,"name":"Accueil","item":"https:\/\/oksa.co\/"},{"@type":"ListItem","position":2,"name":"Green Tech","item":"https:\/\/oksa.co\/?page_id=409"},{"@type":"ListItem","position":3,"name":"G\u00e9n\u00e9rateurs d&rsquo;Eau Athmospherique"}]},{"@type":"WebSite","@id":"https:\/\/oksa.co\/#website","url":"https:\/\/oksa.co\/","name":"Oksa Group","description":"","publisher":{"@id":"https:\/\/oksa.co\/#organization"},"potentialAction":[{"@type":"SearchAction","target":{"@type":"EntryPoint","urlTemplate":"https:\/\/oksa.co\/?s={search_term_string}"},"query-input":{"@type":"PropertyValueSpecification","valueRequired":true,"valueName":"search_term_string"}}],"inLanguage":"fr-FR"},{"@type":"Organization","@id":"https:\/\/oksa.co\/#organization","name":"Oksa Group","url":"https:\/\/oksa.co\/","logo":{"@type":"ImageObject","inLanguage":"fr-FR","@id":"https:\/\/oksa.co\/#\/schema\/logo\/image\/","url":"https:\/\/oksa.co\/wp-content\/uploads\/2024\/07\/logo-marron.webp","contentUrl":"https:\/\/oksa.co\/wp-content\/uploads\/2024\/07\/logo-marron.webp","width":400,"height":155,"caption":"Oksa Group"},"image":{"@id":"https:\/\/oksa.co\/#\/schema\/logo\/image\/"}}]}},"_links":{"self":[{"href":"https:\/\/oksa.co\/index.php?rest_route=\/wp\/v2\/pages\/1164","targetHints":{"allow":["GET"]}}],"collection":[{"href":"https:\/\/oksa.co\/index.php?rest_route=\/wp\/v2\/pages"}],"about":[{"href":"https:\/\/oksa.co\/index.php?rest_route=\/wp\/v2\/types\/page"}],"author":[{"embeddable":true,"href":"https:\/\/oksa.co\/index.php?rest_route=\/wp\/v2\/users\/3"}],"replies":[{"embeddable":true,"href":"https:\/\/oksa.co\/index.php?rest_route=%2Fwp%2Fv2%2Fcomments&post=1164"}],"version-history":[{"count":10,"href":"https:\/\/oksa.co\/index.php?rest_route=\/wp\/v2\/pages\/1164\/revisions"}],"predecessor-version":[{"id":1177,"href":"https:\/\/oksa.co\/index.php?rest_route=\/wp\/v2\/pages\/1164\/revisions\/1177"}],"up":[{"embeddable":true,"href":"https:\/\/oksa.co\/index.php?rest_route=\/wp\/v2\/pages\/409"}],"wp:attachment":[{"href":"https:\/\/oksa.co\/index.php?rest_route=%2Fwp%2Fv2%2Fmedia&parent=1164"}],"curies":[{"name":"wp","href":"https:\/\/api.w.org\/{rel}","templated":true}]}}