{"id":389,"date":"2024-08-19T13:57:13","date_gmt":"2024-08-19T13:57:13","guid":{"rendered":"https:\/\/oksa.cogitoweb.net\/?page_id=389"},"modified":"2024-08-25T09:54:14","modified_gmt":"2024-08-25T09:54:14","slug":"etalonnage","status":"publish","type":"page","link":"https:\/\/oksa.co\/?page_id=389","title":{"rendered":"\u00c9talonnage des compteurs d\u2019\u00e9nergie \u00e9lectrique"},"content":{"rendered":"\t\t<div data-elementor-type=\"wp-page\" data-elementor-id=\"389\" class=\"elementor elementor-389\" data-elementor-post-type=\"page\">\n\t\t\t\t<div class=\"elementor-element elementor-element-022d505 e-con-full e-flex e-con e-parent\" data-id=\"022d505\" data-element_type=\"container\">\n\t\t\t\t<div class=\"elementor-element elementor-element-c850c48 elementor-widget elementor-widget-template\" data-id=\"c850c48\" data-element_type=\"widget\" data-widget_type=\"template.default\">\n\t\t\t\t<div class=\"elementor-widget-container\">\n\t\t\t\t\t<div class=\"elementor-template\">\n\t\t\t\t\t<div data-elementor-type=\"page\" data-elementor-id=\"533\" class=\"elementor elementor-533\" data-elementor-post-type=\"elementor_library\">\n\t\t\t\t<div class=\"elementor-element elementor-element-5113573f e-flex e-con-boxed e-con e-parent\" data-id=\"5113573f\" data-element_type=\"container\" data-settings=\"{&quot;background_background&quot;:&quot;classic&quot;,&quot;shape_divider_bottom&quot;:&quot;curve&quot;,&quot;shape_divider_bottom_negative&quot;:&quot;yes&quot;}\">\n\t\t\t\t\t<div class=\"e-con-inner\">\n\t\t\t\t<div class=\"elementor-shape elementor-shape-bottom\" data-negative=\"true\">\n\t\t\t<svg xmlns=\"http:\/\/www.w3.org\/2000\/svg\" viewBox=\"0 0 1000 100\" preserveAspectRatio=\"none\">\n\t<path class=\"elementor-shape-fill\" d=\"M500,97C126.7,96.3,0.8,19.8,0,0v100l1000,0V1C1000,19.4,873.3,97.8,500,97z\"\/>\n<\/svg>\t\t<\/div>\n\t\t\t\t\t<\/div>\n\t\t\t\t<\/div>\n\t\t<div class=\"elementor-element elementor-element-20b81b80 e-flex e-con-boxed e-con e-parent\" data-id=\"20b81b80\" data-element_type=\"container\">\n\t\t\t\t\t<div class=\"e-con-inner\">\n\t\t\t\t<div class=\"elementor-element elementor-element-622aa014 elementor-widget elementor-widget-breadcrumbs\" data-id=\"622aa014\" data-element_type=\"widget\" data-widget_type=\"breadcrumbs.default\">\n\t\t\t\t<div class=\"elementor-widget-container\">\n\t\t\t<span id=\"breadcrumbs\"><span><span><a href=\"https:\/\/oksa.co\/\">Accueil<\/a><\/span><\/span><\/span>\t\t<\/div>\n\t\t\t\t<\/div>\n\t\t\t\t\t<\/div>\n\t\t\t\t<\/div>\n\t\t<div class=\"elementor-element elementor-element-53ffc72b e-flex e-con-boxed e-con e-parent\" data-id=\"53ffc72b\" data-element_type=\"container\">\n\t\t\t\t\t<div class=\"e-con-inner\">\n\t\t\t\t<div class=\"elementor-element elementor-element-31e561aa custom-h2 elementor-widget elementor-widget-heading\" data-id=\"31e561aa\" data-element_type=\"widget\" data-widget_type=\"heading.default\">\n\t\t\t\t<div class=\"elementor-widget-container\">\n\t\t\t<h1 class=\"elementor-heading-title elementor-size-default\">\u00c9talonnage des compteurs d\u2019\u00e9nergie \u00e9lectrique<\/h1>\t\t<\/div>\n\t\t\t\t<\/div>\n\t\t\t\t\t<\/div>\n\t\t\t\t<\/div>\n\t\t\t\t<\/div>\n\t\t\t\t<\/div>\n\t\t\t\t<\/div>\n\t\t\t\t<\/div>\n\t\t\t\t<\/div>\n\t\t<div class=\"elementor-element elementor-element-e4e2988 e-flex e-con-boxed e-con e-parent\" data-id=\"e4e2988\" data-element_type=\"container\">\n\t\t\t\t\t<div class=\"e-con-inner\">\n\t\t\t\t<div class=\"elementor-element elementor-element-aa5e302 energie elementor-widget elementor-widget-text-editor\" data-id=\"aa5e302\" data-element_type=\"widget\" data-widget_type=\"text-editor.default\">\n\t\t\t\t<div class=\"elementor-widget-container\">\n\t\t\t\t\t\t\t<section class=\"av_textblock_section \"><div class=\"avia_textblock \"><p>Il s\u2019agit d\u2019un ensemble de mesures permettant de d\u00e9finir l\u2019erreur d\u2019un compteur d\u2019\u00e9nergie \u00e9lectrique\u00a0\u00e0 une charge donn\u00e9e. Il assure aux distributeurs d\u2019\u00e9lectricit\u00e9, un \u00e9talonnage fiable de leurs compteurs selon la r\u00e8glementation locale en vigueur \u00e0 savoir l\u2019arr\u00eat\u00e9 n\u00b0 3595-12 ainsi que la norme 06.4.001.<\/p><h2>Notre centre de m\u00e9trologie s\u2019assure de la fiabilit\u00e9 des compteurs<\/h2><p>Intervenant depuis 1999 sur les parcs de compteurs d\u2019abonn\u00e9s aux c\u00f4t\u00e9s de l\u2019ensemble des distributeurs\u00a0d\u2019\u00e9nergie, OKSA a d\u00e9velopp\u00e9 une s\u00e9rie d\u2019actions techniques et des m\u00e9thodologies parfaitement ma\u00eetris\u00e9es permettant de d\u00e9finir avec une grande pr\u00e9cision le niveau de fiabilit\u00e9 des compteurs d\u2019\u00e9nergie \u00e9lectrique moyenne et basse tension. OKSA contribue ainsi \u00e0 s\u00e9curiser pour l\u2019abonn\u00e9 la mesure de ses consommations r\u00e9elles mais \u00e9galement \u00e0 l\u2019am\u00e9lioration du rendement r\u00e9seau du distributeur.<\/p><h2>\u00c9talonnage des compteurs d\u2019\u00e9nergie \u00e9lectrique<\/h2><p>OKSA dispose d\u2018un Laboratoire de M\u00e9trologie dot\u00e9 des \u00e9talons d\u2019\u00e9nergie les plus performants et couvre les besoins de v\u00e9rification m\u00e9trologique et d\u2019\u00e9talonnage de tous les appareils existants.<\/p><p>Notre cha\u00eene permet la r\u00e9alisation des \u00e9talonnages r\u00e9glementaires selon les prescriptions de nos clients, ainsi que leur exploitation et leur suivi sur des gestionnaires de bases de donn\u00e9es informatiques.<\/p><p>OKSA b\u00e9n\u00e9ficie de l\u2019exp\u00e9rience d\u2019un partenaire servant Electricit\u00e9 de France (EDF) depuis plus de cinquante ann\u00e9es : \u00e0 ce titre, elle propose une s\u00e9rie de prestations de m\u00e9trologie ax\u00e9es sur la maintenance pr\u00e9ventive et corrective des appareils de comptage \u00e9lectrom\u00e9caniques et \u00e9lectroniques, tant domestiques (BT) qu\u2019industriels (MT).<\/p><\/div><\/section><div class=\"avia-image-container av-styling- avia-builder-el-6 el_after_av_textblock el_before_av_textblock avia-align-center \"><div class=\"avia-image-container-inner\"><div class=\"avia-image-overlay-wrap\"><img fetchpriority=\"high\" decoding=\"async\" class=\"avia_image entered lazyloaded aligncenter\" title=\"etalonage-2\" src=\"https:\/\/oksa.co\/wp-content\/uploads\/2022\/09\/etalonage-2.jpg\" alt=\"\" width=\"960\" height=\"284\" data-lazy-src=\"https:\/\/oksa.co\/wp-content\/uploads\/2022\/09\/etalonage-2.jpg\" data-ll-status=\"loaded\" \/><\/div><\/div><\/div><section class=\"av_textblock_section \"><div class=\"avia_textblock \"><div class=\"body_width site_middle_content\"><section class=\"main_content\"><div class=\"container single_blog blog_posts new_section\"><div class=\"row-fluid\"><div class=\"span12\"><article id=\"post-23883\" class=\"blog_post row-fluid post-23883 page type-page status-publish hentry\"><div class=\"blog_description\"><blockquote><p>Notre \u00e9quipe d\u2019Oksa lors des diff\u00e9rentes op\u00e9rations pour la d\u00e9tection d\u2019anomalies et de fraudes d\u2019\u00e9lectricit\u00e9<\/p><\/blockquote><\/div><\/article><\/div><\/div><\/div><\/section><\/div><\/div><\/section>\t\t\t\t\t\t<\/div>\n\t\t\t\t<\/div>\n\t\t\t\t\t<\/div>\n\t\t\t\t<\/div>\n\t\t\t\t<\/div>\n\t\t","protected":false},"excerpt":{"rendered":"<p>Il s\u2019agit d\u2019un ensemble de mesures permettant de d\u00e9finir l\u2019erreur d\u2019un compteur d\u2019\u00e9nergie \u00e9lectrique\u00a0\u00e0 une charge donn\u00e9e. Il assure aux distributeurs d\u2019\u00e9lectricit\u00e9, un \u00e9talonnage fiable de leurs compteurs selon la r\u00e8glementation locale en vigueur \u00e0 savoir l\u2019arr\u00eat\u00e9 n\u00b0 3595-12 ainsi que la norme 06.4.001. Notre centre de m\u00e9trologie s\u2019assure de la fiabilit\u00e9 des compteurs Intervenant [&hellip;]<\/p>\n","protected":false},"author":1,"featured_media":0,"parent":405,"menu_order":0,"comment_status":"closed","ping_status":"closed","template":"elementor_header_footer","meta":{"footnotes":""},"class_list":["post-389","page","type-page","status-publish","hentry"],"yoast_head":"<!-- This site is optimized with the Yoast SEO plugin v23.6 - https:\/\/yoast.com\/wordpress\/plugins\/seo\/ -->\n<title>\u00c9talonnage des compteurs d\u2019\u00e9nergie \u00e9lectrique - Oksa<\/title>\n<meta name=\"robots\" content=\"index, follow, max-snippet:-1, max-image-preview:large, max-video-preview:-1\" \/>\n<link rel=\"canonical\" href=\"https:\/\/oksa.co\/?page_id=389\" \/>\n<meta property=\"og:locale\" content=\"fr_FR\" \/>\n<meta property=\"og:type\" content=\"article\" \/>\n<meta property=\"og:title\" content=\"\u00c9talonnage des compteurs d\u2019\u00e9nergie \u00e9lectrique - Oksa\" \/>\n<meta property=\"og:description\" content=\"Il s\u2019agit d\u2019un ensemble de mesures permettant de d\u00e9finir l\u2019erreur d\u2019un compteur d\u2019\u00e9nergie \u00e9lectrique\u00a0\u00e0 une charge donn\u00e9e. Il assure aux distributeurs d\u2019\u00e9lectricit\u00e9, un \u00e9talonnage fiable de leurs compteurs selon la r\u00e8glementation locale en vigueur \u00e0 savoir l\u2019arr\u00eat\u00e9 n\u00b0 3595-12 ainsi que la norme 06.4.001. Notre centre de m\u00e9trologie s\u2019assure de la fiabilit\u00e9 des compteurs Intervenant [&hellip;]\" \/>\n<meta property=\"og:url\" content=\"https:\/\/oksa.co\/?page_id=389\" \/>\n<meta property=\"og:site_name\" content=\"Oksa\" \/>\n<meta property=\"article:modified_time\" content=\"2024-08-25T09:54:14+00:00\" \/>\n<meta property=\"og:image\" content=\"https:\/\/oksa.co\/wp-content\/uploads\/2022\/09\/etalonage-2.jpg\" \/>\n<meta name=\"twitter:card\" content=\"summary_large_image\" \/>\n<meta name=\"twitter:label1\" content=\"Dur\u00e9e de lecture estim\u00e9e\" \/>\n\t<meta name=\"twitter:data1\" content=\"2 minutes\" \/>\n<script type=\"application\/ld+json\" class=\"yoast-schema-graph\">{\"@context\":\"https:\/\/schema.org\",\"@graph\":[{\"@type\":\"WebPage\",\"@id\":\"https:\/\/oksa.co\/?page_id=389\",\"url\":\"https:\/\/oksa.co\/?page_id=389\",\"name\":\"\u00c9talonnage des compteurs d\u2019\u00e9nergie \u00e9lectrique - Oksa\",\"isPartOf\":{\"@id\":\"https:\/\/oksa.co\/#website\"},\"primaryImageOfPage\":{\"@id\":\"https:\/\/oksa.co\/?page_id=389#primaryimage\"},\"image\":{\"@id\":\"https:\/\/oksa.co\/?page_id=389#primaryimage\"},\"thumbnailUrl\":\"https:\/\/oksa.co\/wp-content\/uploads\/2022\/09\/etalonage-2.jpg\",\"datePublished\":\"2024-08-19T13:57:13+00:00\",\"dateModified\":\"2024-08-25T09:54:14+00:00\",\"breadcrumb\":{\"@id\":\"https:\/\/oksa.co\/?page_id=389#breadcrumb\"},\"inLanguage\":\"fr-FR\",\"potentialAction\":[{\"@type\":\"ReadAction\",\"target\":[\"https:\/\/oksa.co\/?page_id=389\"]}]},{\"@type\":\"ImageObject\",\"inLanguage\":\"fr-FR\",\"@id\":\"https:\/\/oksa.co\/?page_id=389#primaryimage\",\"url\":\"https:\/\/oksa.co\/wp-content\/uploads\/2022\/09\/etalonage-2.jpg\",\"contentUrl\":\"https:\/\/oksa.co\/wp-content\/uploads\/2022\/09\/etalonage-2.jpg\"},{\"@type\":\"BreadcrumbList\",\"@id\":\"https:\/\/oksa.co\/?page_id=389#breadcrumb\",\"itemListElement\":[{\"@type\":\"ListItem\",\"position\":1,\"name\":\"Accueil\",\"item\":\"https:\/\/oksa.co\/\"},{\"@type\":\"ListItem\",\"position\":2,\"name\":\"\u00c9nergie\",\"item\":\"https:\/\/oksa.co\/?page_id=405\"},{\"@type\":\"ListItem\",\"position\":3,\"name\":\"\u00c9talonnage des compteurs d\u2019\u00e9nergie \u00e9lectrique\"}]},{\"@type\":\"WebSite\",\"@id\":\"https:\/\/oksa.co\/#website\",\"url\":\"https:\/\/oksa.co\/\",\"name\":\"Oksa Group\",\"description\":\"\",\"publisher\":{\"@id\":\"https:\/\/oksa.co\/#organization\"},\"potentialAction\":[{\"@type\":\"SearchAction\",\"target\":{\"@type\":\"EntryPoint\",\"urlTemplate\":\"https:\/\/oksa.co\/?s={search_term_string}\"},\"query-input\":{\"@type\":\"PropertyValueSpecification\",\"valueRequired\":true,\"valueName\":\"search_term_string\"}}],\"inLanguage\":\"fr-FR\"},{\"@type\":\"Organization\",\"@id\":\"https:\/\/oksa.co\/#organization\",\"name\":\"Oksa Group\",\"url\":\"https:\/\/oksa.co\/\",\"logo\":{\"@type\":\"ImageObject\",\"inLanguage\":\"fr-FR\",\"@id\":\"https:\/\/oksa.co\/#\/schema\/logo\/image\/\",\"url\":\"https:\/\/oksa.co\/wp-content\/uploads\/2024\/07\/logo-marron.webp\",\"contentUrl\":\"https:\/\/oksa.co\/wp-content\/uploads\/2024\/07\/logo-marron.webp\",\"width\":400,\"height\":155,\"caption\":\"Oksa Group\"},\"image\":{\"@id\":\"https:\/\/oksa.co\/#\/schema\/logo\/image\/\"}}]}<\/script>\n<!-- \/ Yoast SEO plugin. -->","yoast_head_json":{"title":"\u00c9talonnage des compteurs d\u2019\u00e9nergie \u00e9lectrique - Oksa","robots":{"index":"index","follow":"follow","max-snippet":"max-snippet:-1","max-image-preview":"max-image-preview:large","max-video-preview":"max-video-preview:-1"},"canonical":"https:\/\/oksa.co\/?page_id=389","og_locale":"fr_FR","og_type":"article","og_title":"\u00c9talonnage des compteurs d\u2019\u00e9nergie \u00e9lectrique - Oksa","og_description":"Il s\u2019agit d\u2019un ensemble de mesures permettant de d\u00e9finir l\u2019erreur d\u2019un compteur d\u2019\u00e9nergie \u00e9lectrique\u00a0\u00e0 une charge donn\u00e9e. Il assure aux distributeurs d\u2019\u00e9lectricit\u00e9, un \u00e9talonnage fiable de leurs compteurs selon la r\u00e8glementation locale en vigueur \u00e0 savoir l\u2019arr\u00eat\u00e9 n\u00b0 3595-12 ainsi que la norme 06.4.001. Notre centre de m\u00e9trologie s\u2019assure de la fiabilit\u00e9 des compteurs Intervenant [&hellip;]","og_url":"https:\/\/oksa.co\/?page_id=389","og_site_name":"Oksa","article_modified_time":"2024-08-25T09:54:14+00:00","og_image":[{"url":"https:\/\/oksa.co\/wp-content\/uploads\/2022\/09\/etalonage-2.jpg"}],"twitter_card":"summary_large_image","twitter_misc":{"Dur\u00e9e de lecture estim\u00e9e":"2 minutes"},"schema":{"@context":"https:\/\/schema.org","@graph":[{"@type":"WebPage","@id":"https:\/\/oksa.co\/?page_id=389","url":"https:\/\/oksa.co\/?page_id=389","name":"\u00c9talonnage des compteurs d\u2019\u00e9nergie \u00e9lectrique - Oksa","isPartOf":{"@id":"https:\/\/oksa.co\/#website"},"primaryImageOfPage":{"@id":"https:\/\/oksa.co\/?page_id=389#primaryimage"},"image":{"@id":"https:\/\/oksa.co\/?page_id=389#primaryimage"},"thumbnailUrl":"https:\/\/oksa.co\/wp-content\/uploads\/2022\/09\/etalonage-2.jpg","datePublished":"2024-08-19T13:57:13+00:00","dateModified":"2024-08-25T09:54:14+00:00","breadcrumb":{"@id":"https:\/\/oksa.co\/?page_id=389#breadcrumb"},"inLanguage":"fr-FR","potentialAction":[{"@type":"ReadAction","target":["https:\/\/oksa.co\/?page_id=389"]}]},{"@type":"ImageObject","inLanguage":"fr-FR","@id":"https:\/\/oksa.co\/?page_id=389#primaryimage","url":"https:\/\/oksa.co\/wp-content\/uploads\/2022\/09\/etalonage-2.jpg","contentUrl":"https:\/\/oksa.co\/wp-content\/uploads\/2022\/09\/etalonage-2.jpg"},{"@type":"BreadcrumbList","@id":"https:\/\/oksa.co\/?page_id=389#breadcrumb","itemListElement":[{"@type":"ListItem","position":1,"name":"Accueil","item":"https:\/\/oksa.co\/"},{"@type":"ListItem","position":2,"name":"\u00c9nergie","item":"https:\/\/oksa.co\/?page_id=405"},{"@type":"ListItem","position":3,"name":"\u00c9talonnage des compteurs d\u2019\u00e9nergie \u00e9lectrique"}]},{"@type":"WebSite","@id":"https:\/\/oksa.co\/#website","url":"https:\/\/oksa.co\/","name":"Oksa Group","description":"","publisher":{"@id":"https:\/\/oksa.co\/#organization"},"potentialAction":[{"@type":"SearchAction","target":{"@type":"EntryPoint","urlTemplate":"https:\/\/oksa.co\/?s={search_term_string}"},"query-input":{"@type":"PropertyValueSpecification","valueRequired":true,"valueName":"search_term_string"}}],"inLanguage":"fr-FR"},{"@type":"Organization","@id":"https:\/\/oksa.co\/#organization","name":"Oksa Group","url":"https:\/\/oksa.co\/","logo":{"@type":"ImageObject","inLanguage":"fr-FR","@id":"https:\/\/oksa.co\/#\/schema\/logo\/image\/","url":"https:\/\/oksa.co\/wp-content\/uploads\/2024\/07\/logo-marron.webp","contentUrl":"https:\/\/oksa.co\/wp-content\/uploads\/2024\/07\/logo-marron.webp","width":400,"height":155,"caption":"Oksa Group"},"image":{"@id":"https:\/\/oksa.co\/#\/schema\/logo\/image\/"}}]}},"_links":{"self":[{"href":"https:\/\/oksa.co\/index.php?rest_route=\/wp\/v2\/pages\/389","targetHints":{"allow":["GET"]}}],"collection":[{"href":"https:\/\/oksa.co\/index.php?rest_route=\/wp\/v2\/pages"}],"about":[{"href":"https:\/\/oksa.co\/index.php?rest_route=\/wp\/v2\/types\/page"}],"author":[{"embeddable":true,"href":"https:\/\/oksa.co\/index.php?rest_route=\/wp\/v2\/users\/1"}],"replies":[{"embeddable":true,"href":"https:\/\/oksa.co\/index.php?rest_route=%2Fwp%2Fv2%2Fcomments&post=389"}],"version-history":[{"count":46,"href":"https:\/\/oksa.co\/index.php?rest_route=\/wp\/v2\/pages\/389\/revisions"}],"predecessor-version":[{"id":844,"href":"https:\/\/oksa.co\/index.php?rest_route=\/wp\/v2\/pages\/389\/revisions\/844"}],"up":[{"embeddable":true,"href":"https:\/\/oksa.co\/index.php?rest_route=\/wp\/v2\/pages\/405"}],"wp:attachment":[{"href":"https:\/\/oksa.co\/index.php?rest_route=%2Fwp%2Fv2%2Fmedia&parent=389"}],"curies":[{"name":"wp","href":"https:\/\/api.w.org\/{rel}","templated":true}]}}