{"id":541,"date":"2024-08-24T09:41:37","date_gmt":"2024-08-24T09:41:37","guid":{"rendered":"https:\/\/oksa.cogitoweb.net\/?page_id=541"},"modified":"2024-08-24T15:04:35","modified_gmt":"2024-08-24T15:04:35","slug":"detection-pertes-commerciales-s-a-f-e","status":"publish","type":"page","link":"https:\/\/oksa.co\/?page_id=541","title":{"rendered":"D\u00e9tection des pertes commerciales s.a.f.e"},"content":{"rendered":"\t\t<div data-elementor-type=\"wp-page\" data-elementor-id=\"541\" class=\"elementor elementor-541\" data-elementor-post-type=\"page\">\n\t\t\t\t<div class=\"elementor-element elementor-element-a1cf7b3 e-con-full e-flex e-con e-parent\" data-id=\"a1cf7b3\" data-element_type=\"container\">\n\t\t\t\t<div class=\"elementor-element elementor-element-a630f2c elementor-widget elementor-widget-template\" data-id=\"a630f2c\" data-element_type=\"widget\" data-widget_type=\"template.default\">\n\t\t\t\t<div class=\"elementor-widget-container\">\n\t\t\t\t\t<div class=\"elementor-template\">\n\t\t\t\t\t<div data-elementor-type=\"page\" data-elementor-id=\"533\" class=\"elementor elementor-533\" data-elementor-post-type=\"elementor_library\">\n\t\t\t\t<div class=\"elementor-element elementor-element-5113573f e-flex e-con-boxed e-con e-parent\" data-id=\"5113573f\" data-element_type=\"container\" data-settings=\"{&quot;background_background&quot;:&quot;classic&quot;,&quot;shape_divider_bottom&quot;:&quot;curve&quot;,&quot;shape_divider_bottom_negative&quot;:&quot;yes&quot;}\">\n\t\t\t\t\t<div class=\"e-con-inner\">\n\t\t\t\t<div class=\"elementor-shape elementor-shape-bottom\" data-negative=\"true\">\n\t\t\t<svg xmlns=\"http:\/\/www.w3.org\/2000\/svg\" viewBox=\"0 0 1000 100\" preserveAspectRatio=\"none\">\n\t<path class=\"elementor-shape-fill\" d=\"M500,97C126.7,96.3,0.8,19.8,0,0v100l1000,0V1C1000,19.4,873.3,97.8,500,97z\"\/>\n<\/svg>\t\t<\/div>\n\t\t\t\t\t<\/div>\n\t\t\t\t<\/div>\n\t\t<div class=\"elementor-element elementor-element-20b81b80 e-flex e-con-boxed e-con e-parent\" data-id=\"20b81b80\" data-element_type=\"container\">\n\t\t\t\t\t<div class=\"e-con-inner\">\n\t\t\t\t<div class=\"elementor-element elementor-element-622aa014 elementor-widget elementor-widget-breadcrumbs\" data-id=\"622aa014\" data-element_type=\"widget\" data-widget_type=\"breadcrumbs.default\">\n\t\t\t\t<div class=\"elementor-widget-container\">\n\t\t\t<span id=\"breadcrumbs\"><span><span><a href=\"https:\/\/oksa.co\/\">Accueil<\/a><\/span><\/span><\/span>\t\t<\/div>\n\t\t\t\t<\/div>\n\t\t\t\t\t<\/div>\n\t\t\t\t<\/div>\n\t\t<div class=\"elementor-element elementor-element-53ffc72b e-flex e-con-boxed e-con e-parent\" data-id=\"53ffc72b\" data-element_type=\"container\">\n\t\t\t\t\t<div class=\"e-con-inner\">\n\t\t\t\t<div class=\"elementor-element elementor-element-31e561aa custom-h2 elementor-widget elementor-widget-heading\" data-id=\"31e561aa\" data-element_type=\"widget\" data-widget_type=\"heading.default\">\n\t\t\t\t<div class=\"elementor-widget-container\">\n\t\t\t<h1 class=\"elementor-heading-title elementor-size-default\">D\u00e9tection des pertes commerciales s.a.f.e<\/h1>\t\t<\/div>\n\t\t\t\t<\/div>\n\t\t\t\t\t<\/div>\n\t\t\t\t<\/div>\n\t\t\t\t<\/div>\n\t\t\t\t<\/div>\n\t\t\t\t<\/div>\n\t\t\t\t<\/div>\n\t\t\t\t<\/div>\n\t\t<div class=\"elementor-element elementor-element-a0793c0 e-flex e-con-boxed e-con e-parent\" data-id=\"a0793c0\" data-element_type=\"container\">\n\t\t\t\t\t<div class=\"e-con-inner\">\n\t\t\t\t<div class=\"elementor-element elementor-element-d87f61e energie elementor-widget elementor-widget-text-editor\" data-id=\"d87f61e\" data-element_type=\"widget\" data-widget_type=\"text-editor.default\">\n\t\t\t\t<div class=\"elementor-widget-container\">\n\t\t\t\t\t\t\t<div class=\"flex_column av_two_fifth flex_column_div av-zero-column-padding first avia-builder-el-4 el_after_av_one_full el_before_av_one_fifth column-top-margin\"><section class=\"av_textblock_section \"><div class=\"avia_textblock \"><h2>Comprendre<\/h2><p>Les pertes commerciales r\u00e9sultant de la non facturation de l\u2019\u00e9nergie \u00e9lectrique ne sont pas des ph\u00e9nom\u00e8nes nouveaux, mais elles prennent de l\u2019importance parce qu\u2019elles ont un impact sur le co\u00fbt de l\u2019\u00e9lectricit\u00e9 pour les consommateurs et \u00e9galement pour les entreprises de distribution d\u2019\u00e9nergie. L\u2019inspection et la surveillance du r\u00e9seau \u00e9lectrique et des utilisateurs \u00e0 intervalles r\u00e9guliers sont essentiels pour r\u00e9duire ces pertes.<\/p><h2>Identification et d\u00e9tection<\/h2><p>Depuis 1999, OKSA a d\u00e9velopp\u00e9 des outils innovants et a acquis la connaissance du terrain n\u00e9cessaire \u00e0 l\u2019identification et la d\u00e9tection des pertes commerciales. Aujourd\u2019hui, les distributeurs d\u2019\u00e9lectricit\u00e9 font appel \u00e0 OKSA afin de leur fournir des m\u00e9thodes de d\u00e9tection des connexions frauduleuses et d\u00e9fectueuses. Nous avons aid\u00e9 nos clients \u00e0 r\u00e9duire les pertes commerciales et \u00e0 changer la culture globale de l\u2019approvisionnement en \u00e9lectricit\u00e9 pour les consommateurs, qu\u2019il s\u2019agisse d\u2019installations r\u00e9sidentielles ou industrielles.<\/p><h2>Solution S.A.F.E.<\/h2><p>SOLUTION S.A.F.E. Le d\u00e9fi de la performance d\u2019un r\u00e9seau \u00e9lectrique est tr\u00e8s complexe et d\u00e9pend d\u2019un certain nombre de param\u00e8tres qui doivent \u00eatre identifi\u00e9s, compris et pris en compte simultan\u00e9ment. La mise en \u0153uvre d\u2019une bonne strat\u00e9gie S.A.F.E. n\u00e9cessite donc des pr\u00e9requis sp\u00e9cifiques qui s\u2019appuient sur les th\u00e9matiques suivantes :<\/p><p><strong>** L\u2019objectif final ne se limite pas \u00e0 am\u00e9liorer les performances du r\u00e9seau \u00e9lectrique, il vise \u00e9galement \u00e0 maintenir un niveau de performance \u00e9lev\u00e9 dans le temps.<\/strong><\/p><\/div><\/section><\/div>\t\t\t\t\t\t<\/div>\n\t\t\t\t<\/div>\n\t\t\t\t\t<\/div>\n\t\t\t\t<\/div>\n\t\t<div class=\"elementor-element elementor-element-0d5b58d e-flex e-con-boxed e-con e-parent\" data-id=\"0d5b58d\" data-element_type=\"container\">\n\t\t\t\t\t<div class=\"e-con-inner\">\n\t\t\t\t<div class=\"elementor-element elementor-element-c8f5edd energie elementor-widget elementor-widget-text-editor\" data-id=\"c8f5edd\" data-element_type=\"widget\" data-widget_type=\"text-editor.default\">\n\t\t\t\t<div class=\"elementor-widget-container\">\n\t\t\t\t\t\t\t<h3>ETUDE DE CAS<\/h3><p>Dans le but d\u2019atteindre des standards internationaux en mati\u00e8re de perte non-technique, la COMPAGNIE IVOIRIENNE D\u2019\u00c9LECTRICIT\u00c9 (CIE) a fait appel \u00e0 OKSA pour son syst\u00e8me S.A.F.E. \u00ab Service de d\u00e9tection d\u2019anomalies et de fraudes dans le secteur de l\u2019\u00e9lectricit\u00e9 \u00bb. La CIE estimait ses pertes non techniques annuelles \u00e0 plus de 90 millions d\u2019euros pour les basse et moyenne tensions.<\/p><p>\u00a0<\/p><h4>Sur une p\u00e9riode de 3 mois, OKSA a fourni les \u00e9l\u00e9ments suivants :<\/h4><ul><li>\u00a0la formation de 95 \u00e9lectriciens et auditeurs sur la m\u00e9thodologie et les moyens les plus efficaces pour d\u00e9tecter les anomalies et les fraudes sur le r\u00e9seau BT et MT d\u2019un point de vue th\u00e9orique, pratique et s\u00e9curitaire;<\/li><li>\u00a0L\u2019assistance technique sur le terrain pour assister les auditeurs afin de s\u2019assurer de l\u2019application des meilleures pratiques;<br \/>L\u2019assistance \u00e0 la direction pour les aspects organisationnel, juridique et commerciale;<\/li><li>La configuration du mat\u00e9riel informatique et des logiciels : mise en \u0153uvre de GESTAF et GESTAF Mobile applications d\u00e9velopp\u00e9es par OKSA en vue de g\u00e9rer les anomalies et les fraudes depuis leur d\u00e9tection jusqu\u2019\u00e0 leur \u00e9valuation et leur facturation, tout en tenant compte de la synergie et l\u2019interfa\u00e7age avec des bases de donn\u00e9es et applications existantes.<\/li><\/ul><p>\u00a0<\/p><h4>R\u00e9sultats (\u00e0 l\u2019issue des 3 premiers mois)<\/h4>\t\t\t\t\t\t<\/div>\n\t\t\t\t<\/div>\n\t\t\t\t<div class=\"elementor-element elementor-element-b48ca93 elementor-widget elementor-widget-image\" data-id=\"b48ca93\" data-element_type=\"widget\" data-widget_type=\"image.default\">\n\t\t\t\t<div class=\"elementor-widget-container\">\n\t\t\t\t\t\t\t\t\t\t\t\t\t<img decoding=\"async\" width=\"150\" height=\"150\" src=\"https:\/\/oksa.co\/wp-content\/uploads\/2024\/08\/partner-9-150x150-1.jpg\" class=\"attachment-full size-full wp-image-652\" alt=\"\" \/>\t\t\t\t\t\t\t\t\t\t\t\t\t<\/div>\n\t\t\t\t<\/div>\n\t\t\t\t\t<\/div>\n\t\t\t\t<\/div>\n\t\t<div class=\"elementor-element elementor-element-a138ecf e-flex e-con-boxed e-con e-parent\" data-id=\"a138ecf\" data-element_type=\"container\">\n\t\t\t\t\t<div class=\"e-con-inner\">\n\t\t\t\t<div class=\"elementor-element elementor-element-3e7f5f6 elementor-widget elementor-widget-html\" data-id=\"3e7f5f6\" data-element_type=\"widget\" data-widget_type=\"html.default\">\n\t\t\t\t<div class=\"elementor-widget-container\">\n\t\t\t<table>\r\n   <thead>\r\n      \r\n      <tr class=\"footable-header\">\r\n         <th class=\"ninja_column_0 ninja_clmn_nm_annee footable-sortable footable-first-visible\" style=\"display: table-cell;\" scope=\"col\">ANN\u00c9E<span class=\"fooicon fooicon-sort\"><\/span><\/th>\r\n         <th class=\"ninja_column_1 ninja_clmn_nm_gain_de_performance footable-sortable\" style=\"display: table-cell;\" scope=\"col\">GAIN DE PERFORMANCE\t<span class=\"fooicon fooicon-sort\"><\/span><\/th>\r\n         <th class=\"ninja_column_2 ninja_clmn_nm_evolution_de_la_performance footable-sortable\" style=\"display: table-cell;\" scope=\"col\">\u00c9VOLUTION DE LA PERFORMANCE\t<span class=\"fooicon fooicon-sort\"><\/span><\/th>\r\n         <th class=\"ninja_column_3 ninja_clmn_nm_gain_denergie_en_gwh footable-sortable\" style=\"display: table-cell;\" scope=\"col\">GAIN D\u2019\u00c9NERGIE EN GWH\t<span class=\"fooicon fooicon-sort\"><\/span><\/th>\r\n         <th class=\"ninja_column_4 ninja_clmn_nm_gain_financier_en_m\u20ac footable-sortable footable-last-visible\" style=\"display: table-cell;\" scope=\"col\">GAIN FINANCIER EN M\u20ac<span class=\"fooicon fooicon-sort\"><\/span><\/th>\r\n      <\/tr>\r\n   <\/thead>\r\n   <colgroup>\r\n      <col class=\"ninja_column_0 \">\r\n      <col class=\"ninja_column_1 \">\r\n      <col class=\"ninja_column_2 \">\r\n      <col class=\"ninja_column_3 \">\r\n      <col class=\"ninja_column_4 \">\r\n   <\/colgroup>\r\n   <tfoot><\/tfoot>\r\n   <tbody>\r\n      <tr class=\"ninja_table_row_0 nt_row_id_1\">\r\n         <td class=\"ninja_column_0 ninja_clmn_nm_annee footable-first-visible\" style=\"display: table-cell;\">Ann\u00e9e 1\t<\/td>\r\n         <td class=\"ninja_column_1 ninja_clmn_nm_gain_de_performance\" style=\"display: table-cell;\">4,25 %\t<\/td>\r\n         <td class=\"ninja_column_2 ninja_clmn_nm_evolution_de_la_performance\" style=\"display: table-cell;\">77,30 %\t<\/td>\r\n         <td class=\"ninja_column_3 ninja_clmn_nm_gain_denergie_en_gwh\" style=\"display: table-cell;\">141,25\t<\/td>\r\n         <td class=\"ninja_column_4 ninja_clmn_nm_gain_financier_en_m\u20ac footable-last-visible\" style=\"display: table-cell;\">15,6<\/td>\r\n      <\/tr>\r\n      <tr class=\"ninja_table_row_1 nt_row_id_2\">\r\n         <td class=\"ninja_column_0 ninja_clmn_nm_annee footable-first-visible\" style=\"display: table-cell;\">Ann\u00e9e 2\t<\/td>\r\n         <td class=\"ninja_column_1 ninja_clmn_nm_gain_de_performance\" style=\"display: table-cell;\">4,25 %\t<\/td>\r\n         <td class=\"ninja_column_2 ninja_clmn_nm_evolution_de_la_performance\" style=\"display: table-cell;\">81,50 %\t<\/td>\r\n         <td class=\"ninja_column_3 ninja_clmn_nm_gain_denergie_en_gwh\" style=\"display: table-cell;\">141,25\t<\/td>\r\n         <td class=\"ninja_column_4 ninja_clmn_nm_gain_financier_en_m\u20ac footable-last-visible\" style=\"display: table-cell;\">15,6<\/td>\r\n      <\/tr>\r\n      <tr class=\"ninja_table_row_2 nt_row_id_3\">\r\n         <td class=\"ninja_column_0 ninja_clmn_nm_annee footable-first-visible\" style=\"display: table-cell;\">Ann\u00e9e 3\t<\/td>\r\n         <td class=\"ninja_column_1 ninja_clmn_nm_gain_de_performance\" style=\"display: table-cell;\">4,25 %\t<\/td>\r\n         <td class=\"ninja_column_2 ninja_clmn_nm_evolution_de_la_performance\" style=\"display: table-cell;\">85,80 %\t<\/td>\r\n         <td class=\"ninja_column_3 ninja_clmn_nm_gain_denergie_en_gwh\" style=\"display: table-cell;\">141,25<\/td>\r\n         <td class=\"ninja_column_4 ninja_clmn_nm_gain_financier_en_m\u20ac footable-last-visible\" style=\"display: table-cell;\">15,6<\/td>\r\n      <\/tr>\r\n      <tr class=\"ninja_table_row_3 nt_row_id_4\">\r\n         <td class=\"ninja_column_0 ninja_clmn_nm_annee footable-first-visible\" style=\"display: table-cell;\">Ann\u00e9e 4\t<\/td>\r\n         <td class=\"ninja_column_1 ninja_clmn_nm_gain_de_performance\" style=\"display: table-cell;\">2,55 %\t<\/td>\r\n         <td class=\"ninja_column_2 ninja_clmn_nm_evolution_de_la_performance\" style=\"display: table-cell;\">88,30 %\t<\/td>\r\n         <td class=\"ninja_column_3 ninja_clmn_nm_gain_denergie_en_gwh\" style=\"display: table-cell;\">84,75\t<\/td>\r\n         <td class=\"ninja_column_4 ninja_clmn_nm_gain_financier_en_m\u20ac footable-last-visible\" style=\"display: table-cell;\">9,4<\/td>\r\n      <\/tr>\r\n      <tr class=\"ninja_table_row_4 nt_row_id_5\">\r\n         <td class=\"ninja_column_0 ninja_clmn_nm_annee footable-first-visible\" style=\"display: table-cell;\">Ann\u00e9e 5\t<\/td>\r\n         <td class=\"ninja_column_1 ninja_clmn_nm_gain_de_performance\" style=\"display: table-cell;\">1,70 %\t<\/td>\r\n         <td class=\"ninja_column_2 ninja_clmn_nm_evolution_de_la_performance\" style=\"display: table-cell;\">90,00 %\t<\/td>\r\n         <td class=\"ninja_column_3 ninja_clmn_nm_gain_denergie_en_gwh\" style=\"display: table-cell;\">56,5\t<\/td>\r\n         <td class=\"ninja_column_4 ninja_clmn_nm_gain_financier_en_m\u20ac footable-last-visible\" style=\"display: table-cell;\">6,3<\/td>\r\n      <\/tr>\r\n      <tr class=\"ninja_table_row_5 nt_row_id_6\">\r\n         <td class=\"ninja_column_0 ninja_clmn_nm_annee footable-first-visible\" style=\"display: table-cell;\">TOTAL\t<\/td>\r\n         <td class=\"ninja_column_1 ninja_clmn_nm_gain_de_performance\" style=\"display: table-cell;\">17,00 %\t<\/td>\r\n         <td class=\"ninja_column_2 ninja_clmn_nm_evolution_de_la_performance\" style=\"display: table-cell;\"><\/td>\r\n         <td class=\"ninja_column_3 ninja_clmn_nm_gain_denergie_en_gwh\" style=\"display: table-cell;\">656,00\t<\/td>\r\n         <td class=\"ninja_column_4 ninja_clmn_nm_gain_financier_en_m\u20ac footable-last-visible\" style=\"display: table-cell;\">62,5<\/td>\r\n      <\/tr>\r\n   <\/tbody>\r\n<\/table>\t\t<\/div>\n\t\t\t\t<\/div>\n\t\t\t\t\t<\/div>\n\t\t\t\t<\/div>\n\t\t\t\t<\/div>\n\t\t","protected":false},"excerpt":{"rendered":"<p>Comprendre Les pertes commerciales r\u00e9sultant de la non facturation de l\u2019\u00e9nergie \u00e9lectrique ne sont pas des ph\u00e9nom\u00e8nes nouveaux, mais elles prennent de l\u2019importance parce qu\u2019elles ont un impact sur le co\u00fbt de l\u2019\u00e9lectricit\u00e9 pour les consommateurs et \u00e9galement pour les entreprises de distribution d\u2019\u00e9nergie. L\u2019inspection et la surveillance du r\u00e9seau \u00e9lectrique et des utilisateurs \u00e0 [&hellip;]<\/p>\n","protected":false},"author":1,"featured_media":0,"parent":405,"menu_order":0,"comment_status":"closed","ping_status":"closed","template":"elementor_header_footer","meta":{"footnotes":""},"class_list":["post-541","page","type-page","status-publish","hentry"],"yoast_head":"<!-- This site is optimized with the Yoast SEO plugin v23.6 - https:\/\/yoast.com\/wordpress\/plugins\/seo\/ -->\n<title>D\u00e9tection des pertes commerciales s.a.f.e - Oksa<\/title>\n<meta name=\"robots\" content=\"index, follow, max-snippet:-1, max-image-preview:large, max-video-preview:-1\" \/>\n<link rel=\"canonical\" href=\"https:\/\/oksa.co\/?page_id=541\" \/>\n<meta property=\"og:locale\" content=\"fr_FR\" \/>\n<meta property=\"og:type\" content=\"article\" \/>\n<meta property=\"og:title\" content=\"D\u00e9tection des pertes commerciales s.a.f.e - Oksa\" \/>\n<meta property=\"og:description\" content=\"Comprendre Les pertes commerciales r\u00e9sultant de la non facturation de l\u2019\u00e9nergie \u00e9lectrique ne sont pas des ph\u00e9nom\u00e8nes nouveaux, mais elles prennent de l\u2019importance parce qu\u2019elles ont un impact sur le co\u00fbt de l\u2019\u00e9lectricit\u00e9 pour les consommateurs et \u00e9galement pour les entreprises de distribution d\u2019\u00e9nergie. L\u2019inspection et la surveillance du r\u00e9seau \u00e9lectrique et des utilisateurs \u00e0 [&hellip;]\" \/>\n<meta property=\"og:url\" content=\"https:\/\/oksa.co\/?page_id=541\" \/>\n<meta property=\"og:site_name\" content=\"Oksa\" \/>\n<meta property=\"article:modified_time\" content=\"2024-08-24T15:04:35+00:00\" \/>\n<meta property=\"og:image\" content=\"https:\/\/oksa.co\/wp-content\/uploads\/2024\/08\/partner-9-150x150-1.jpg\" \/>\n<meta name=\"twitter:card\" content=\"summary_large_image\" \/>\n<meta name=\"twitter:label1\" content=\"Dur\u00e9e de lecture estim\u00e9e\" \/>\n\t<meta name=\"twitter:data1\" content=\"1 minute\" \/>\n<script type=\"application\/ld+json\" class=\"yoast-schema-graph\">{\"@context\":\"https:\/\/schema.org\",\"@graph\":[{\"@type\":\"WebPage\",\"@id\":\"https:\/\/oksa.co\/?page_id=541\",\"url\":\"https:\/\/oksa.co\/?page_id=541\",\"name\":\"D\u00e9tection des pertes commerciales s.a.f.e - Oksa\",\"isPartOf\":{\"@id\":\"https:\/\/oksa.co\/#website\"},\"primaryImageOfPage\":{\"@id\":\"https:\/\/oksa.co\/?page_id=541#primaryimage\"},\"image\":{\"@id\":\"https:\/\/oksa.co\/?page_id=541#primaryimage\"},\"thumbnailUrl\":\"https:\/\/oksa.co\/wp-content\/uploads\/2024\/08\/partner-9-150x150-1.jpg\",\"datePublished\":\"2024-08-24T09:41:37+00:00\",\"dateModified\":\"2024-08-24T15:04:35+00:00\",\"breadcrumb\":{\"@id\":\"https:\/\/oksa.co\/?page_id=541#breadcrumb\"},\"inLanguage\":\"fr-FR\",\"potentialAction\":[{\"@type\":\"ReadAction\",\"target\":[\"https:\/\/oksa.co\/?page_id=541\"]}]},{\"@type\":\"ImageObject\",\"inLanguage\":\"fr-FR\",\"@id\":\"https:\/\/oksa.co\/?page_id=541#primaryimage\",\"url\":\"https:\/\/oksa.co\/wp-content\/uploads\/2024\/08\/partner-9-150x150-1.jpg\",\"contentUrl\":\"https:\/\/oksa.co\/wp-content\/uploads\/2024\/08\/partner-9-150x150-1.jpg\",\"width\":150,\"height\":150},{\"@type\":\"BreadcrumbList\",\"@id\":\"https:\/\/oksa.co\/?page_id=541#breadcrumb\",\"itemListElement\":[{\"@type\":\"ListItem\",\"position\":1,\"name\":\"Accueil\",\"item\":\"https:\/\/oksa.co\/\"},{\"@type\":\"ListItem\",\"position\":2,\"name\":\"\u00c9nergie\",\"item\":\"https:\/\/oksa.co\/?page_id=405\"},{\"@type\":\"ListItem\",\"position\":3,\"name\":\"D\u00e9tection des pertes commerciales s.a.f.e\"}]},{\"@type\":\"WebSite\",\"@id\":\"https:\/\/oksa.co\/#website\",\"url\":\"https:\/\/oksa.co\/\",\"name\":\"Oksa Group\",\"description\":\"\",\"publisher\":{\"@id\":\"https:\/\/oksa.co\/#organization\"},\"potentialAction\":[{\"@type\":\"SearchAction\",\"target\":{\"@type\":\"EntryPoint\",\"urlTemplate\":\"https:\/\/oksa.co\/?s={search_term_string}\"},\"query-input\":{\"@type\":\"PropertyValueSpecification\",\"valueRequired\":true,\"valueName\":\"search_term_string\"}}],\"inLanguage\":\"fr-FR\"},{\"@type\":\"Organization\",\"@id\":\"https:\/\/oksa.co\/#organization\",\"name\":\"Oksa Group\",\"url\":\"https:\/\/oksa.co\/\",\"logo\":{\"@type\":\"ImageObject\",\"inLanguage\":\"fr-FR\",\"@id\":\"https:\/\/oksa.co\/#\/schema\/logo\/image\/\",\"url\":\"https:\/\/oksa.co\/wp-content\/uploads\/2024\/07\/logo-marron.webp\",\"contentUrl\":\"https:\/\/oksa.co\/wp-content\/uploads\/2024\/07\/logo-marron.webp\",\"width\":400,\"height\":155,\"caption\":\"Oksa Group\"},\"image\":{\"@id\":\"https:\/\/oksa.co\/#\/schema\/logo\/image\/\"}}]}<\/script>\n<!-- \/ Yoast SEO plugin. -->","yoast_head_json":{"title":"D\u00e9tection des pertes commerciales s.a.f.e - Oksa","robots":{"index":"index","follow":"follow","max-snippet":"max-snippet:-1","max-image-preview":"max-image-preview:large","max-video-preview":"max-video-preview:-1"},"canonical":"https:\/\/oksa.co\/?page_id=541","og_locale":"fr_FR","og_type":"article","og_title":"D\u00e9tection des pertes commerciales s.a.f.e - Oksa","og_description":"Comprendre Les pertes commerciales r\u00e9sultant de la non facturation de l\u2019\u00e9nergie \u00e9lectrique ne sont pas des ph\u00e9nom\u00e8nes nouveaux, mais elles prennent de l\u2019importance parce qu\u2019elles ont un impact sur le co\u00fbt de l\u2019\u00e9lectricit\u00e9 pour les consommateurs et \u00e9galement pour les entreprises de distribution d\u2019\u00e9nergie. L\u2019inspection et la surveillance du r\u00e9seau \u00e9lectrique et des utilisateurs \u00e0 [&hellip;]","og_url":"https:\/\/oksa.co\/?page_id=541","og_site_name":"Oksa","article_modified_time":"2024-08-24T15:04:35+00:00","og_image":[{"url":"https:\/\/oksa.co\/wp-content\/uploads\/2024\/08\/partner-9-150x150-1.jpg"}],"twitter_card":"summary_large_image","twitter_misc":{"Dur\u00e9e de lecture estim\u00e9e":"1 minute"},"schema":{"@context":"https:\/\/schema.org","@graph":[{"@type":"WebPage","@id":"https:\/\/oksa.co\/?page_id=541","url":"https:\/\/oksa.co\/?page_id=541","name":"D\u00e9tection des pertes commerciales s.a.f.e - Oksa","isPartOf":{"@id":"https:\/\/oksa.co\/#website"},"primaryImageOfPage":{"@id":"https:\/\/oksa.co\/?page_id=541#primaryimage"},"image":{"@id":"https:\/\/oksa.co\/?page_id=541#primaryimage"},"thumbnailUrl":"https:\/\/oksa.co\/wp-content\/uploads\/2024\/08\/partner-9-150x150-1.jpg","datePublished":"2024-08-24T09:41:37+00:00","dateModified":"2024-08-24T15:04:35+00:00","breadcrumb":{"@id":"https:\/\/oksa.co\/?page_id=541#breadcrumb"},"inLanguage":"fr-FR","potentialAction":[{"@type":"ReadAction","target":["https:\/\/oksa.co\/?page_id=541"]}]},{"@type":"ImageObject","inLanguage":"fr-FR","@id":"https:\/\/oksa.co\/?page_id=541#primaryimage","url":"https:\/\/oksa.co\/wp-content\/uploads\/2024\/08\/partner-9-150x150-1.jpg","contentUrl":"https:\/\/oksa.co\/wp-content\/uploads\/2024\/08\/partner-9-150x150-1.jpg","width":150,"height":150},{"@type":"BreadcrumbList","@id":"https:\/\/oksa.co\/?page_id=541#breadcrumb","itemListElement":[{"@type":"ListItem","position":1,"name":"Accueil","item":"https:\/\/oksa.co\/"},{"@type":"ListItem","position":2,"name":"\u00c9nergie","item":"https:\/\/oksa.co\/?page_id=405"},{"@type":"ListItem","position":3,"name":"D\u00e9tection des pertes commerciales s.a.f.e"}]},{"@type":"WebSite","@id":"https:\/\/oksa.co\/#website","url":"https:\/\/oksa.co\/","name":"Oksa Group","description":"","publisher":{"@id":"https:\/\/oksa.co\/#organization"},"potentialAction":[{"@type":"SearchAction","target":{"@type":"EntryPoint","urlTemplate":"https:\/\/oksa.co\/?s={search_term_string}"},"query-input":{"@type":"PropertyValueSpecification","valueRequired":true,"valueName":"search_term_string"}}],"inLanguage":"fr-FR"},{"@type":"Organization","@id":"https:\/\/oksa.co\/#organization","name":"Oksa Group","url":"https:\/\/oksa.co\/","logo":{"@type":"ImageObject","inLanguage":"fr-FR","@id":"https:\/\/oksa.co\/#\/schema\/logo\/image\/","url":"https:\/\/oksa.co\/wp-content\/uploads\/2024\/07\/logo-marron.webp","contentUrl":"https:\/\/oksa.co\/wp-content\/uploads\/2024\/07\/logo-marron.webp","width":400,"height":155,"caption":"Oksa Group"},"image":{"@id":"https:\/\/oksa.co\/#\/schema\/logo\/image\/"}}]}},"_links":{"self":[{"href":"https:\/\/oksa.co\/index.php?rest_route=\/wp\/v2\/pages\/541","targetHints":{"allow":["GET"]}}],"collection":[{"href":"https:\/\/oksa.co\/index.php?rest_route=\/wp\/v2\/pages"}],"about":[{"href":"https:\/\/oksa.co\/index.php?rest_route=\/wp\/v2\/types\/page"}],"author":[{"embeddable":true,"href":"https:\/\/oksa.co\/index.php?rest_route=\/wp\/v2\/users\/1"}],"replies":[{"embeddable":true,"href":"https:\/\/oksa.co\/index.php?rest_route=%2Fwp%2Fv2%2Fcomments&post=541"}],"version-history":[{"count":34,"href":"https:\/\/oksa.co\/index.php?rest_route=\/wp\/v2\/pages\/541\/revisions"}],"predecessor-version":[{"id":804,"href":"https:\/\/oksa.co\/index.php?rest_route=\/wp\/v2\/pages\/541\/revisions\/804"}],"up":[{"embeddable":true,"href":"https:\/\/oksa.co\/index.php?rest_route=\/wp\/v2\/pages\/405"}],"wp:attachment":[{"href":"https:\/\/oksa.co\/index.php?rest_route=%2Fwp%2Fv2%2Fmedia&parent=541"}],"curies":[{"name":"wp","href":"https:\/\/api.w.org\/{rel}","templated":true}]}}