{"id":870,"date":"2024-08-25T10:15:17","date_gmt":"2024-08-25T10:15:17","guid":{"rendered":"https:\/\/oksa.cogitoweb.net\/?page_id=870"},"modified":"2024-08-25T10:17:25","modified_gmt":"2024-08-25T10:17:25","slug":"analyse-fertilisants","status":"publish","type":"page","link":"https:\/\/oksa.co\/?page_id=870","title":{"rendered":"Analyse des fertilisants"},"content":{"rendered":"\t\t<div data-elementor-type=\"wp-page\" data-elementor-id=\"870\" class=\"elementor elementor-870\" data-elementor-post-type=\"page\">\n\t\t\t\t<div class=\"elementor-element elementor-element-4170572 e-con-full e-flex e-con e-parent\" data-id=\"4170572\" data-element_type=\"container\">\n\t\t\t\t<div class=\"elementor-element elementor-element-927ea62 elementor-widget elementor-widget-template\" data-id=\"927ea62\" data-element_type=\"widget\" data-widget_type=\"template.default\">\n\t\t\t\t<div class=\"elementor-widget-container\">\n\t\t\t\t\t<div class=\"elementor-template\">\n\t\t\t\t\t<div data-elementor-type=\"page\" data-elementor-id=\"820\" class=\"elementor elementor-820\" data-elementor-post-type=\"elementor_library\">\n\t\t\t\t<div class=\"elementor-element elementor-element-6dc30974 e-flex e-con-boxed e-con e-parent\" data-id=\"6dc30974\" data-element_type=\"container\" data-settings=\"{&quot;background_background&quot;:&quot;classic&quot;,&quot;shape_divider_bottom&quot;:&quot;curve&quot;,&quot;shape_divider_bottom_negative&quot;:&quot;yes&quot;}\">\n\t\t\t\t\t<div class=\"e-con-inner\">\n\t\t\t\t<div class=\"elementor-shape elementor-shape-bottom\" data-negative=\"true\">\n\t\t\t<svg xmlns=\"http:\/\/www.w3.org\/2000\/svg\" viewBox=\"0 0 1000 100\" preserveAspectRatio=\"none\">\n\t<path class=\"elementor-shape-fill\" d=\"M500,97C126.7,96.3,0.8,19.8,0,0v100l1000,0V1C1000,19.4,873.3,97.8,500,97z\"\/>\n<\/svg>\t\t<\/div>\n\t\t\t\t\t<\/div>\n\t\t\t\t<\/div>\n\t\t<div class=\"elementor-element elementor-element-4017212c e-flex e-con-boxed e-con e-parent\" data-id=\"4017212c\" data-element_type=\"container\">\n\t\t\t\t\t<div class=\"e-con-inner\">\n\t\t\t\t<div class=\"elementor-element elementor-element-2e445079 elementor-widget elementor-widget-breadcrumbs\" data-id=\"2e445079\" data-element_type=\"widget\" data-widget_type=\"breadcrumbs.default\">\n\t\t\t\t<div class=\"elementor-widget-container\">\n\t\t\t<span id=\"breadcrumbs\"><span><span><a href=\"https:\/\/oksa.co\/\">Accueil<\/a><\/span><\/span><\/span>\t\t<\/div>\n\t\t\t\t<\/div>\n\t\t\t\t\t<\/div>\n\t\t\t\t<\/div>\n\t\t<div class=\"elementor-element elementor-element-62be76ec e-flex e-con-boxed e-con e-parent\" data-id=\"62be76ec\" data-element_type=\"container\">\n\t\t\t\t\t<div class=\"e-con-inner\">\n\t\t\t\t<div class=\"elementor-element elementor-element-6b71c52d custom-h2 elementor-widget elementor-widget-heading\" data-id=\"6b71c52d\" data-element_type=\"widget\" data-widget_type=\"heading.default\">\n\t\t\t\t<div class=\"elementor-widget-container\">\n\t\t\t<h1 class=\"elementor-heading-title elementor-size-default\">Analyse des fertilisants<\/h1>\t\t<\/div>\n\t\t\t\t<\/div>\n\t\t\t\t\t<\/div>\n\t\t\t\t<\/div>\n\t\t\t\t<\/div>\n\t\t\t\t<\/div>\n\t\t\t\t<\/div>\n\t\t\t\t<\/div>\n\t\t\t\t<\/div>\n\t\t<div class=\"elementor-element elementor-element-56934b4 e-flex e-con-boxed e-con e-parent\" data-id=\"56934b4\" data-element_type=\"container\">\n\t\t\t\t\t<div class=\"e-con-inner\">\n\t\t\t\t<div class=\"elementor-element elementor-element-d50a5dd lab elementor-widget elementor-widget-text-editor\" data-id=\"d50a5dd\" data-element_type=\"widget\" data-widget_type=\"text-editor.default\">\n\t\t\t\t<div class=\"elementor-widget-container\">\n\t\t\t\t\t\t\t<section class=\"av_textblock_section \"><div class=\"avia_textblock  \"><p>Notre laboratoire est capable de vous fournir des services d\u2019analyse d\u2019engrais pr\u00e9cis et rentables conform\u00e9ment aux normes internationales. Afin de permettre \u00e0 vos engrais d\u2019\u00eatre mis sur le march\u00e9 de l\u2019UE sous le r\u00e8glement harmonis\u00e9 UE 2019\/1009, votre produit doit \u00eatre parfaitement conforme \u00e0 certaines exigences.<\/p><\/div><\/section><div class=\"flex_column_table av-equal-height-column-flextable -flextable\"><div class=\"flex_column av_one_half  flex_column_table_cell av-equal-height-column av-align-middle first  avia-builder-el-3  el_after_av_textblock  el_before_av_one_half   column-top-margin\"><div class=\"avia-gallery avia-gallery-1 avia_lazyload avia-gallery-animate avia_animate_when_visible avia-builder-el-4 avia-builder-el-no-sibling avia_start_animation\"><h3 class=\"avia-gallery-thumb\">Analyse granulom\u00e9trique<\/h3><div>Ce param\u00e8tre est effectu\u00e9 pour d\u00e9terminer la taille des particules dans les engrais.<\/div><\/div><\/div><div class=\"flex_column av_one_half  flex_column_table_cell av-equal-height-column av-align-middle   avia-builder-el-5  el_after_av_one_half  el_before_av_heading   column-top-margin\"><div class=\"av-special-heading av-special-heading-h3    avia-builder-el-8  el_after_av_textblock  el_before_av_textblock   \"><h3 class=\"av-special-heading-tag \">Teneur en humidit\u00e9<\/h3><div class=\"special-heading-border\"><div class=\"special-heading-inner-border\">Ce param\u00e8tre est effectu\u00e9 pour d\u00e9terminer la teneur en humidit\u00e9 dans les engrais.<\/div><\/div><\/div><div class=\"av-special-heading av-special-heading-h3    avia-builder-el-10  el_after_av_textblock  el_before_av_textblock   \"><h3 class=\"av-special-heading-tag \">PH, Solubilit\u00e9<\/h3><div class=\"special-heading-border\"><div class=\"special-heading-inner-border\">Il est con\u00e7u pour d\u00e9terminer le niveau acide, neutre, alcalin ou de solubilit\u00e9 des engrais. Le type d\u2019engrais \u00e0 appliquer au sol est d\u00e9termin\u00e9 en interpr\u00e8tent le pH des engrais.<\/div><\/div><\/div><div class=\"av-special-heading av-special-heading-h3    avia-builder-el-12  el_after_av_textblock  el_before_av_textblock   \"><h3 class=\"av-special-heading-tag \">Azote total, ammonium, nitrate et azote ur\u00e9ique<\/h3><div class=\"special-heading-border\"><div class=\"special-heading-inner-border\">L\u2019azote est un nutriment essentiel au d\u00e9veloppement des plantes. En d\u00e9terminant les quantit\u00e9s d\u2019azote des engrais, la quantit\u00e9 d\u2019azote qui est observ\u00e9e avec une carence en azote ou qui doit \u00eatre appliqu\u00e9e comme engrais de base est satisfaite. Azote total, quantit\u00e9s d\u2019azote disponible dans les engrais. Ainsi le type d\u2019engrais adapt\u00e9 \u00e0 la plante est d\u00e9termin\u00e9.<\/div><\/div><\/div><\/div><\/div><div class=\"av-special-heading av-special-heading-h3    avia-builder-el-14  el_after_av_one_half  el_before_av_textblock   \"><h3 class=\"av-special-heading-tag \">Phosphore soluble dans l\u2019eau, Potassium, Calcium, Magn\u00e9sium, Soufre<\/h3><div class=\"special-heading-border\"><div class=\"special-heading-inner-border\">Afin de d\u00e9terminer la quantit\u00e9 d\u2019engrais \u00e0 appliquer \u00e0 quelle plante, les quantit\u00e9s d\u2019engrais de phosphore, de potassium, de calcium, de magn\u00e9sium et de soufre solubles dans l\u2019eau sont d\u00e9termin\u00e9es. Les niveaux de macro\u00e9l\u00e9ments et les teneurs actuelles des engrais produits sont d\u00e9termin\u00e9s pour se conformer aux exigences.<\/div><\/div><\/div><div class=\"av-special-heading av-special-heading-h3    avia-builder-el-16  el_after_av_textblock  el_before_av_textblock   \"><h3 class=\"av-special-heading-tag \">Fer soluble dans l\u2019eau, cuivre, mangan\u00e8se, zinc, bore, molybd\u00e8ne<\/h3><div class=\"special-heading-border\"><div class=\"special-heading-inner-border\">Afin de d\u00e9terminer la quantit\u00e9 d\u2019engrais \u00e0 appliquer sur quelle plante, la quantit\u00e9 de micro\u00e9l\u00e9ments solubles dans l\u2019eau des engrais est d\u00e9termin\u00e9e. Les niveaux de micro\u00e9l\u00e9ments et les teneurs actuelles des engrais produits sont d\u00e9termin\u00e9s pour se conformer \u00e0 la r\u00e9glementation.<\/div><\/div><\/div><div class=\"av-special-heading av-special-heading-h3    avia-builder-el-18  el_after_av_textblock  el_before_av_textblock   \"><h3 class=\"av-special-heading-tag \">Chrome, Nickel, Plomb, Arsenic et Mercure<\/h3><div class=\"special-heading-border\"><div class=\"special-heading-inner-border\">En d\u00e9terminant les teneurs en m\u00e9taux lourds des engrais chimiques ou organiques, on essaie de d\u00e9terminer si ces engrais peuvent \u00eatre utilis\u00e9s dans des conditions d\u2019agriculture durable ou biologique, leurs effets toxiques sur les plantes et leurs effets sur le niveau d\u2019\u00e9l\u00e9ments nutritifs dans le sol.<\/div><\/div><\/div><div class=\"av-special-heading av-special-heading-h3    avia-builder-el-20  el_after_av_textblock  el_before_av_textblock   \"><h3 class=\"av-special-heading-tag \">Biuret<\/h3><div class=\"special-heading-border\"><div class=\"special-heading-inner-border\">Le biuret \u00e9tant un toxique pour les v\u00e9g\u00e9taux, <strong>sa teneur dans les engrais azot\u00e9s doit \u00eatre inf\u00e9rieure \u00e0 1,2 % selon la norme NF U42-001.<\/strong><\/div><\/div><\/div><div class=\"av-special-heading av-special-heading-h3    avia-builder-el-22  el_after_av_textblock  el_before_av_textblock   \"><h3 class=\"av-special-heading-tag \">Perchlorate<\/h3><div class=\"special-heading-border\"><div class=\"special-heading-inner-border\">Le perchlorate est naturellement pr\u00e9sent dans l\u2019environnement, comme dans le d\u00e9sert d\u2019Atacama au Chili. C\u2019est \u00e9galement un contaminant environnemental par ses concentrations \u00e9lev\u00e9es dans certains engrais et ses diff\u00e9rentes applications industrielles telles que la transformation de m\u00e9taux, la production de papier, la production de fus\u00e9es, d\u2019explosifs, de feux d\u2019artifice, etc. Une autre source possible est la d\u00e9gradation de certains produits de d\u00e9sinfection de l\u2019eau. Le sol, les engrais et l\u2019eau sont donc des sources potentielles de perchlorate, susceptibles de contaminer les denr\u00e9es alimentaires comme les fruits et l\u00e9gumes<\/div><\/div><\/div><div class=\"av-special-heading av-special-heading-h3    avia-builder-el-24  el_after_av_textblock  el_before_av_textblock   \"><h3 class=\"av-special-heading-tag \">Phosphonates<\/h3><div class=\"special-heading-border\"><div class=\"special-heading-inner-border\">Le phosphonate HPO32-, contrairement au phosphate PO43-, ne peut pas \u00eatre utilis\u00e9 par la plante comme source nutritive de phosphore. De plus, la plante ne peut pas oxyder le phosphonate HPO32- en phosphate PO43-.<\/div><\/div><\/div><section class=\"av_textblock_section \"><div class=\"avia_textblock  \"><p>Pour cette raison, le phosphonate ne peut pas \u00eatre consid\u00e9r\u00e9 comme un \u00e9l\u00e9ment nutritif et il ne peut pas tomber sous le r\u00e8glement (CE) n\u00b0 2003\/2003 relatif aux engrais<\/p><\/div><\/section>\t\t\t\t\t\t<\/div>\n\t\t\t\t<\/div>\n\t\t\t\t\t<\/div>\n\t\t\t\t<\/div>\n\t\t\t\t<\/div>\n\t\t","protected":false},"excerpt":{"rendered":"<p>Notre laboratoire est capable de vous fournir des services d\u2019analyse d\u2019engrais pr\u00e9cis et rentables conform\u00e9ment aux normes internationales. Afin de permettre \u00e0 vos engrais d\u2019\u00eatre mis sur le march\u00e9 de l\u2019UE sous le r\u00e8glement harmonis\u00e9 UE 2019\/1009, votre produit doit \u00eatre parfaitement conforme \u00e0 certaines exigences. Analyse granulom\u00e9trique Ce param\u00e8tre est effectu\u00e9 pour d\u00e9terminer la [&hellip;]<\/p>\n","protected":false},"author":1,"featured_media":0,"parent":249,"menu_order":0,"comment_status":"closed","ping_status":"closed","template":"elementor_header_footer","meta":{"footnotes":""},"class_list":["post-870","page","type-page","status-publish","hentry"],"yoast_head":"<!-- This site is optimized with the Yoast SEO plugin v23.6 - https:\/\/yoast.com\/wordpress\/plugins\/seo\/ -->\n<title>Analyse des fertilisants - Oksa<\/title>\n<meta name=\"robots\" content=\"index, follow, max-snippet:-1, max-image-preview:large, max-video-preview:-1\" \/>\n<link rel=\"canonical\" href=\"https:\/\/oksa.co\/?page_id=870\" \/>\n<meta property=\"og:locale\" content=\"fr_FR\" \/>\n<meta property=\"og:type\" content=\"article\" \/>\n<meta property=\"og:title\" content=\"Analyse des fertilisants - Oksa\" \/>\n<meta property=\"og:description\" content=\"Notre laboratoire est capable de vous fournir des services d\u2019analyse d\u2019engrais pr\u00e9cis et rentables conform\u00e9ment aux normes internationales. Afin de permettre \u00e0 vos engrais d\u2019\u00eatre mis sur le march\u00e9 de l\u2019UE sous le r\u00e8glement harmonis\u00e9 UE 2019\/1009, votre produit doit \u00eatre parfaitement conforme \u00e0 certaines exigences. Analyse granulom\u00e9trique Ce param\u00e8tre est effectu\u00e9 pour d\u00e9terminer la [&hellip;]\" \/>\n<meta property=\"og:url\" content=\"https:\/\/oksa.co\/?page_id=870\" \/>\n<meta property=\"og:site_name\" content=\"Oksa\" \/>\n<meta property=\"article:modified_time\" content=\"2024-08-25T10:17:25+00:00\" \/>\n<meta property=\"og:image\" content=\"https:\/\/oksa.co\/wp-content\/uploads\/2024\/07\/logo-marron.webp\" \/>\n\t<meta property=\"og:image:width\" content=\"400\" \/>\n\t<meta property=\"og:image:height\" content=\"155\" \/>\n\t<meta property=\"og:image:type\" content=\"image\/webp\" \/>\n<meta name=\"twitter:card\" content=\"summary_large_image\" \/>\n<meta name=\"twitter:label1\" content=\"Dur\u00e9e de lecture estim\u00e9e\" \/>\n\t<meta name=\"twitter:data1\" content=\"3 minutes\" \/>\n<script type=\"application\/ld+json\" class=\"yoast-schema-graph\">{\"@context\":\"https:\/\/schema.org\",\"@graph\":[{\"@type\":\"WebPage\",\"@id\":\"https:\/\/oksa.co\/?page_id=870\",\"url\":\"https:\/\/oksa.co\/?page_id=870\",\"name\":\"Analyse des fertilisants - Oksa\",\"isPartOf\":{\"@id\":\"https:\/\/oksa.co\/#website\"},\"datePublished\":\"2024-08-25T10:15:17+00:00\",\"dateModified\":\"2024-08-25T10:17:25+00:00\",\"breadcrumb\":{\"@id\":\"https:\/\/oksa.co\/?page_id=870#breadcrumb\"},\"inLanguage\":\"fr-FR\",\"potentialAction\":[{\"@type\":\"ReadAction\",\"target\":[\"https:\/\/oksa.co\/?page_id=870\"]}]},{\"@type\":\"BreadcrumbList\",\"@id\":\"https:\/\/oksa.co\/?page_id=870#breadcrumb\",\"itemListElement\":[{\"@type\":\"ListItem\",\"position\":1,\"name\":\"Accueil\",\"item\":\"https:\/\/oksa.co\/\"},{\"@type\":\"ListItem\",\"position\":2,\"name\":\"Lab\",\"item\":\"https:\/\/oksa.co\/?page_id=249\"},{\"@type\":\"ListItem\",\"position\":3,\"name\":\"Analyse des fertilisants\"}]},{\"@type\":\"WebSite\",\"@id\":\"https:\/\/oksa.co\/#website\",\"url\":\"https:\/\/oksa.co\/\",\"name\":\"Oksa Group\",\"description\":\"\",\"publisher\":{\"@id\":\"https:\/\/oksa.co\/#organization\"},\"potentialAction\":[{\"@type\":\"SearchAction\",\"target\":{\"@type\":\"EntryPoint\",\"urlTemplate\":\"https:\/\/oksa.co\/?s={search_term_string}\"},\"query-input\":{\"@type\":\"PropertyValueSpecification\",\"valueRequired\":true,\"valueName\":\"search_term_string\"}}],\"inLanguage\":\"fr-FR\"},{\"@type\":\"Organization\",\"@id\":\"https:\/\/oksa.co\/#organization\",\"name\":\"Oksa Group\",\"url\":\"https:\/\/oksa.co\/\",\"logo\":{\"@type\":\"ImageObject\",\"inLanguage\":\"fr-FR\",\"@id\":\"https:\/\/oksa.co\/#\/schema\/logo\/image\/\",\"url\":\"https:\/\/oksa.co\/wp-content\/uploads\/2024\/07\/logo-marron.webp\",\"contentUrl\":\"https:\/\/oksa.co\/wp-content\/uploads\/2024\/07\/logo-marron.webp\",\"width\":400,\"height\":155,\"caption\":\"Oksa Group\"},\"image\":{\"@id\":\"https:\/\/oksa.co\/#\/schema\/logo\/image\/\"}}]}<\/script>\n<!-- \/ Yoast SEO plugin. -->","yoast_head_json":{"title":"Analyse des fertilisants - Oksa","robots":{"index":"index","follow":"follow","max-snippet":"max-snippet:-1","max-image-preview":"max-image-preview:large","max-video-preview":"max-video-preview:-1"},"canonical":"https:\/\/oksa.co\/?page_id=870","og_locale":"fr_FR","og_type":"article","og_title":"Analyse des fertilisants - Oksa","og_description":"Notre laboratoire est capable de vous fournir des services d\u2019analyse d\u2019engrais pr\u00e9cis et rentables conform\u00e9ment aux normes internationales. Afin de permettre \u00e0 vos engrais d\u2019\u00eatre mis sur le march\u00e9 de l\u2019UE sous le r\u00e8glement harmonis\u00e9 UE 2019\/1009, votre produit doit \u00eatre parfaitement conforme \u00e0 certaines exigences. Analyse granulom\u00e9trique Ce param\u00e8tre est effectu\u00e9 pour d\u00e9terminer la [&hellip;]","og_url":"https:\/\/oksa.co\/?page_id=870","og_site_name":"Oksa","article_modified_time":"2024-08-25T10:17:25+00:00","og_image":[{"width":400,"height":155,"url":"https:\/\/oksa.co\/wp-content\/uploads\/2024\/07\/logo-marron.webp","type":"image\/webp"}],"twitter_card":"summary_large_image","twitter_misc":{"Dur\u00e9e de lecture estim\u00e9e":"3 minutes"},"schema":{"@context":"https:\/\/schema.org","@graph":[{"@type":"WebPage","@id":"https:\/\/oksa.co\/?page_id=870","url":"https:\/\/oksa.co\/?page_id=870","name":"Analyse des fertilisants - Oksa","isPartOf":{"@id":"https:\/\/oksa.co\/#website"},"datePublished":"2024-08-25T10:15:17+00:00","dateModified":"2024-08-25T10:17:25+00:00","breadcrumb":{"@id":"https:\/\/oksa.co\/?page_id=870#breadcrumb"},"inLanguage":"fr-FR","potentialAction":[{"@type":"ReadAction","target":["https:\/\/oksa.co\/?page_id=870"]}]},{"@type":"BreadcrumbList","@id":"https:\/\/oksa.co\/?page_id=870#breadcrumb","itemListElement":[{"@type":"ListItem","position":1,"name":"Accueil","item":"https:\/\/oksa.co\/"},{"@type":"ListItem","position":2,"name":"Lab","item":"https:\/\/oksa.co\/?page_id=249"},{"@type":"ListItem","position":3,"name":"Analyse des fertilisants"}]},{"@type":"WebSite","@id":"https:\/\/oksa.co\/#website","url":"https:\/\/oksa.co\/","name":"Oksa Group","description":"","publisher":{"@id":"https:\/\/oksa.co\/#organization"},"potentialAction":[{"@type":"SearchAction","target":{"@type":"EntryPoint","urlTemplate":"https:\/\/oksa.co\/?s={search_term_string}"},"query-input":{"@type":"PropertyValueSpecification","valueRequired":true,"valueName":"search_term_string"}}],"inLanguage":"fr-FR"},{"@type":"Organization","@id":"https:\/\/oksa.co\/#organization","name":"Oksa Group","url":"https:\/\/oksa.co\/","logo":{"@type":"ImageObject","inLanguage":"fr-FR","@id":"https:\/\/oksa.co\/#\/schema\/logo\/image\/","url":"https:\/\/oksa.co\/wp-content\/uploads\/2024\/07\/logo-marron.webp","contentUrl":"https:\/\/oksa.co\/wp-content\/uploads\/2024\/07\/logo-marron.webp","width":400,"height":155,"caption":"Oksa Group"},"image":{"@id":"https:\/\/oksa.co\/#\/schema\/logo\/image\/"}}]}},"_links":{"self":[{"href":"https:\/\/oksa.co\/index.php?rest_route=\/wp\/v2\/pages\/870","targetHints":{"allow":["GET"]}}],"collection":[{"href":"https:\/\/oksa.co\/index.php?rest_route=\/wp\/v2\/pages"}],"about":[{"href":"https:\/\/oksa.co\/index.php?rest_route=\/wp\/v2\/types\/page"}],"author":[{"embeddable":true,"href":"https:\/\/oksa.co\/index.php?rest_route=\/wp\/v2\/users\/1"}],"replies":[{"embeddable":true,"href":"https:\/\/oksa.co\/index.php?rest_route=%2Fwp%2Fv2%2Fcomments&post=870"}],"version-history":[{"count":7,"href":"https:\/\/oksa.co\/index.php?rest_route=\/wp\/v2\/pages\/870\/revisions"}],"predecessor-version":[{"id":879,"href":"https:\/\/oksa.co\/index.php?rest_route=\/wp\/v2\/pages\/870\/revisions\/879"}],"up":[{"embeddable":true,"href":"https:\/\/oksa.co\/index.php?rest_route=\/wp\/v2\/pages\/249"}],"wp:attachment":[{"href":"https:\/\/oksa.co\/index.php?rest_route=%2Fwp%2Fv2%2Fmedia&parent=870"}],"curies":[{"name":"wp","href":"https:\/\/api.w.org\/{rel}","templated":true}]}}