{"id":895,"date":"2024-08-25T10:26:05","date_gmt":"2024-08-25T10:26:05","guid":{"rendered":"https:\/\/oksa.cogitoweb.net\/?page_id=895"},"modified":"2024-08-25T10:30:02","modified_gmt":"2024-08-25T10:30:02","slug":"smart-in-one-monitoring","status":"publish","type":"page","link":"https:\/\/oksa.co\/?page_id=895","title":{"rendered":"Smart-in-one-monitoring"},"content":{"rendered":"\t\t<div data-elementor-type=\"wp-page\" data-elementor-id=\"895\" class=\"elementor elementor-895\" data-elementor-post-type=\"page\">\n\t\t\t\t<div class=\"elementor-element elementor-element-8e71728 e-con-full e-flex e-con e-parent\" data-id=\"8e71728\" data-element_type=\"container\">\n\t\t\t\t<div class=\"elementor-element elementor-element-e57b68f elementor-widget elementor-widget-template\" data-id=\"e57b68f\" data-element_type=\"widget\" data-widget_type=\"template.default\">\n\t\t\t\t<div class=\"elementor-widget-container\">\n\t\t\t\t\t<div class=\"elementor-template\">\n\t\t\t\t\t<div data-elementor-type=\"page\" data-elementor-id=\"820\" class=\"elementor elementor-820\" data-elementor-post-type=\"elementor_library\">\n\t\t\t\t<div class=\"elementor-element elementor-element-6dc30974 e-flex e-con-boxed e-con e-parent\" data-id=\"6dc30974\" data-element_type=\"container\" data-settings=\"{&quot;background_background&quot;:&quot;classic&quot;,&quot;shape_divider_bottom&quot;:&quot;curve&quot;,&quot;shape_divider_bottom_negative&quot;:&quot;yes&quot;}\">\n\t\t\t\t\t<div class=\"e-con-inner\">\n\t\t\t\t<div class=\"elementor-shape elementor-shape-bottom\" data-negative=\"true\">\n\t\t\t<svg xmlns=\"http:\/\/www.w3.org\/2000\/svg\" viewBox=\"0 0 1000 100\" preserveAspectRatio=\"none\">\n\t<path class=\"elementor-shape-fill\" d=\"M500,97C126.7,96.3,0.8,19.8,0,0v100l1000,0V1C1000,19.4,873.3,97.8,500,97z\"\/>\n<\/svg>\t\t<\/div>\n\t\t\t\t\t<\/div>\n\t\t\t\t<\/div>\n\t\t<div class=\"elementor-element elementor-element-4017212c e-flex e-con-boxed e-con e-parent\" data-id=\"4017212c\" data-element_type=\"container\">\n\t\t\t\t\t<div class=\"e-con-inner\">\n\t\t\t\t<div class=\"elementor-element elementor-element-2e445079 elementor-widget elementor-widget-breadcrumbs\" data-id=\"2e445079\" data-element_type=\"widget\" data-widget_type=\"breadcrumbs.default\">\n\t\t\t\t<div class=\"elementor-widget-container\">\n\t\t\t<span id=\"breadcrumbs\"><span><span><a href=\"https:\/\/oksa.co\/\">Accueil<\/a><\/span><\/span><\/span>\t\t<\/div>\n\t\t\t\t<\/div>\n\t\t\t\t\t<\/div>\n\t\t\t\t<\/div>\n\t\t<div class=\"elementor-element elementor-element-62be76ec e-flex e-con-boxed e-con e-parent\" data-id=\"62be76ec\" data-element_type=\"container\">\n\t\t\t\t\t<div class=\"e-con-inner\">\n\t\t\t\t<div class=\"elementor-element elementor-element-6b71c52d custom-h2 elementor-widget elementor-widget-heading\" data-id=\"6b71c52d\" data-element_type=\"widget\" data-widget_type=\"heading.default\">\n\t\t\t\t<div class=\"elementor-widget-container\">\n\t\t\t<h1 class=\"elementor-heading-title elementor-size-default\">Smart-in-one-monitoring<\/h1>\t\t<\/div>\n\t\t\t\t<\/div>\n\t\t\t\t\t<\/div>\n\t\t\t\t<\/div>\n\t\t\t\t<\/div>\n\t\t\t\t<\/div>\n\t\t\t\t<\/div>\n\t\t\t\t<\/div>\n\t\t\t\t<\/div>\n\t\t<div class=\"elementor-element elementor-element-21514c5 e-flex e-con-boxed e-con e-parent\" data-id=\"21514c5\" data-element_type=\"container\">\n\t\t\t\t\t<div class=\"e-con-inner\">\n\t\t\t\t<div class=\"elementor-element elementor-element-3cfdf94 lab elementor-widget elementor-widget-text-editor\" data-id=\"3cfdf94\" data-element_type=\"widget\" data-widget_type=\"text-editor.default\">\n\t\t\t\t<div class=\"elementor-widget-container\">\n\t\t\t\t\t\t\t<p>S\u00e9rie de solutions effectives pour mesurer la concentration de gaz dissous dans les transformateurs de puissance. La m\u00e9thode de mesure Infrarouge Spectroscopique avec l\u2019extraction de gaz particuli\u00e8re assure une grande fiabilit\u00e9 de r\u00e9sultats avec un \u00e9quipement tr\u00e8s robuste, solide et facile a installer.<\/p><ul><li>Identifier des d\u00e9fauts potentiels suffisamment t\u00f4t pour \u00e9viter des d\u00e9faillances et des arr\u00eats impr\u00e9vues<\/li><li>Investiguer des effets de vieillissement pr\u00e9matur\u00e9s et d\u00e9tecter des d\u00e9t\u00e9riorations anormales sont la base pour que des actions pr\u00e9ventives peuvent \u00eatre mises en place dans le temps.<\/li><li>Le diagnostic continuel des gaz de d\u00e9faut, combin\u00e9 avec \u2013 en option la mesure d\u2019autres param\u00e8tres sur une seule base de donn\u00e9es est une base quantitative pour classifier tout d\u00e9viation pr\u00e9matur\u00e9 et anormal. Syst\u00e8me intelligent pour la mesure individuelle de gaz dissous et d\u2019humidit\u00e9 contenus dans l\u2019huile d\u2019isolation des transformateurs de puissance: H2, CO, CO2, CH4, C2H2, C2H4, C2H6, O2, N2 et humidit\u00e9 (H2O) dissous. Il est possible d\u2019int\u00e9grer des fonctionnalit\u00e9s suppl\u00e9mentaires (ex: courants, tensions, temp\u00e9ratures, position du r\u00e9gleur, travers\u00e9es,\u2026)<\/li><\/ul><h2>Sp\u00e9cifications typiques des mod\u00e8les M1+, M3, M5, M8, M9, M9+<\/h2><ul><li>M5 = Mod\u00e8le de 4 gaz dissous, plus humidit\u00e9: H2, CO, C2H2, C2H4 + H2O.<\/li><li>M6 = Mod\u00e8le de 5 gaz dissous, plus humidit\u00e9: H2, CO, CH4, C2H2, C2H4 + H2O.<\/li><li>M8 = Mod\u00e8le de 7 gaz, \u2013 identique au M5, int\u00e9grant CO2, CH4, C2H6 en plus.<\/li><li>M9 = Mod\u00e8le de 8 gaz, \u2013 identique au M8, int\u00e9grant O2. M9+ N2 en plus.<\/li><\/ul>\t\t\t\t\t\t<\/div>\n\t\t\t\t<\/div>\n\t\t\t\t\t<\/div>\n\t\t\t\t<\/div>\n\t\t\t\t<\/div>\n\t\t","protected":false},"excerpt":{"rendered":"<p>S\u00e9rie de solutions effectives pour mesurer la concentration de gaz dissous dans les transformateurs de puissance. La m\u00e9thode de mesure Infrarouge Spectroscopique avec l\u2019extraction de gaz particuli\u00e8re assure une grande fiabilit\u00e9 de r\u00e9sultats avec un \u00e9quipement tr\u00e8s robuste, solide et facile a installer. Identifier des d\u00e9fauts potentiels suffisamment t\u00f4t pour \u00e9viter des d\u00e9faillances et des [&hellip;]<\/p>\n","protected":false},"author":1,"featured_media":0,"parent":249,"menu_order":0,"comment_status":"closed","ping_status":"closed","template":"elementor_header_footer","meta":{"footnotes":""},"class_list":["post-895","page","type-page","status-publish","hentry"],"yoast_head":"<!-- This site is optimized with the Yoast SEO plugin v23.6 - https:\/\/yoast.com\/wordpress\/plugins\/seo\/ -->\n<title>Smart-in-one-monitoring - Oksa<\/title>\n<meta name=\"robots\" content=\"index, follow, max-snippet:-1, max-image-preview:large, max-video-preview:-1\" \/>\n<link rel=\"canonical\" href=\"https:\/\/oksa.co\/?page_id=895\" \/>\n<meta property=\"og:locale\" content=\"fr_FR\" \/>\n<meta property=\"og:type\" content=\"article\" \/>\n<meta property=\"og:title\" content=\"Smart-in-one-monitoring - Oksa\" \/>\n<meta property=\"og:description\" content=\"S\u00e9rie de solutions effectives pour mesurer la concentration de gaz dissous dans les transformateurs de puissance. La m\u00e9thode de mesure Infrarouge Spectroscopique avec l\u2019extraction de gaz particuli\u00e8re assure une grande fiabilit\u00e9 de r\u00e9sultats avec un \u00e9quipement tr\u00e8s robuste, solide et facile a installer. Identifier des d\u00e9fauts potentiels suffisamment t\u00f4t pour \u00e9viter des d\u00e9faillances et des [&hellip;]\" \/>\n<meta property=\"og:url\" content=\"https:\/\/oksa.co\/?page_id=895\" \/>\n<meta property=\"og:site_name\" content=\"Oksa\" \/>\n<meta property=\"article:modified_time\" content=\"2024-08-25T10:30:02+00:00\" \/>\n<meta property=\"og:image\" content=\"https:\/\/oksa.co\/wp-content\/uploads\/2024\/07\/logo-marron.webp\" \/>\n\t<meta property=\"og:image:width\" content=\"400\" \/>\n\t<meta property=\"og:image:height\" content=\"155\" \/>\n\t<meta property=\"og:image:type\" content=\"image\/webp\" \/>\n<meta name=\"twitter:card\" content=\"summary_large_image\" \/>\n<meta name=\"twitter:label1\" content=\"Dur\u00e9e de lecture estim\u00e9e\" \/>\n\t<meta name=\"twitter:data1\" content=\"2 minutes\" \/>\n<script type=\"application\/ld+json\" class=\"yoast-schema-graph\">{\"@context\":\"https:\/\/schema.org\",\"@graph\":[{\"@type\":\"WebPage\",\"@id\":\"https:\/\/oksa.co\/?page_id=895\",\"url\":\"https:\/\/oksa.co\/?page_id=895\",\"name\":\"Smart-in-one-monitoring - Oksa\",\"isPartOf\":{\"@id\":\"https:\/\/oksa.co\/#website\"},\"datePublished\":\"2024-08-25T10:26:05+00:00\",\"dateModified\":\"2024-08-25T10:30:02+00:00\",\"breadcrumb\":{\"@id\":\"https:\/\/oksa.co\/?page_id=895#breadcrumb\"},\"inLanguage\":\"fr-FR\",\"potentialAction\":[{\"@type\":\"ReadAction\",\"target\":[\"https:\/\/oksa.co\/?page_id=895\"]}]},{\"@type\":\"BreadcrumbList\",\"@id\":\"https:\/\/oksa.co\/?page_id=895#breadcrumb\",\"itemListElement\":[{\"@type\":\"ListItem\",\"position\":1,\"name\":\"Accueil\",\"item\":\"https:\/\/oksa.co\/\"},{\"@type\":\"ListItem\",\"position\":2,\"name\":\"Lab\",\"item\":\"https:\/\/oksa.co\/?page_id=249\"},{\"@type\":\"ListItem\",\"position\":3,\"name\":\"Smart-in-one-monitoring\"}]},{\"@type\":\"WebSite\",\"@id\":\"https:\/\/oksa.co\/#website\",\"url\":\"https:\/\/oksa.co\/\",\"name\":\"Oksa Group\",\"description\":\"\",\"publisher\":{\"@id\":\"https:\/\/oksa.co\/#organization\"},\"potentialAction\":[{\"@type\":\"SearchAction\",\"target\":{\"@type\":\"EntryPoint\",\"urlTemplate\":\"https:\/\/oksa.co\/?s={search_term_string}\"},\"query-input\":{\"@type\":\"PropertyValueSpecification\",\"valueRequired\":true,\"valueName\":\"search_term_string\"}}],\"inLanguage\":\"fr-FR\"},{\"@type\":\"Organization\",\"@id\":\"https:\/\/oksa.co\/#organization\",\"name\":\"Oksa Group\",\"url\":\"https:\/\/oksa.co\/\",\"logo\":{\"@type\":\"ImageObject\",\"inLanguage\":\"fr-FR\",\"@id\":\"https:\/\/oksa.co\/#\/schema\/logo\/image\/\",\"url\":\"https:\/\/oksa.co\/wp-content\/uploads\/2024\/07\/logo-marron.webp\",\"contentUrl\":\"https:\/\/oksa.co\/wp-content\/uploads\/2024\/07\/logo-marron.webp\",\"width\":400,\"height\":155,\"caption\":\"Oksa Group\"},\"image\":{\"@id\":\"https:\/\/oksa.co\/#\/schema\/logo\/image\/\"}}]}<\/script>\n<!-- \/ Yoast SEO plugin. -->","yoast_head_json":{"title":"Smart-in-one-monitoring - Oksa","robots":{"index":"index","follow":"follow","max-snippet":"max-snippet:-1","max-image-preview":"max-image-preview:large","max-video-preview":"max-video-preview:-1"},"canonical":"https:\/\/oksa.co\/?page_id=895","og_locale":"fr_FR","og_type":"article","og_title":"Smart-in-one-monitoring - Oksa","og_description":"S\u00e9rie de solutions effectives pour mesurer la concentration de gaz dissous dans les transformateurs de puissance. La m\u00e9thode de mesure Infrarouge Spectroscopique avec l\u2019extraction de gaz particuli\u00e8re assure une grande fiabilit\u00e9 de r\u00e9sultats avec un \u00e9quipement tr\u00e8s robuste, solide et facile a installer. Identifier des d\u00e9fauts potentiels suffisamment t\u00f4t pour \u00e9viter des d\u00e9faillances et des [&hellip;]","og_url":"https:\/\/oksa.co\/?page_id=895","og_site_name":"Oksa","article_modified_time":"2024-08-25T10:30:02+00:00","og_image":[{"width":400,"height":155,"url":"https:\/\/oksa.co\/wp-content\/uploads\/2024\/07\/logo-marron.webp","type":"image\/webp"}],"twitter_card":"summary_large_image","twitter_misc":{"Dur\u00e9e de lecture estim\u00e9e":"2 minutes"},"schema":{"@context":"https:\/\/schema.org","@graph":[{"@type":"WebPage","@id":"https:\/\/oksa.co\/?page_id=895","url":"https:\/\/oksa.co\/?page_id=895","name":"Smart-in-one-monitoring - Oksa","isPartOf":{"@id":"https:\/\/oksa.co\/#website"},"datePublished":"2024-08-25T10:26:05+00:00","dateModified":"2024-08-25T10:30:02+00:00","breadcrumb":{"@id":"https:\/\/oksa.co\/?page_id=895#breadcrumb"},"inLanguage":"fr-FR","potentialAction":[{"@type":"ReadAction","target":["https:\/\/oksa.co\/?page_id=895"]}]},{"@type":"BreadcrumbList","@id":"https:\/\/oksa.co\/?page_id=895#breadcrumb","itemListElement":[{"@type":"ListItem","position":1,"name":"Accueil","item":"https:\/\/oksa.co\/"},{"@type":"ListItem","position":2,"name":"Lab","item":"https:\/\/oksa.co\/?page_id=249"},{"@type":"ListItem","position":3,"name":"Smart-in-one-monitoring"}]},{"@type":"WebSite","@id":"https:\/\/oksa.co\/#website","url":"https:\/\/oksa.co\/","name":"Oksa Group","description":"","publisher":{"@id":"https:\/\/oksa.co\/#organization"},"potentialAction":[{"@type":"SearchAction","target":{"@type":"EntryPoint","urlTemplate":"https:\/\/oksa.co\/?s={search_term_string}"},"query-input":{"@type":"PropertyValueSpecification","valueRequired":true,"valueName":"search_term_string"}}],"inLanguage":"fr-FR"},{"@type":"Organization","@id":"https:\/\/oksa.co\/#organization","name":"Oksa Group","url":"https:\/\/oksa.co\/","logo":{"@type":"ImageObject","inLanguage":"fr-FR","@id":"https:\/\/oksa.co\/#\/schema\/logo\/image\/","url":"https:\/\/oksa.co\/wp-content\/uploads\/2024\/07\/logo-marron.webp","contentUrl":"https:\/\/oksa.co\/wp-content\/uploads\/2024\/07\/logo-marron.webp","width":400,"height":155,"caption":"Oksa Group"},"image":{"@id":"https:\/\/oksa.co\/#\/schema\/logo\/image\/"}}]}},"_links":{"self":[{"href":"https:\/\/oksa.co\/index.php?rest_route=\/wp\/v2\/pages\/895","targetHints":{"allow":["GET"]}}],"collection":[{"href":"https:\/\/oksa.co\/index.php?rest_route=\/wp\/v2\/pages"}],"about":[{"href":"https:\/\/oksa.co\/index.php?rest_route=\/wp\/v2\/types\/page"}],"author":[{"embeddable":true,"href":"https:\/\/oksa.co\/index.php?rest_route=\/wp\/v2\/users\/1"}],"replies":[{"embeddable":true,"href":"https:\/\/oksa.co\/index.php?rest_route=%2Fwp%2Fv2%2Fcomments&post=895"}],"version-history":[{"count":4,"href":"https:\/\/oksa.co\/index.php?rest_route=\/wp\/v2\/pages\/895\/revisions"}],"predecessor-version":[{"id":901,"href":"https:\/\/oksa.co\/index.php?rest_route=\/wp\/v2\/pages\/895\/revisions\/901"}],"up":[{"embeddable":true,"href":"https:\/\/oksa.co\/index.php?rest_route=\/wp\/v2\/pages\/249"}],"wp:attachment":[{"href":"https:\/\/oksa.co\/index.php?rest_route=%2Fwp%2Fv2%2Fmedia&parent=895"}],"curies":[{"name":"wp","href":"https:\/\/api.w.org\/{rel}","templated":true}]}}