{"id":914,"date":"2024-08-25T10:54:14","date_gmt":"2024-08-25T10:54:14","guid":{"rendered":"https:\/\/oksa.cogitoweb.net\/?page_id=914"},"modified":"2024-09-03T13:15:24","modified_gmt":"2024-09-03T13:15:24","slug":"contact","status":"publish","type":"page","link":"https:\/\/oksa.co\/?page_id=914","title":{"rendered":"Contactez nous"},"content":{"rendered":"\t\t<div data-elementor-type=\"wp-page\" data-elementor-id=\"914\" class=\"elementor elementor-914\" data-elementor-post-type=\"page\">\n\t\t\t\t<div class=\"elementor-element elementor-element-88deab5 e-con-full e-flex e-con e-parent\" data-id=\"88deab5\" data-element_type=\"container\">\n\t\t\t\t<div class=\"elementor-element elementor-element-a10fa29 elementor-widget elementor-widget-template\" data-id=\"a10fa29\" data-element_type=\"widget\" data-widget_type=\"template.default\">\n\t\t\t\t<div class=\"elementor-widget-container\">\n\t\t\t\t\t<div class=\"elementor-template\">\n\t\t\t\t\t<div data-elementor-type=\"page\" data-elementor-id=\"692\" class=\"elementor elementor-692\" data-elementor-post-type=\"elementor_library\">\n\t\t\t\t<div class=\"elementor-element elementor-element-2e020e63 e-con-full e-flex e-con e-parent\" data-id=\"2e020e63\" data-element_type=\"container\" data-settings=\"{&quot;shape_divider_bottom&quot;:&quot;curve&quot;,&quot;shape_divider_bottom_negative&quot;:&quot;yes&quot;}\">\n\t\t\t\t<div class=\"elementor-shape elementor-shape-bottom\" data-negative=\"true\">\n\t\t\t<svg xmlns=\"http:\/\/www.w3.org\/2000\/svg\" viewBox=\"0 0 1000 100\" preserveAspectRatio=\"none\">\n\t<path class=\"elementor-shape-fill\" d=\"M500,97C126.7,96.3,0.8,19.8,0,0v100l1000,0V1C1000,19.4,873.3,97.8,500,97z\"\/>\n<\/svg>\t\t<\/div>\n\t\t<div class=\"elementor-element elementor-element-699b2a4f e-con-full e-flex e-con e-child\" data-id=\"699b2a4f\" data-element_type=\"container\" data-settings=\"{&quot;background_background&quot;:&quot;classic&quot;}\">\n\t\t\t\t<\/div>\n\t\t<div class=\"elementor-element elementor-element-6369e56f e-con-full elementor-hidden-mobile e-flex e-con e-child\" data-id=\"6369e56f\" data-element_type=\"container\" data-settings=\"{&quot;background_background&quot;:&quot;classic&quot;}\">\n\t\t\t\t<\/div>\n\t\t<div class=\"elementor-element elementor-element-1aaaa2c0 e-con-full elementor-hidden-mobile e-flex e-con e-child\" data-id=\"1aaaa2c0\" data-element_type=\"container\" data-settings=\"{&quot;background_background&quot;:&quot;classic&quot;}\">\n\t\t\t\t<\/div>\n\t\t\t\t<\/div>\n\t\t<div class=\"elementor-element elementor-element-61aa4d3e e-flex e-con-boxed e-con e-parent\" data-id=\"61aa4d3e\" data-element_type=\"container\">\n\t\t\t\t\t<div class=\"e-con-inner\">\n\t\t\t\t<div class=\"elementor-element elementor-element-5c521f4d elementor-widget elementor-widget-breadcrumbs\" data-id=\"5c521f4d\" data-element_type=\"widget\" data-widget_type=\"breadcrumbs.default\">\n\t\t\t\t<div class=\"elementor-widget-container\">\n\t\t\t<span id=\"breadcrumbs\"><span><span><a href=\"https:\/\/oksa.co\/\">Accueil<\/a><\/span><\/span><\/span>\t\t<\/div>\n\t\t\t\t<\/div>\n\t\t\t\t\t<\/div>\n\t\t\t\t<\/div>\n\t\t<div class=\"elementor-element elementor-element-58dd83a8 e-flex e-con-boxed e-con e-parent\" data-id=\"58dd83a8\" data-element_type=\"container\">\n\t\t\t\t\t<div class=\"e-con-inner\">\n\t\t\t\t<div class=\"elementor-element elementor-element-617d21c5 custom-h2 elementor-widget elementor-widget-heading\" data-id=\"617d21c5\" data-element_type=\"widget\" data-widget_type=\"heading.default\">\n\t\t\t\t<div class=\"elementor-widget-container\">\n\t\t\t<h1 class=\"elementor-heading-title elementor-size-default\">Contactez nous<\/h1>\t\t<\/div>\n\t\t\t\t<\/div>\n\t\t\t\t\t<\/div>\n\t\t\t\t<\/div>\n\t\t\t\t<\/div>\n\t\t\t\t<\/div>\n\t\t\t\t<\/div>\n\t\t\t\t<\/div>\n\t\t\t\t<\/div>\n\t\t<div class=\"elementor-element elementor-element-c03c0ca e-flex e-con-boxed e-con e-parent\" data-id=\"c03c0ca\" data-element_type=\"container\">\n\t\t\t\t\t<div class=\"e-con-inner\">\n\t\t<div class=\"elementor-element elementor-element-08dcc97 e-con-full e-flex e-con e-child\" data-id=\"08dcc97\" data-element_type=\"container\">\n\t\t<div class=\"elementor-element elementor-element-8dffb50 e-con-full e-flex e-con e-child\" data-id=\"8dffb50\" data-element_type=\"container\">\n\t\t\t\t<div class=\"elementor-element elementor-element-b22462b elementor-position-left elementor-view-default elementor-mobile-position-top elementor-vertical-align-top elementor-widget elementor-widget-icon-box\" data-id=\"b22462b\" data-element_type=\"widget\" data-widget_type=\"icon-box.default\">\n\t\t\t\t<div class=\"elementor-widget-container\">\n\t\t\t\t\t<div class=\"elementor-icon-box-wrapper\">\n\n\t\t\t\t\t\t<div class=\"elementor-icon-box-icon\">\n\t\t\t\t<span  class=\"elementor-icon elementor-animation-\">\n\t\t\t\t<svg aria-hidden=\"true\" class=\"e-font-icon-svg e-fas-phone-volume\" viewBox=\"0 0 384 512\" xmlns=\"http:\/\/www.w3.org\/2000\/svg\"><path d=\"M97.333 506.966c-129.874-129.874-129.681-340.252 0-469.933 5.698-5.698 14.527-6.632 21.263-2.422l64.817 40.513a17.187 17.187 0 0 1 6.849 20.958l-32.408 81.021a17.188 17.188 0 0 1-17.669 10.719l-55.81-5.58c-21.051 58.261-20.612 122.471 0 179.515l55.811-5.581a17.188 17.188 0 0 1 17.669 10.719l32.408 81.022a17.188 17.188 0 0 1-6.849 20.958l-64.817 40.513a17.19 17.19 0 0 1-21.264-2.422zM247.126 95.473c11.832 20.047 11.832 45.008 0 65.055-3.95 6.693-13.108 7.959-18.718 2.581l-5.975-5.726c-3.911-3.748-4.793-9.622-2.261-14.41a32.063 32.063 0 0 0 0-29.945c-2.533-4.788-1.65-10.662 2.261-14.41l5.975-5.726c5.61-5.378 14.768-4.112 18.718 2.581zm91.787-91.187c60.14 71.604 60.092 175.882 0 247.428-4.474 5.327-12.53 5.746-17.552.933l-5.798-5.557c-4.56-4.371-4.977-11.529-.93-16.379 49.687-59.538 49.646-145.933 0-205.422-4.047-4.85-3.631-12.008.93-16.379l5.798-5.557c5.022-4.813 13.078-4.394 17.552.933zm-45.972 44.941c36.05 46.322 36.108 111.149 0 157.546-4.39 5.641-12.697 6.251-17.856 1.304l-5.818-5.579c-4.4-4.219-4.998-11.095-1.285-15.931 26.536-34.564 26.534-82.572 0-117.134-3.713-4.836-3.115-11.711 1.285-15.931l5.818-5.579c5.159-4.947 13.466-4.337 17.856 1.304z\"><\/path><\/svg>\t\t\t\t<\/span>\n\t\t\t<\/div>\n\t\t\t\n\t\t\t\t\t\t<div class=\"elementor-icon-box-content\">\n\n\t\t\t\t\t\t\t\t\t<span class=\"elementor-icon-box-title\">\n\t\t\t\t\t\t<span  >\n\t\t\t\t\t\t\tNous appeler\t\t\t\t\t\t<\/span>\n\t\t\t\t\t<\/span>\n\t\t\t\t\n\t\t\t\t\t\t\t\t\t<p class=\"elementor-icon-box-description\">\n\t\t\t\t\t\t(+212) 537 26 47 74\/73 <br\/>\n(+212) 537 26 47 69\t\t\t\t\t<\/p>\n\t\t\t\t\n\t\t\t<\/div>\n\t\t\t\n\t\t<\/div>\n\t\t\t\t<\/div>\n\t\t\t\t<\/div>\n\t\t\t\t<div class=\"elementor-element elementor-element-e41fa71 elementor-position-left elementor-view-default elementor-mobile-position-top elementor-vertical-align-top elementor-widget elementor-widget-icon-box\" data-id=\"e41fa71\" data-element_type=\"widget\" data-widget_type=\"icon-box.default\">\n\t\t\t\t<div class=\"elementor-widget-container\">\n\t\t\t\t\t<div class=\"elementor-icon-box-wrapper\">\n\n\t\t\t\t\t\t<div class=\"elementor-icon-box-icon\">\n\t\t\t\t<span  class=\"elementor-icon elementor-animation-\">\n\t\t\t\t<svg aria-hidden=\"true\" class=\"e-font-icon-svg e-fas-map-marker-alt\" viewBox=\"0 0 384 512\" xmlns=\"http:\/\/www.w3.org\/2000\/svg\"><path d=\"M172.268 501.67C26.97 291.031 0 269.413 0 192 0 85.961 85.961 0 192 0s192 85.961 192 192c0 77.413-26.97 99.031-172.268 309.67-9.535 13.774-29.93 13.773-39.464 0zM192 272c44.183 0 80-35.817 80-80s-35.817-80-80-80-80 35.817-80 80 35.817 80 80 80z\"><\/path><\/svg>\t\t\t\t<\/span>\n\t\t\t<\/div>\n\t\t\t\n\t\t\t\t\t\t<div class=\"elementor-icon-box-content\">\n\n\t\t\t\t\t\t\t\t\t<span class=\"elementor-icon-box-title\">\n\t\t\t\t\t\t<span  >\n\t\t\t\t\t\t\tNous rendre visite\t\t\t\t\t\t<\/span>\n\t\t\t\t\t<\/span>\n\t\t\t\t\n\t\t\t\t\t\t\t\t\t<p class=\"elementor-icon-box-description\">\n\t\t\t\t\t\tRue BANI TANZA 40D<br \/>\nSOUISSI-YOOSSOOFIA<br \/>\n10020 RABAT MAROC\t\t\t\t\t<\/p>\n\t\t\t\t\n\t\t\t<\/div>\n\t\t\t\n\t\t<\/div>\n\t\t\t\t<\/div>\n\t\t\t\t<\/div>\n\t\t\t\t<div class=\"elementor-element elementor-element-52d2523 elementor-position-left elementor-view-default elementor-mobile-position-top elementor-vertical-align-top elementor-widget elementor-widget-icon-box\" data-id=\"52d2523\" data-element_type=\"widget\" data-widget_type=\"icon-box.default\">\n\t\t\t\t<div class=\"elementor-widget-container\">\n\t\t\t\t\t<div class=\"elementor-icon-box-wrapper\">\n\n\t\t\t\t\t\t<div class=\"elementor-icon-box-icon\">\n\t\t\t\t<a href=\"mailto:contact@oksa.co\" class=\"elementor-icon elementor-animation-\" tabindex=\"-1\">\n\t\t\t\t<svg xmlns=\"http:\/\/www.w3.org\/2000\/svg\" width=\"32\" height=\"32\" viewBox=\"0 0 8.4666665 8.4666669\"><g transform=\"translate(0,-288.53332)\"><path d=\"m 0.52916662,289.06249 v 0.2155 3.30545 H 1.1241537 l -0.14750358,1.6259 1.60679598,-1.6259 h 0.4856021 v 2.26233 h 2.8406899 l 1.6092824,1.62506 -0.1483327,-1.62506 h 0.5668123 v -3.52011 H 5.4523108 v -2.26317 z m 0.4259377,0.42766 H 5.0296877 v 1.83551 h -0.00165 v 0.21466 0.61212 H 2.4086036 l -0.9024249,0.9098 0.084525,-0.9098 H 0.95511172 Z m 0.94302968,0.98777 a 0.2928948,0.29580911 0 0 0 -0.2925214,0.29599 0.2928948,0.29580911 0 0 0 0.2925214,0.29517 0.2928948,0.29580911 0 0 0 0.29335,-0.29517 0.2928948,0.29580911 0 0 0 -0.29335,-0.29599 z m 1.0930188,0 a 0.2928948,0.29580911 0 0 0 -0.2925213,0.29599 0.2928948,0.29580911 0 0 0 0.2925213,0.29517 0.2928948,0.29580911 0 0 0 0.2933505,-0.29517 0.2928948,0.29580911 0 0 0 -0.2933505,-0.29599 z m 1.0930193,0 a 0.2928948,0.29580911 0 0 0 -0.2925214,0.29599 0.2928948,0.29580911 0 0 0 0.2925214,0.29517 0.2928948,0.29580911 0 0 0 0.2933504,-0.29517 0.2928948,0.29580911 0 0 0 -0.2933504,-0.29599 z m 1.3681387,1.27706 h 2.0609089 v 2.66147 H 6.9049739 l 0.083696,0.9123 -0.9032535,-0.9123 h -2.592088 v -1.83301 h 1.9589823 v -8.6e-4 z m -1.0416414,0.9861 a 0.2928948,0.29580911 0 0 0 -0.2933504,0.296 0.2928948,0.29580911 0 0 0 0.2933504,0.29516 0.2928948,0.29580911 0 0 0 0.2925214,-0.29516 0.2928948,0.29580911 0 0 0 -0.2925214,-0.296 z m 1.0930192,0 a 0.2928948,0.29580911 0 0 0 -0.2933504,0.296 0.2928948,0.29580911 0 0 0 0.2933504,0.29516 0.2928948,0.29580911 0 0 0 0.2925214,-0.29516 0.2928948,0.29580911 0 0 0 -0.2925214,-0.296 z m 1.0930188,0 a 0.2928948,0.29580911 0 0 0 -0.29335,0.296 0.2928948,0.29580911 0 0 0 0.29335,0.29516 0.2928948,0.29580911 0 0 0 0.2925214,-0.29516 0.2928948,0.29580911 0 0 0 -0.2925214,-0.296 z\"><\/path><\/g><\/svg>\t\t\t\t<\/a>\n\t\t\t<\/div>\n\t\t\t\n\t\t\t\t\t\t<div class=\"elementor-icon-box-content\">\n\n\t\t\t\t\t\t\t\t\t<span class=\"elementor-icon-box-title\">\n\t\t\t\t\t\t<a href=\"mailto:contact@oksa.co\" >\n\t\t\t\t\t\t\tNous contacter\t\t\t\t\t\t<\/a>\n\t\t\t\t\t<\/span>\n\t\t\t\t\n\t\t\t\t\t\t\t\t\t<p class=\"elementor-icon-box-description\">\n\t\t\t\t\t\tcontact@oksa.co\t\t\t\t\t<\/p>\n\t\t\t\t\n\t\t\t<\/div>\n\t\t\t\n\t\t<\/div>\n\t\t\t\t<\/div>\n\t\t\t\t<\/div>\n\t\t\t\t<\/div>\n\t\t\t\t<div class=\"elementor-element elementor-element-4ac400f elementor-widget elementor-widget-google_maps\" data-id=\"4ac400f\" data-element_type=\"widget\" data-widget_type=\"google_maps.default\">\n\t\t\t\t<div class=\"elementor-widget-container\">\n\t\t\t\t\t<div class=\"elementor-custom-embed\">\n\t\t\t<iframe loading=\"lazy\"\n\t\t\t\t\tsrc=\"https:\/\/maps.google.com\/maps?q=oksa%2C%2040D%2C%20Rue%20Bani%20Tanza%2C%20Rabat&#038;t=m&#038;z=12&#038;output=embed&#038;iwloc=near\"\n\t\t\t\t\ttitle=\"oksa, 40D, Rue Bani Tanza, Rabat\"\n\t\t\t\t\taria-label=\"oksa, 40D, Rue Bani Tanza, Rabat\"\n\t\t\t><\/iframe>\n\t\t<\/div>\n\t\t\t\t<\/div>\n\t\t\t\t<\/div>\n\t\t\t\t<\/div>\n\t\t<div class=\"elementor-element elementor-element-af4d52c e-con-full e-flex e-con e-child\" data-id=\"af4d52c\" data-element_type=\"container\">\n\t\t\t\t<div class=\"elementor-element elementor-element-72621c4 elementor-button-align-center elementor-widget elementor-widget-form\" data-id=\"72621c4\" data-element_type=\"widget\" data-settings=\"{&quot;step_next_label&quot;:&quot;Suivant&quot;,&quot;step_previous_label&quot;:&quot;Pr\\u00e9c\\u00e9dent&quot;,&quot;button_width&quot;:&quot;100&quot;,&quot;step_type&quot;:&quot;number_text&quot;,&quot;step_icon_shape&quot;:&quot;circle&quot;}\" data-widget_type=\"form.default\">\n\t\t\t\t<div class=\"elementor-widget-container\">\n\t\t\t\t\t<form class=\"elementor-form\" method=\"post\" name=\"Nouveau formulaire\">\n\t\t\t<input type=\"hidden\" name=\"post_id\" value=\"914\"\/>\n\t\t\t<input type=\"hidden\" name=\"form_id\" value=\"72621c4\"\/>\n\t\t\t<input type=\"hidden\" name=\"referer_title\" value=\"Oksa\" \/>\n\n\t\t\t\n\t\t\t<div class=\"elementor-form-fields-wrapper elementor-labels-above\">\n\t\t\t\t\t\t\t\t<div class=\"elementor-field-type-radio elementor-field-group elementor-column elementor-field-group-name elementor-col-100\">\n\t\t\t\t\t\t\t\t\t\t\t\t<label for=\"form-field-name\" class=\"elementor-field-label\">\n\t\t\t\t\t\t\t\tCivilit\u00e9\t\t\t\t\t\t\t<\/label>\n\t\t\t\t\t\t<div class=\"elementor-field-subgroup  elementor-subgroup-inline\"><span class=\"elementor-field-option\"><input type=\"radio\" value=\"Mr.\" id=\"form-field-name-0\" name=\"form_fields[name]\"> <label for=\"form-field-name-0\">Mr.<\/label><\/span><span class=\"elementor-field-option\"><input type=\"radio\" value=\"Mme\" id=\"form-field-name-1\" name=\"form_fields[name]\"> <label for=\"form-field-name-1\">Mme<\/label><\/span><\/div>\t\t\t\t<\/div>\n\t\t\t\t\t\t\t\t<div class=\"elementor-field-type-text elementor-field-group elementor-column elementor-field-group-field_e94dd31 elementor-col-50\">\n\t\t\t\t\t\t\t\t\t\t\t\t<label for=\"form-field-field_e94dd31\" class=\"elementor-field-label\">\n\t\t\t\t\t\t\t\tNom\t\t\t\t\t\t\t<\/label>\n\t\t\t\t\t\t\t\t\t\t\t\t\t\t<input size=\"1\" type=\"text\" name=\"form_fields[field_e94dd31]\" id=\"form-field-field_e94dd31\" class=\"elementor-field elementor-size-sm  elementor-field-textual\" placeholder=\"Votre Nom\">\n\t\t\t\t\t\t\t\t\t\t\t<\/div>\n\t\t\t\t\t\t\t\t<div class=\"elementor-field-type-text elementor-field-group elementor-column elementor-field-group-field_5e52e80 elementor-col-50\">\n\t\t\t\t\t\t\t\t\t\t\t\t<label for=\"form-field-field_5e52e80\" class=\"elementor-field-label\">\n\t\t\t\t\t\t\t\tPr\u00e9nom\t\t\t\t\t\t\t<\/label>\n\t\t\t\t\t\t\t\t\t\t\t\t\t\t<input size=\"1\" type=\"text\" name=\"form_fields[field_5e52e80]\" id=\"form-field-field_5e52e80\" class=\"elementor-field elementor-size-sm  elementor-field-textual\" placeholder=\"Votre Pr\u00e9nom\">\n\t\t\t\t\t\t\t\t\t\t\t<\/div>\n\t\t\t\t\t\t\t\t<div class=\"elementor-field-type-email elementor-field-group elementor-column elementor-field-group-email elementor-col-50 elementor-field-required\">\n\t\t\t\t\t\t\t\t\t\t\t\t<label for=\"form-field-email\" class=\"elementor-field-label\">\n\t\t\t\t\t\t\t\tE-mail\t\t\t\t\t\t\t<\/label>\n\t\t\t\t\t\t\t\t\t\t\t\t\t\t<input size=\"1\" type=\"email\" name=\"form_fields[email]\" id=\"form-field-email\" class=\"elementor-field elementor-size-sm  elementor-field-textual\" placeholder=\"Votre E-mail\" required=\"required\" aria-required=\"true\">\n\t\t\t\t\t\t\t\t\t\t\t<\/div>\n\t\t\t\t\t\t\t\t<div class=\"elementor-field-type-tel elementor-field-group elementor-column elementor-field-group-field_3d58a13 elementor-col-50 elementor-field-required\">\n\t\t\t\t\t\t\t\t\t\t\t\t<label for=\"form-field-field_3d58a13\" class=\"elementor-field-label\">\n\t\t\t\t\t\t\t\tT\u00e9l\u00e9phone\t\t\t\t\t\t\t<\/label>\n\t\t\t\t\t\t\t\t<input size=\"1\" type=\"tel\" name=\"form_fields[field_3d58a13]\" id=\"form-field-field_3d58a13\" class=\"elementor-field elementor-size-sm  elementor-field-textual\" placeholder=\"Votre t\u00e9l\u00e9phone\" required=\"required\" aria-required=\"true\" pattern=\"[0-9()#&amp;+*-=.]+\" title=\"Seuls les caract\u00e8res de num\u00e9ros de t\u00e9l\u00e9phone (#, -, *, etc.) sont accept\u00e9s.\">\n\n\t\t\t\t\t\t<\/div>\n\t\t\t\t\t\t\t\t<div class=\"elementor-field-type-radio elementor-field-group elementor-column elementor-field-group-group elementor-col-100\">\n\t\t\t\t\t\t\t\t\t\t\t\t<label for=\"form-field-group\" class=\"elementor-field-label\">\n\t\t\t\t\t\t\t\tQuelle branche du group voulez vous contacter  ?\t\t\t\t\t\t\t<\/label>\n\t\t\t\t\t\t<div class=\"elementor-field-subgroup  elementor-subgroup-inline\"><span class=\"elementor-field-option\"><input type=\"radio\" value=\"lab\" id=\"form-field-group-0\" name=\"form_fields[group]\"> <label for=\"form-field-group-0\">Oksa Lab<\/label><\/span><span class=\"elementor-field-option\"><input type=\"radio\" value=\"energie\" id=\"form-field-group-1\" name=\"form_fields[group]\"> <label for=\"form-field-group-1\">Oksa Energie<\/label><\/span><span class=\"elementor-field-option\"><input type=\"radio\" value=\"green\" id=\"form-field-group-2\" name=\"form_fields[group]\"> <label for=\"form-field-group-2\">Oksa Green Tech<\/label><\/span><\/div>\t\t\t\t<\/div>\n\t\t\t\t\t\t\t\t<div class=\"elementor-field-type-textarea elementor-field-group elementor-column elementor-field-group-field_c877291 elementor-col-100\">\n\t\t\t\t\t\t\t\t\t\t\t\t<label for=\"form-field-field_c877291\" class=\"elementor-field-label\">\n\t\t\t\t\t\t\t\tJe d\u00e9cris bri\u00e8vement mon projet \t\t\t\t\t\t\t<\/label>\n\t\t\t\t\t\t<textarea class=\"elementor-field-textual elementor-field  elementor-size-sm\" name=\"form_fields[field_c877291]\" id=\"form-field-field_c877291\" rows=\"4\" placeholder=\"Votre projet\"><\/textarea>\t\t\t\t<\/div>\n\t\t\t\t\t\t\t\t<div class=\"elementor-field-type-upload elementor-field-group elementor-column elementor-field-group-field_3ecb09e elementor-col-100\">\n\t\t\t\t\t\t\t\t\t\t\t\t<label for=\"form-field-field_3ecb09e\" class=\"elementor-field-label\">\n\t\t\t\t\t\t\t\tAjouter un fichier\t\t\t\t\t\t\t<\/label>\n\t\t\t\t\t\t\t\t<input type=\"file\" name=\"form_fields[field_3ecb09e][]\" id=\"form-field-field_3ecb09e\" class=\"elementor-field elementor-size-sm  elementor-upload-field\" multiple=\"multiple\" data-maxsize=\"2\" data-maxsize-message=\"Ce fichier d\u00e9passe la taille maximale autoris\u00e9e.\">\n\n\t\t\t\t\t\t<\/div>\n\t\t\t\t\t\t\t\t<div class=\"elementor-field-group elementor-column elementor-field-type-submit elementor-col-100 e-form__buttons\">\n\t\t\t\t\t<button class=\"elementor-button elementor-size-md elementor-animation-hang\" type=\"submit\">\n\t\t\t\t\t\t<span class=\"elementor-button-content-wrapper\">\n\t\t\t\t\t\t\t\t\t\t\t\t\t\t\t\t\t\t\t\t\t\t<span class=\"elementor-button-text\">Envoyer<\/span>\n\t\t\t\t\t\t\t\t\t\t\t\t\t<\/span>\n\t\t\t\t\t<\/button>\n\t\t\t\t<\/div>\n\t\t\t<\/div>\n\t\t<\/form>\n\t\t\t\t<\/div>\n\t\t\t\t<\/div>\n\t\t\t\t<\/div>\n\t\t\t\t\t<\/div>\n\t\t\t\t<\/div>\n\t\t\t\t<\/div>\n\t\t","protected":false},"excerpt":{"rendered":"<p>Nous appeler (+212) 537 26 47 74\/73 (+212) 537 26 47 69 Nous rendre visite Rue BANI TANZA 40D SOUISSI-YOOSSOOFIA 10020 RABAT MAROC Nous contacter contact@oksa.co<\/p>\n","protected":false},"author":1,"featured_media":0,"parent":0,"menu_order":0,"comment_status":"closed","ping_status":"closed","template":"elementor_header_footer","meta":{"footnotes":""},"class_list":["post-914","page","type-page","status-publish","hentry"],"yoast_head":"<!-- This site is optimized with the Yoast SEO plugin v23.6 - https:\/\/yoast.com\/wordpress\/plugins\/seo\/ -->\n<title>Contactez nous - Oksa<\/title>\n<meta name=\"robots\" content=\"index, follow, max-snippet:-1, max-image-preview:large, max-video-preview:-1\" \/>\n<link rel=\"canonical\" href=\"https:\/\/oksa.co\/?page_id=914\" \/>\n<meta property=\"og:locale\" content=\"fr_FR\" \/>\n<meta property=\"og:type\" content=\"article\" \/>\n<meta property=\"og:title\" content=\"Contactez nous - Oksa\" \/>\n<meta property=\"og:description\" content=\"Nous appeler (+212) 537 26 47 74\/73 (+212) 537 26 47 69 Nous rendre visite Rue BANI TANZA 40D SOUISSI-YOOSSOOFIA 10020 RABAT MAROC Nous contacter contact@oksa.co\" \/>\n<meta property=\"og:url\" content=\"https:\/\/oksa.co\/?page_id=914\" \/>\n<meta property=\"og:site_name\" content=\"Oksa\" \/>\n<meta property=\"article:modified_time\" content=\"2024-09-03T13:15:24+00:00\" \/>\n<meta property=\"og:image\" content=\"https:\/\/oksa.co\/wp-content\/uploads\/2024\/07\/logo-marron.webp\" \/>\n\t<meta property=\"og:image:width\" content=\"400\" \/>\n\t<meta property=\"og:image:height\" content=\"155\" \/>\n\t<meta property=\"og:image:type\" content=\"image\/webp\" \/>\n<meta name=\"twitter:card\" content=\"summary_large_image\" \/>\n<meta name=\"twitter:label1\" content=\"Dur\u00e9e de lecture estim\u00e9e\" \/>\n\t<meta name=\"twitter:data1\" content=\"1 minute\" \/>\n<script type=\"application\/ld+json\" class=\"yoast-schema-graph\">{\"@context\":\"https:\/\/schema.org\",\"@graph\":[{\"@type\":\"WebPage\",\"@id\":\"https:\/\/oksa.co\/?page_id=914\",\"url\":\"https:\/\/oksa.co\/?page_id=914\",\"name\":\"Contactez nous - Oksa\",\"isPartOf\":{\"@id\":\"https:\/\/oksa.co\/#website\"},\"datePublished\":\"2024-08-25T10:54:14+00:00\",\"dateModified\":\"2024-09-03T13:15:24+00:00\",\"breadcrumb\":{\"@id\":\"https:\/\/oksa.co\/?page_id=914#breadcrumb\"},\"inLanguage\":\"fr-FR\",\"potentialAction\":[{\"@type\":\"ReadAction\",\"target\":[\"https:\/\/oksa.co\/?page_id=914\"]}]},{\"@type\":\"BreadcrumbList\",\"@id\":\"https:\/\/oksa.co\/?page_id=914#breadcrumb\",\"itemListElement\":[{\"@type\":\"ListItem\",\"position\":1,\"name\":\"Accueil\",\"item\":\"https:\/\/oksa.co\/\"},{\"@type\":\"ListItem\",\"position\":2,\"name\":\"Contactez nous\"}]},{\"@type\":\"WebSite\",\"@id\":\"https:\/\/oksa.co\/#website\",\"url\":\"https:\/\/oksa.co\/\",\"name\":\"Oksa Group\",\"description\":\"\",\"publisher\":{\"@id\":\"https:\/\/oksa.co\/#organization\"},\"potentialAction\":[{\"@type\":\"SearchAction\",\"target\":{\"@type\":\"EntryPoint\",\"urlTemplate\":\"https:\/\/oksa.co\/?s={search_term_string}\"},\"query-input\":{\"@type\":\"PropertyValueSpecification\",\"valueRequired\":true,\"valueName\":\"search_term_string\"}}],\"inLanguage\":\"fr-FR\"},{\"@type\":\"Organization\",\"@id\":\"https:\/\/oksa.co\/#organization\",\"name\":\"Oksa Group\",\"url\":\"https:\/\/oksa.co\/\",\"logo\":{\"@type\":\"ImageObject\",\"inLanguage\":\"fr-FR\",\"@id\":\"https:\/\/oksa.co\/#\/schema\/logo\/image\/\",\"url\":\"https:\/\/oksa.co\/wp-content\/uploads\/2024\/07\/logo-marron.webp\",\"contentUrl\":\"https:\/\/oksa.co\/wp-content\/uploads\/2024\/07\/logo-marron.webp\",\"width\":400,\"height\":155,\"caption\":\"Oksa Group\"},\"image\":{\"@id\":\"https:\/\/oksa.co\/#\/schema\/logo\/image\/\"}}]}<\/script>\n<!-- \/ Yoast SEO plugin. -->","yoast_head_json":{"title":"Contactez nous - Oksa","robots":{"index":"index","follow":"follow","max-snippet":"max-snippet:-1","max-image-preview":"max-image-preview:large","max-video-preview":"max-video-preview:-1"},"canonical":"https:\/\/oksa.co\/?page_id=914","og_locale":"fr_FR","og_type":"article","og_title":"Contactez nous - Oksa","og_description":"Nous appeler (+212) 537 26 47 74\/73 (+212) 537 26 47 69 Nous rendre visite Rue BANI TANZA 40D SOUISSI-YOOSSOOFIA 10020 RABAT MAROC Nous contacter contact@oksa.co","og_url":"https:\/\/oksa.co\/?page_id=914","og_site_name":"Oksa","article_modified_time":"2024-09-03T13:15:24+00:00","og_image":[{"width":400,"height":155,"url":"https:\/\/oksa.co\/wp-content\/uploads\/2024\/07\/logo-marron.webp","type":"image\/webp"}],"twitter_card":"summary_large_image","twitter_misc":{"Dur\u00e9e de lecture estim\u00e9e":"1 minute"},"schema":{"@context":"https:\/\/schema.org","@graph":[{"@type":"WebPage","@id":"https:\/\/oksa.co\/?page_id=914","url":"https:\/\/oksa.co\/?page_id=914","name":"Contactez nous - Oksa","isPartOf":{"@id":"https:\/\/oksa.co\/#website"},"datePublished":"2024-08-25T10:54:14+00:00","dateModified":"2024-09-03T13:15:24+00:00","breadcrumb":{"@id":"https:\/\/oksa.co\/?page_id=914#breadcrumb"},"inLanguage":"fr-FR","potentialAction":[{"@type":"ReadAction","target":["https:\/\/oksa.co\/?page_id=914"]}]},{"@type":"BreadcrumbList","@id":"https:\/\/oksa.co\/?page_id=914#breadcrumb","itemListElement":[{"@type":"ListItem","position":1,"name":"Accueil","item":"https:\/\/oksa.co\/"},{"@type":"ListItem","position":2,"name":"Contactez nous"}]},{"@type":"WebSite","@id":"https:\/\/oksa.co\/#website","url":"https:\/\/oksa.co\/","name":"Oksa Group","description":"","publisher":{"@id":"https:\/\/oksa.co\/#organization"},"potentialAction":[{"@type":"SearchAction","target":{"@type":"EntryPoint","urlTemplate":"https:\/\/oksa.co\/?s={search_term_string}"},"query-input":{"@type":"PropertyValueSpecification","valueRequired":true,"valueName":"search_term_string"}}],"inLanguage":"fr-FR"},{"@type":"Organization","@id":"https:\/\/oksa.co\/#organization","name":"Oksa Group","url":"https:\/\/oksa.co\/","logo":{"@type":"ImageObject","inLanguage":"fr-FR","@id":"https:\/\/oksa.co\/#\/schema\/logo\/image\/","url":"https:\/\/oksa.co\/wp-content\/uploads\/2024\/07\/logo-marron.webp","contentUrl":"https:\/\/oksa.co\/wp-content\/uploads\/2024\/07\/logo-marron.webp","width":400,"height":155,"caption":"Oksa Group"},"image":{"@id":"https:\/\/oksa.co\/#\/schema\/logo\/image\/"}}]}},"_links":{"self":[{"href":"https:\/\/oksa.co\/index.php?rest_route=\/wp\/v2\/pages\/914","targetHints":{"allow":["GET"]}}],"collection":[{"href":"https:\/\/oksa.co\/index.php?rest_route=\/wp\/v2\/pages"}],"about":[{"href":"https:\/\/oksa.co\/index.php?rest_route=\/wp\/v2\/types\/page"}],"author":[{"embeddable":true,"href":"https:\/\/oksa.co\/index.php?rest_route=\/wp\/v2\/users\/1"}],"replies":[{"embeddable":true,"href":"https:\/\/oksa.co\/index.php?rest_route=%2Fwp%2Fv2%2Fcomments&post=914"}],"version-history":[{"count":56,"href":"https:\/\/oksa.co\/index.php?rest_route=\/wp\/v2\/pages\/914\/revisions"}],"predecessor-version":[{"id":1056,"href":"https:\/\/oksa.co\/index.php?rest_route=\/wp\/v2\/pages\/914\/revisions\/1056"}],"wp:attachment":[{"href":"https:\/\/oksa.co\/index.php?rest_route=%2Fwp%2Fv2%2Fmedia&parent=914"}],"curies":[{"name":"wp","href":"https:\/\/api.w.org\/{rel}","templated":true}]}}