{"id":948,"date":"2024-08-25T17:27:40","date_gmt":"2024-08-25T17:27:40","guid":{"rendered":"https:\/\/oksa.cogitoweb.net\/?page_id=948"},"modified":"2024-09-03T13:14:53","modified_gmt":"2024-09-03T13:14:53","slug":"entreprise-oksa","status":"publish","type":"page","link":"https:\/\/oksa.co\/?page_id=948","title":{"rendered":"L\u2019Entreprise OKSA"},"content":{"rendered":"\t\t<div data-elementor-type=\"wp-page\" data-elementor-id=\"948\" class=\"elementor elementor-948\" data-elementor-post-type=\"page\">\n\t\t\t\t<div class=\"elementor-element elementor-element-58e1412 e-con-full e-flex e-con e-parent\" data-id=\"58e1412\" data-element_type=\"container\">\n\t\t\t\t<div class=\"elementor-element elementor-element-e29f009 elementor-widget elementor-widget-template\" data-id=\"e29f009\" data-element_type=\"widget\" data-widget_type=\"template.default\">\n\t\t\t\t<div class=\"elementor-widget-container\">\n\t\t\t\t\t<div class=\"elementor-template\">\n\t\t\t\t\t<div data-elementor-type=\"page\" data-elementor-id=\"692\" class=\"elementor elementor-692\" data-elementor-post-type=\"elementor_library\">\n\t\t\t\t<div class=\"elementor-element elementor-element-2e020e63 e-con-full e-flex e-con e-parent\" data-id=\"2e020e63\" data-element_type=\"container\" data-settings=\"{&quot;shape_divider_bottom&quot;:&quot;curve&quot;,&quot;shape_divider_bottom_negative&quot;:&quot;yes&quot;}\">\n\t\t\t\t<div class=\"elementor-shape elementor-shape-bottom\" data-negative=\"true\">\n\t\t\t<svg xmlns=\"http:\/\/www.w3.org\/2000\/svg\" viewBox=\"0 0 1000 100\" preserveAspectRatio=\"none\">\n\t<path class=\"elementor-shape-fill\" d=\"M500,97C126.7,96.3,0.8,19.8,0,0v100l1000,0V1C1000,19.4,873.3,97.8,500,97z\"\/>\n<\/svg>\t\t<\/div>\n\t\t<div class=\"elementor-element elementor-element-699b2a4f e-con-full e-flex e-con e-child\" data-id=\"699b2a4f\" data-element_type=\"container\" data-settings=\"{&quot;background_background&quot;:&quot;classic&quot;}\">\n\t\t\t\t<\/div>\n\t\t<div class=\"elementor-element elementor-element-6369e56f e-con-full elementor-hidden-mobile e-flex e-con e-child\" data-id=\"6369e56f\" data-element_type=\"container\" data-settings=\"{&quot;background_background&quot;:&quot;classic&quot;}\">\n\t\t\t\t<\/div>\n\t\t<div class=\"elementor-element elementor-element-1aaaa2c0 e-con-full elementor-hidden-mobile e-flex e-con e-child\" data-id=\"1aaaa2c0\" data-element_type=\"container\" data-settings=\"{&quot;background_background&quot;:&quot;classic&quot;}\">\n\t\t\t\t<\/div>\n\t\t\t\t<\/div>\n\t\t<div class=\"elementor-element elementor-element-61aa4d3e e-flex e-con-boxed e-con e-parent\" data-id=\"61aa4d3e\" data-element_type=\"container\">\n\t\t\t\t\t<div class=\"e-con-inner\">\n\t\t\t\t<div class=\"elementor-element elementor-element-5c521f4d elementor-widget elementor-widget-breadcrumbs\" data-id=\"5c521f4d\" data-element_type=\"widget\" data-widget_type=\"breadcrumbs.default\">\n\t\t\t\t<div class=\"elementor-widget-container\">\n\t\t\t<span id=\"breadcrumbs\"><span><span><a href=\"https:\/\/oksa.co\/\">Accueil<\/a><\/span><\/span><\/span>\t\t<\/div>\n\t\t\t\t<\/div>\n\t\t\t\t\t<\/div>\n\t\t\t\t<\/div>\n\t\t<div class=\"elementor-element elementor-element-58dd83a8 e-flex e-con-boxed e-con e-parent\" data-id=\"58dd83a8\" data-element_type=\"container\">\n\t\t\t\t\t<div class=\"e-con-inner\">\n\t\t\t\t<div class=\"elementor-element elementor-element-617d21c5 custom-h2 elementor-widget elementor-widget-heading\" data-id=\"617d21c5\" data-element_type=\"widget\" data-widget_type=\"heading.default\">\n\t\t\t\t<div class=\"elementor-widget-container\">\n\t\t\t<h1 class=\"elementor-heading-title elementor-size-default\">L\u2019Entreprise OKSA<\/h1>\t\t<\/div>\n\t\t\t\t<\/div>\n\t\t\t\t\t<\/div>\n\t\t\t\t<\/div>\n\t\t\t\t<\/div>\n\t\t\t\t<\/div>\n\t\t\t\t<\/div>\n\t\t\t\t<\/div>\n\t\t\t\t<\/div>\n\t\t<div class=\"elementor-element elementor-element-1826343 e-flex e-con-boxed e-con e-parent\" data-id=\"1826343\" data-element_type=\"container\">\n\t\t\t\t\t<div class=\"e-con-inner\">\n\t\t\t\t<div class=\"elementor-element elementor-element-899e935 elementor-widget elementor-widget-image\" data-id=\"899e935\" data-element_type=\"widget\" data-widget_type=\"image.default\">\n\t\t\t\t<div class=\"elementor-widget-container\">\n\t\t\t\t\t\t\t\t\t\t\t\t\t<img fetchpriority=\"high\" decoding=\"async\" width=\"800\" height=\"144\" src=\"https:\/\/oksa.co\/wp-content\/uploads\/2024\/09\/TIM1.webp\" class=\"attachment-large size-large wp-image-1002\" alt=\"\" srcset=\"https:\/\/oksa.co\/wp-content\/uploads\/2024\/09\/TIM1.webp 940w, https:\/\/oksa.co\/wp-content\/uploads\/2024\/09\/TIM1-300x54.webp 300w, https:\/\/oksa.co\/wp-content\/uploads\/2024\/09\/TIM1-768x138.webp 768w\" sizes=\"(max-width: 800px) 100vw, 800px\" \/>\t\t\t\t\t\t\t\t\t\t\t\t\t<\/div>\n\t\t\t\t<\/div>\n\t\t\t\t\t<\/div>\n\t\t\t\t<\/div>\n\t\t<div class=\"elementor-element elementor-element-14c8621 e-flex e-con-boxed e-con e-parent\" data-id=\"14c8621\" data-element_type=\"container\">\n\t\t\t\t\t<div class=\"e-con-inner\">\n\t\t\t\t<div class=\"elementor-element elementor-element-279dee1 elementor-widget elementor-widget-text-editor\" data-id=\"279dee1\" data-element_type=\"widget\" data-widget_type=\"text-editor.default\">\n\t\t\t\t<div class=\"elementor-widget-container\">\n\t\t\t\t\t\t\t<p><strong>OKSA Group<\/strong> est le fournisseur leader des solutions visant l\u2019efficacit\u00e9 \u00e9nerg\u00e9tique pour les secteurs d\u2019utilities et les collectivit\u00e9s locales sur la r\u00e9gion Afrique et Moyen-Orient. Ses solutions \u00e0 long terme font intervenir des syst\u00e8mes et des technologies de pointe ainsi que des strat\u00e9gies novatrices, r\u00e9sultat d\u2019une longue expertise de haut niveau en ing\u00e9nierie \u00e9lectrique industrielle.<\/p><p>Nos offres de services sont con\u00e7ues dans l\u2019objectif de r\u00e9duire \u00e0 la fois les co\u00fbts de l\u2019\u00e9nergie et du fonctionnement, accro\u00eetre la productivit\u00e9 et moderniser les installations de nos clients Industriels et distributeurs d\u2019Energie Electrique.<\/p><p>D\u00e8s sa cr\u00e9ation en 1999, OKSA a d\u00e9velopp\u00e9 plusieurs proc\u00e9d\u00e9s de maintenance et des m\u00e9thodes modernes d\u2019optimisation des performances des r\u00e9seaux \u00e9lectriques moyenne et basse tension.<\/p><h2 data-pm-slice=\"1 1 []\">OKSA Group : Pionnier de l&rsquo;Innovation et de la Durabilit\u00e9<\/h2><p><strong>OKSA Group<\/strong> est un leader dans le domaine de l&rsquo;innovation technologique et des solutions durables, regroupant trois filiales sp\u00e9cialis\u00e9es dans des secteurs cl\u00e9s pour l&rsquo;avenir. Chaque entit\u00e9 du groupe s&rsquo;engage \u00e0 offrir des solutions de pointe, associant performance, fiabilit\u00e9, et respect de l&rsquo;environnement.<\/p><p><strong>OKSA Lab<\/strong> est le partenaire d&rsquo;excellence pour les entreprises cherchant \u00e0 optimiser leurs performances gr\u00e2ce \u00e0 des analyses techniques pr\u00e9cises et innovantes. Ce laboratoire de recherche et d\u00e9veloppement se distingue par son expertise dans l&rsquo;\u00e9valuation et l&rsquo;am\u00e9lioration des mat\u00e9riaux et des technologies. Gr\u00e2ce \u00e0 des m\u00e9thodologies avanc\u00e9es et des \u00e9quipements de pointe, OKSA Lab garantit des r\u00e9sultats fiables et optimaux pour ses clients, renfor\u00e7ant ainsi leur comp\u00e9titivit\u00e9 sur le march\u00e9.<\/p><p><strong>OKSA \u00c9nergie<\/strong> se consacre \u00e0 l&rsquo;\u00e9nergie durable, en proposant des solutions vertes innovantes qui permettent aux clients de maximiser leur ind\u00e9pendance \u00e9nerg\u00e9tique tout en r\u00e9alisant des \u00e9conomies substantielles. Qu&rsquo;il s&rsquo;agisse de syst\u00e8mes solaires, d&rsquo;installations de stockage d&rsquo;\u00e9nergie ou d&rsquo;autres technologies \u00e9cologiques, OKSA \u00c9nergie aide \u00e0 r\u00e9duire l&#8217;empreinte carbone tout en offrant une rentabilit\u00e9 \u00e0 long terme. L&rsquo;accent est mis sur des technologies qui respectent l&rsquo;environnement, contribuant ainsi \u00e0 un avenir plus vert pour tous.<\/p><p><strong>Oksa Greentech<\/strong> transforme le secteur de la biotechnologie et de l&rsquo;eau avec des innovations r\u00e9volutionnaires. En valorisant des mol\u00e9cules telles que le CBD et en explorant le potentiel des algues, cette filiale repousse les fronti\u00e8res de la science pour offrir des solutions aux d\u00e9fis contemporains. De plus, Oksa Greentech r\u00e9volutionne l&rsquo;acc\u00e8s \u00e0 l&rsquo;eau potable avec des technologies de g\u00e9n\u00e9ration d&rsquo;eau atmosph\u00e9rique, r\u00e9pondant ainsi \u00e0 un besoin crucial dans de nombreuses r\u00e9gions du monde.<\/p>\t\t\t\t\t\t<\/div>\n\t\t\t\t<\/div>\n\t\t\t\t\t<\/div>\n\t\t\t\t<\/div>\n\t\t\t\t<\/div>\n\t\t","protected":false},"excerpt":{"rendered":"<p>OKSA Group est le fournisseur leader des solutions visant l\u2019efficacit\u00e9 \u00e9nerg\u00e9tique pour les secteurs d\u2019utilities et les collectivit\u00e9s locales sur la r\u00e9gion Afrique et Moyen-Orient. Ses solutions \u00e0 long terme font intervenir des syst\u00e8mes et des technologies de pointe ainsi que des strat\u00e9gies novatrices, r\u00e9sultat d\u2019une longue expertise de haut niveau en ing\u00e9nierie \u00e9lectrique industrielle. [&hellip;]<\/p>\n","protected":false},"author":1,"featured_media":0,"parent":0,"menu_order":0,"comment_status":"closed","ping_status":"closed","template":"elementor_header_footer","meta":{"footnotes":""},"class_list":["post-948","page","type-page","status-publish","hentry"],"yoast_head":"<!-- This site is optimized with the Yoast SEO plugin v23.6 - https:\/\/yoast.com\/wordpress\/plugins\/seo\/ -->\n<title>L\u2019Entreprise OKSA - Oksa<\/title>\n<meta name=\"robots\" content=\"index, follow, max-snippet:-1, max-image-preview:large, max-video-preview:-1\" \/>\n<link rel=\"canonical\" href=\"https:\/\/oksa.co\/?page_id=948\" \/>\n<meta property=\"og:locale\" content=\"fr_FR\" \/>\n<meta property=\"og:type\" content=\"article\" \/>\n<meta property=\"og:title\" content=\"L\u2019Entreprise OKSA - Oksa\" \/>\n<meta property=\"og:description\" content=\"OKSA Group est le fournisseur leader des solutions visant l\u2019efficacit\u00e9 \u00e9nerg\u00e9tique pour les secteurs d\u2019utilities et les collectivit\u00e9s locales sur la r\u00e9gion Afrique et Moyen-Orient. Ses solutions \u00e0 long terme font intervenir des syst\u00e8mes et des technologies de pointe ainsi que des strat\u00e9gies novatrices, r\u00e9sultat d\u2019une longue expertise de haut niveau en ing\u00e9nierie \u00e9lectrique industrielle. [&hellip;]\" \/>\n<meta property=\"og:url\" content=\"https:\/\/oksa.co\/?page_id=948\" \/>\n<meta property=\"og:site_name\" content=\"Oksa\" \/>\n<meta property=\"article:modified_time\" content=\"2024-09-03T13:14:53+00:00\" \/>\n<meta property=\"og:image\" content=\"https:\/\/oksa.co\/wp-content\/uploads\/2024\/09\/TIM1.webp\" \/>\n<meta name=\"twitter:card\" content=\"summary_large_image\" \/>\n<meta name=\"twitter:label1\" content=\"Dur\u00e9e de lecture estim\u00e9e\" \/>\n\t<meta name=\"twitter:data1\" content=\"1 minute\" \/>\n<script type=\"application\/ld+json\" class=\"yoast-schema-graph\">{\"@context\":\"https:\/\/schema.org\",\"@graph\":[{\"@type\":\"WebPage\",\"@id\":\"https:\/\/oksa.co\/?page_id=948\",\"url\":\"https:\/\/oksa.co\/?page_id=948\",\"name\":\"L\u2019Entreprise OKSA - Oksa\",\"isPartOf\":{\"@id\":\"https:\/\/oksa.co\/#website\"},\"primaryImageOfPage\":{\"@id\":\"https:\/\/oksa.co\/?page_id=948#primaryimage\"},\"image\":{\"@id\":\"https:\/\/oksa.co\/?page_id=948#primaryimage\"},\"thumbnailUrl\":\"https:\/\/oksa.co\/wp-content\/uploads\/2024\/09\/TIM1.webp\",\"datePublished\":\"2024-08-25T17:27:40+00:00\",\"dateModified\":\"2024-09-03T13:14:53+00:00\",\"breadcrumb\":{\"@id\":\"https:\/\/oksa.co\/?page_id=948#breadcrumb\"},\"inLanguage\":\"fr-FR\",\"potentialAction\":[{\"@type\":\"ReadAction\",\"target\":[\"https:\/\/oksa.co\/?page_id=948\"]}]},{\"@type\":\"ImageObject\",\"inLanguage\":\"fr-FR\",\"@id\":\"https:\/\/oksa.co\/?page_id=948#primaryimage\",\"url\":\"https:\/\/oksa.co\/wp-content\/uploads\/2024\/09\/TIM1.webp\",\"contentUrl\":\"https:\/\/oksa.co\/wp-content\/uploads\/2024\/09\/TIM1.webp\",\"width\":940,\"height\":169},{\"@type\":\"BreadcrumbList\",\"@id\":\"https:\/\/oksa.co\/?page_id=948#breadcrumb\",\"itemListElement\":[{\"@type\":\"ListItem\",\"position\":1,\"name\":\"Accueil\",\"item\":\"https:\/\/oksa.co\/\"},{\"@type\":\"ListItem\",\"position\":2,\"name\":\"L\u2019Entreprise OKSA\"}]},{\"@type\":\"WebSite\",\"@id\":\"https:\/\/oksa.co\/#website\",\"url\":\"https:\/\/oksa.co\/\",\"name\":\"Oksa Group\",\"description\":\"\",\"publisher\":{\"@id\":\"https:\/\/oksa.co\/#organization\"},\"potentialAction\":[{\"@type\":\"SearchAction\",\"target\":{\"@type\":\"EntryPoint\",\"urlTemplate\":\"https:\/\/oksa.co\/?s={search_term_string}\"},\"query-input\":{\"@type\":\"PropertyValueSpecification\",\"valueRequired\":true,\"valueName\":\"search_term_string\"}}],\"inLanguage\":\"fr-FR\"},{\"@type\":\"Organization\",\"@id\":\"https:\/\/oksa.co\/#organization\",\"name\":\"Oksa Group\",\"url\":\"https:\/\/oksa.co\/\",\"logo\":{\"@type\":\"ImageObject\",\"inLanguage\":\"fr-FR\",\"@id\":\"https:\/\/oksa.co\/#\/schema\/logo\/image\/\",\"url\":\"https:\/\/oksa.co\/wp-content\/uploads\/2024\/07\/logo-marron.webp\",\"contentUrl\":\"https:\/\/oksa.co\/wp-content\/uploads\/2024\/07\/logo-marron.webp\",\"width\":400,\"height\":155,\"caption\":\"Oksa Group\"},\"image\":{\"@id\":\"https:\/\/oksa.co\/#\/schema\/logo\/image\/\"}}]}<\/script>\n<!-- \/ Yoast SEO plugin. -->","yoast_head_json":{"title":"L\u2019Entreprise OKSA - Oksa","robots":{"index":"index","follow":"follow","max-snippet":"max-snippet:-1","max-image-preview":"max-image-preview:large","max-video-preview":"max-video-preview:-1"},"canonical":"https:\/\/oksa.co\/?page_id=948","og_locale":"fr_FR","og_type":"article","og_title":"L\u2019Entreprise OKSA - Oksa","og_description":"OKSA Group est le fournisseur leader des solutions visant l\u2019efficacit\u00e9 \u00e9nerg\u00e9tique pour les secteurs d\u2019utilities et les collectivit\u00e9s locales sur la r\u00e9gion Afrique et Moyen-Orient. Ses solutions \u00e0 long terme font intervenir des syst\u00e8mes et des technologies de pointe ainsi que des strat\u00e9gies novatrices, r\u00e9sultat d\u2019une longue expertise de haut niveau en ing\u00e9nierie \u00e9lectrique industrielle. [&hellip;]","og_url":"https:\/\/oksa.co\/?page_id=948","og_site_name":"Oksa","article_modified_time":"2024-09-03T13:14:53+00:00","og_image":[{"url":"https:\/\/oksa.co\/wp-content\/uploads\/2024\/09\/TIM1.webp"}],"twitter_card":"summary_large_image","twitter_misc":{"Dur\u00e9e de lecture estim\u00e9e":"1 minute"},"schema":{"@context":"https:\/\/schema.org","@graph":[{"@type":"WebPage","@id":"https:\/\/oksa.co\/?page_id=948","url":"https:\/\/oksa.co\/?page_id=948","name":"L\u2019Entreprise OKSA - Oksa","isPartOf":{"@id":"https:\/\/oksa.co\/#website"},"primaryImageOfPage":{"@id":"https:\/\/oksa.co\/?page_id=948#primaryimage"},"image":{"@id":"https:\/\/oksa.co\/?page_id=948#primaryimage"},"thumbnailUrl":"https:\/\/oksa.co\/wp-content\/uploads\/2024\/09\/TIM1.webp","datePublished":"2024-08-25T17:27:40+00:00","dateModified":"2024-09-03T13:14:53+00:00","breadcrumb":{"@id":"https:\/\/oksa.co\/?page_id=948#breadcrumb"},"inLanguage":"fr-FR","potentialAction":[{"@type":"ReadAction","target":["https:\/\/oksa.co\/?page_id=948"]}]},{"@type":"ImageObject","inLanguage":"fr-FR","@id":"https:\/\/oksa.co\/?page_id=948#primaryimage","url":"https:\/\/oksa.co\/wp-content\/uploads\/2024\/09\/TIM1.webp","contentUrl":"https:\/\/oksa.co\/wp-content\/uploads\/2024\/09\/TIM1.webp","width":940,"height":169},{"@type":"BreadcrumbList","@id":"https:\/\/oksa.co\/?page_id=948#breadcrumb","itemListElement":[{"@type":"ListItem","position":1,"name":"Accueil","item":"https:\/\/oksa.co\/"},{"@type":"ListItem","position":2,"name":"L\u2019Entreprise OKSA"}]},{"@type":"WebSite","@id":"https:\/\/oksa.co\/#website","url":"https:\/\/oksa.co\/","name":"Oksa Group","description":"","publisher":{"@id":"https:\/\/oksa.co\/#organization"},"potentialAction":[{"@type":"SearchAction","target":{"@type":"EntryPoint","urlTemplate":"https:\/\/oksa.co\/?s={search_term_string}"},"query-input":{"@type":"PropertyValueSpecification","valueRequired":true,"valueName":"search_term_string"}}],"inLanguage":"fr-FR"},{"@type":"Organization","@id":"https:\/\/oksa.co\/#organization","name":"Oksa Group","url":"https:\/\/oksa.co\/","logo":{"@type":"ImageObject","inLanguage":"fr-FR","@id":"https:\/\/oksa.co\/#\/schema\/logo\/image\/","url":"https:\/\/oksa.co\/wp-content\/uploads\/2024\/07\/logo-marron.webp","contentUrl":"https:\/\/oksa.co\/wp-content\/uploads\/2024\/07\/logo-marron.webp","width":400,"height":155,"caption":"Oksa Group"},"image":{"@id":"https:\/\/oksa.co\/#\/schema\/logo\/image\/"}}]}},"_links":{"self":[{"href":"https:\/\/oksa.co\/index.php?rest_route=\/wp\/v2\/pages\/948","targetHints":{"allow":["GET"]}}],"collection":[{"href":"https:\/\/oksa.co\/index.php?rest_route=\/wp\/v2\/pages"}],"about":[{"href":"https:\/\/oksa.co\/index.php?rest_route=\/wp\/v2\/types\/page"}],"author":[{"embeddable":true,"href":"https:\/\/oksa.co\/index.php?rest_route=\/wp\/v2\/users\/1"}],"replies":[{"embeddable":true,"href":"https:\/\/oksa.co\/index.php?rest_route=%2Fwp%2Fv2%2Fcomments&post=948"}],"version-history":[{"count":16,"href":"https:\/\/oksa.co\/index.php?rest_route=\/wp\/v2\/pages\/948\/revisions"}],"predecessor-version":[{"id":1053,"href":"https:\/\/oksa.co\/index.php?rest_route=\/wp\/v2\/pages\/948\/revisions\/1053"}],"wp:attachment":[{"href":"https:\/\/oksa.co\/index.php?rest_route=%2Fwp%2Fv2%2Fmedia&parent=948"}],"curies":[{"name":"wp","href":"https:\/\/api.w.org\/{rel}","templated":true}]}}